{"id":3084,"date":"2022-08-20T18:52:19","date_gmt":"2022-08-20T18:52:19","guid":{"rendered":"https:\/\/democontent.codex-themes.com\/sites-elementor-v5\/shop-bakery\/?page_id=19"},"modified":"2025-12-19T15:27:06","modified_gmt":"2025-12-19T14:27:06","slug":"louis-dubois-accueil","status":"publish","type":"page","link":"https:\/\/louis-dubois.com\/?page_id=3084","title":{"rendered":"A propos de Louis Dubois"},"content":{"rendered":"\t\t<div data-elementor-type=\"wp-page\" data-elementor-id=\"3084\" class=\"elementor elementor-3084\">\n\t\t\t\t<div class=\"elementor-element elementor-element-e38597c thegem-e-con-layout-thegem e-flex e-con-boxed e-con e-parent\" data-id=\"e38597c\" data-element_type=\"container\" data-settings=\"{&quot;background_background&quot;:&quot;classic&quot;,&quot;thegem_container_layout&quot;:&quot;thegem&quot;}\">\r\n\t\t\t\t\t<div class=\"e-con-inner\">\r\n\t\t<div class=\"elementor-element elementor-element-5556bb6 e-con-full thegem-e-con-layout-thegem e-flex e-con e-child\" data-id=\"5556bb6\" data-element_type=\"container\" data-settings=\"{&quot;thegem_container_layout&quot;:&quot;thegem&quot;}\">\r\n\t\t\t\t<div class=\"elementor-element elementor-element-06c4a79 flex-horizontal-align-default flex-horizontal-align-tablet-default flex-horizontal-align-mobile-default flex-vertical-align-default flex-vertical-align-tablet-default flex-vertical-align-mobile-default elementor-widget elementor-widget-thegem-styledimage\" data-id=\"06c4a79\" data-element_type=\"widget\" data-settings=\"{&quot;image&quot;:{&quot;url&quot;:&quot;https:\\\/\\\/louis-dubois.com\\\/wp-content\\\/uploads\\\/2025\\\/11\\\/Louis-Dubois.png&quot;,&quot;id&quot;:3716,&quot;size&quot;:&quot;&quot;,&quot;alt&quot;:&quot;&quot;,&quot;source&quot;:&quot;library&quot;},&quot;thegem_elementor_preset&quot;:&quot;default&quot;,&quot;image_position&quot;:&quot;left&quot;}\" data-widget_type=\"thegem-styledimage.default\">\n\t\t\t\t<div class=\"elementor-widget-container\">\n\t\t\t\t\t\n<div class=\"styled-image-wrapper\">\n\t\t\t<div class=\"gem-image gem-wrapbox gem-wrapbox-default gem-wrapbox-position-left lazy-loading \">\n\t\t\t<div class=\"gem-wrapbox-inner  lazy-loading-item\"  data-ll-effect=\"move-up\">\n\t\t\t\t\t\t\t\t\t<img class=\"gem-wrapbox-element img-responsive \"\n\t\t\t\t\t\t src=\"https:\/\/louis-dubois.com\/wp-content\/uploads\/2025\/11\/Louis-Dubois.png\"\n\t\t\t\t\t\t alt=\"Louis-Dubois\">\n\t\t\t\t\t\t\t\t<\/div>\n\t\t<\/div>\n\t\t<\/div>\n\n\n\t\n\t\t\t\t\t\t<\/div>\n\t\t\t\t<\/div>\n\t\t\t\t<\/div>\n\t\t<div class=\"elementor-element elementor-element-cab564f e-con-full thegem-e-con-layout-thegem e-flex e-con e-child\" data-id=\"cab564f\" data-element_type=\"container\" data-settings=\"{&quot;thegem_container_layout&quot;:&quot;thegem&quot;}\">\r\n\t\t\t\t<div class=\"elementor-element elementor-element-8742092 flex-horizontal-align-default flex-horizontal-align-tablet-default flex-horizontal-align-mobile-default flex-vertical-align-default flex-vertical-align-tablet-default flex-vertical-align-mobile-default elementor-widget elementor-widget-thegem-styled-textbox\" data-id=\"8742092\" data-element_type=\"widget\" data-settings=\"{&quot;thegem_elementor_preset&quot;:&quot;basic&quot;}\" data-widget_type=\"thegem-styled-textbox.default\">\n\t\t\t\t<div class=\"elementor-widget-container\">\n\t\t\t\t\t\n<div class=\"gem-textbox styled-textbox-basic\">\n\n\t\n\t\t<div class=\"gem-textbox-top gem-textbox-top-none default-fill\">\n\t\t\t\t\t<\/div>\n\t\n\t<div class=\"gem-textbox-inner\">\n\n\t\t<div class=\"gem-textbox-content default-background\">\n\n\t\t\t\n\t\t\t<div class=\"gem-texbox-text-wrapper\">\n\n\t\t\t\t\t\t\t\t\t\n\t\t\t\t\t\t<h4 class=\"gem-textbox-title title-h4 bold\">\n\t\t\t\t\t\t\tChef Louis Dubois - Glacier artisanal d\u2019exception &amp; ancien p\u00e2tissier du Ritz Paris<br><br>Ma\u00eetre Restaurateur<br>Disciples Escoffiers<br>Grand Cordon d'Or de Monaco\t\t\t\t\t\t<\/h4>\n\n\t\t\t\t\t\n\t\t\t\t\t\n\t\t\t\t\t\t<div class=\"gem-textbox-description gem-text-output\">\n\t\t\t\t\t\t\t<p class=\"p1\" style=\"text-align: left\">&nbsp;<\/p><p class=\"p2\" style=\"text-align: left\"><b><i>Glaces naturelles haut de gamme, sorbets premium &amp; p\u00e2tisseries gastronomiques pour tous les professionnels exigeants<\/i><\/b><\/p><p class=\"p2\" style=\"text-align: left\">Le chef glacier Louis Dubois, ancien p\u00e2tissier du Ritz Paris, pass\u00e9 par Fauchon et par les cuisines de Pierre Gagnaire au Sketch \u00e0 Londres, est aujourd\u2019hui une r\u00e9f\u00e9rence dans la glace artisanale gastronomique.<br>Il propose des glaces et sorbets 100 % naturels, destin\u00e9s aux restaurants, brasseries, h\u00f4tels, et plus largement \u00e0 tous les professionnels qui souhaitent offrir une exp\u00e9rience dessert de tr\u00e8s haute qualit\u00e9.<b><i><\/i><\/b><\/p>\t\t\t\t\t\t<\/div>\n\n\t\t\t\t\t\n\t\t\t\t\n\t\t\t\t\n\t\t\t<\/div>\n\n\t\t<\/div>\n\n\t<\/div>\n\n\t\n\t\t<div class=\"gem-textbox-bottom gem-textbox-bottom-none default-fill\">\n\t\t\t\t<\/div>\n\t\n\t\n<\/div>\n\t\t\t\t<\/div>\n\t\t\t\t<\/div>\n\t\t\t\t<\/div>\n\t\t<div class=\"elementor-element elementor-element-cafdc0a e-con-full thegem-e-con-layout-thegem e-flex e-con e-child\" data-id=\"cafdc0a\" data-element_type=\"container\" data-settings=\"{&quot;thegem_container_layout&quot;:&quot;thegem&quot;}\">\r\n\t\t\t\t<div class=\"elementor-element elementor-element-69702d1 flex-horizontal-align-default flex-horizontal-align-tablet-default flex-horizontal-align-mobile-default flex-vertical-align-default flex-vertical-align-tablet-default flex-vertical-align-mobile-default elementor-widget elementor-widget-thegem-styled-textbox\" data-id=\"69702d1\" data-element_type=\"widget\" data-settings=\"{&quot;thegem_elementor_preset&quot;:&quot;basic&quot;}\" data-widget_type=\"thegem-styled-textbox.default\">\n\t\t\t\t<div class=\"elementor-widget-container\">\n\t\t\t\t\t\n<div class=\"gem-textbox styled-textbox-basic\">\n\n\t\n\t\t<div class=\"gem-textbox-top gem-textbox-top-none default-fill\">\n\t\t\t\t\t<\/div>\n\t\n\t<div class=\"gem-textbox-inner\">\n\n\t\t<div class=\"gem-textbox-content default-background\">\n\n\t\t\t\n\t\t\t<div class=\"gem-texbox-text-wrapper\">\n\n\t\t\t\t\t\t\t\t\t\n\t\t\t\t\t\n\t\t\t\t\t\t<div class=\"gem-textbox-description gem-text-output\">\n\t\t\t\t\t\t\t<p class=\"p2\" style=\"text-align: left\">&nbsp;<\/p><p class=\"p2\" style=\"text-align: left\">Et parce qu\u2019il croit profond\u00e9ment que l\u2019excellence doit \u00eatre accessible \u00e0 ceux qui la respectent, ses cr\u00e9ations s\u2019adressent aussi aux petits restaurateurs, aux bistrots de caract\u00e8re, aux tables ind\u00e9pendantes qui accordent une attention particuli\u00e8re \u00e0 soigner leur carte et \u00e0 offrir le meilleur \u00e0 leurs clients.<\/p><p class=\"p2\" style=\"text-align: left\"><b>Glaces et sorbets artisanaux : le go\u00fbt vrai, sans compromis<\/b><\/p><p class=\"p2\" style=\"text-align: left\">Toutes les cr\u00e9ations du chef sont \u00e9labor\u00e9es selon une philosophie stricte :<\/p><ul class=\"ul1\" style=\"text-align: left\"><li class=\"li2\"><b>sans colorant<\/b>,<\/li><li class=\"li2\"><b>sans ar\u00f4me artificiel<\/b>,<\/li><li class=\"li2\"><b>sans base industrielle<\/b>,<\/li><li class=\"li2\">uniquement avec des <b>ingr\u00e9dients bruts et naturels<\/b>, sourc\u00e9s avec exigence.<\/li><\/ul><p class=\"p2\" style=\"text-align: left\">Cette approche garantit un go\u00fbt pur, fid\u00e8le au fruit, \u00e0 l\u2019\u00e9pice ou au terroir d\u2019origine, une v\u00e9ritable glacerie gastronomique naturelle.<\/p><p class=\"p2\" style=\"text-align: left\"><b>Une expertise issue des plus grandes maisons fran\u00e7aises<\/b><\/p><p class=\"p2\" style=\"text-align: left\">Gr\u00e2ce \u00e0 un parcours prestigieux au <b>Ritz Paris<\/b>, chez <b>Fauchon<\/b>, avec <b>Pierre Gagnaire<\/b> au Sketch \u00e0 Londres,Louis Dubois ma\u00eetrise :<\/p><ul class=\"ul1\" style=\"text-align: left\"><li class=\"li2\">les textures glac\u00e9es de haute pr\u00e9cision,<\/li><li class=\"li2\">les \u00e9quilibres aromatiques complexes,<\/li><li class=\"li2\">la p\u00e2tisserie gastronomique, et l\u2019art de transformer un produit brut en dessert raffin\u00e9.<\/li><\/ul><p class=\"p2\" style=\"text-align: left\"><b>Pour les grandes tables\u2026 et les tables qui veulent le devenir<\/b><\/p><p class=\"p2\" style=\"text-align: left\">Louis Dubois accompagne :<\/p><ul class=\"ul1\" style=\"text-align: left\"><li class=\"li2\"><b>restaurants gastronomiques<\/b>,<\/li><li class=\"li2\"><b>brasseries premium<\/b>,<\/li><li class=\"li2\"><b>h\u00f4tels et palaces<\/b>,<\/li><li class=\"li2\"><b>traiteurs haut de gamme<\/b>,<\/li><\/ul><p class=\"p2\" style=\"text-align: left\">mais aussi<\/p><ul class=\"ul1\" style=\"text-align: left\"><li class=\"li2\"><b>petits restaurateurs passionn\u00e9s<\/b>,<\/li><li class=\"li2\"><b>tables familiales<\/b>,<\/li><li class=\"li2\"><b>restaurants ind\u00e9pendants<\/b>, qui souhaitent proposer des glaces et sorbets dignes des meilleures maisons.<\/li><\/ul><p class=\"p2\" style=\"text-align: left\">Chaque \u00e9tablissement, quel que soit son standing, b\u00e9n\u00e9ficie du m\u00eame niveau d\u2019exigence.<\/p><p class=\"p2\" style=\"text-align: left\"><b>Des liens forts avec les producteurs<\/b><\/p><p class=\"p2\" style=\"text-align: left\">Le chef s\u00e9lectionne ses ingr\u00e9dients aupr\u00e8s de :<\/p><ul class=\"ul1\" style=\"text-align: left\"><li class=\"li2\"><b>petits producteurs locaux<\/b>,<\/li><li class=\"li2\"><b>exploitations agricoles familiales<\/b>,<\/li><li class=\"li2\"><b>coop\u00e9ratives \u00e9thiques<\/b>,<\/li><li class=\"li2\"><b>plantations renomm\u00e9es<\/b>.<\/li><\/ul><p class=\"p2\" style=\"text-align: left\">Chaque glace raconte une histoire : celle du terroir, de la saison, et de l\u2019artisan qui la cultive.<\/p><p class=\"p2\" style=\"text-align: left\"><b>Une double expertise : glaces, sorbets\u2026 et p\u00e2tisseries haut de gamme<\/b><\/p><p class=\"p2\" style=\"text-align: left\">Bien que la glace soit au c\u0153ur de son travail, <b>Louis Dubois pr\u00e9pare \u00e9galement des p\u00e2tisseries raffin\u00e9es<\/b>, h\u00e9ritage direct de son passage dans les palaces et les grandes maisons sucr\u00e9es :<\/p><ul class=\"ul1\" style=\"text-align: left\"><li class=\"li2\">entremets glac\u00e9s,<\/li><li class=\"li2\">p\u00e2tisseries individuelles,<\/li><li class=\"li2\">desserts sur mesure,<\/li><li class=\"li2\">cr\u00e9ations signatures.<\/li><\/ul><p class=\"p2\" style=\"text-align: left\">Cette double comp\u00e9tence lui permet de proposer une offre compl\u00e8te, pens\u00e9e pour les cartes qui cherchent \u00e0 se distinguer.<\/p><p class=\"p2\" style=\"text-align: left\"><b><i>Louis Dubois - l\u2019excellence glac\u00e9e et p\u00e2tissi\u00e8re accessible \u00e0 toutes les tables qui aiment le go\u00fbt vrai.<\/i><\/b><\/p>\t\t\t\t\t\t<\/div>\n\n\t\t\t\t\t\n\t\t\t\t\n\t\t\t\t\n\t\t\t<\/div>\n\n\t\t<\/div>\n\n\t<\/div>\n\n\t\n\t\t<div class=\"gem-textbox-bottom gem-textbox-bottom-none default-fill\">\n\t\t\t\t<\/div>\n\t\n\t\n<\/div>\n\t\t\t\t<\/div>\n\t\t\t\t<\/div>\n\t\t\t\t<\/div>\n\t\t\t\t\t<\/div>\n\t\t\t\t<\/div>\n\t\t<div class=\"elementor-element elementor-element-7f62b5d thegem-e-con-layout-thegem e-flex e-con-boxed e-con e-parent\" data-id=\"7f62b5d\" data-element_type=\"container\" data-settings=\"{&quot;thegem_container_layout&quot;:&quot;thegem&quot;}\">\r\n\t\t\t\t\t<div class=\"e-con-inner\">\r\n\t\t\t\t\t<\/div>\n\t\t\t\t<\/div>\n\t\t\t\t<\/div>\n\t\t","protected":false},"excerpt":{"rendered":"<p>Chef Louis Dubois &#8211; Glacier artisanal d\u2019exception &amp; ancien p\u00e2tissier du Ritz Paris Ma\u00eetre RestaurateurDisciples EscoffiersGrand Cordon d&rsquo;Or de Monaco&#8230;<\/p>\n","protected":false},"author":1,"featured_media":0,"parent":0,"menu_order":0,"comment_status":"closed","ping_status":"closed","template":"page-fullwidth.php","meta":{"footnotes":""},"class_list":["post-3084","page","type-page","status-publish"],"yoast_head":"<!-- This site is optimized with the Yoast SEO plugin v26.5 - https:\/\/yoast.com\/wordpress\/plugins\/seo\/ -->\n<title>A propos de Louis Dubois - Louis Dubois Glacier - P\u00e2tissier<\/title>\n<meta name=\"robots\" content=\"index, follow, max-snippet:-1, max-image-preview:large, max-video-preview:-1\" \/>\n<link rel=\"canonical\" href=\"https:\/\/louis-dubois.com\/?page_id=3084\" \/>\n<meta property=\"og:locale\" content=\"fr_FR\" \/>\n<meta property=\"og:type\" content=\"article\" \/>\n<meta property=\"og:title\" content=\"A propos de Louis Dubois - Louis Dubois Glacier - P\u00e2tissier\" \/>\n<meta property=\"og:description\" content=\"Chef Louis Dubois &#8211; Glacier artisanal d\u2019exception &amp; ancien p\u00e2tissier du Ritz Paris Ma\u00eetre RestaurateurDisciples EscoffiersGrand Cordon d&rsquo;Or de Monaco...\" \/>\n<meta property=\"og:url\" content=\"https:\/\/louis-dubois.com\/?page_id=3084\" \/>\n<meta property=\"og:site_name\" content=\"Louis Dubois Glacier - P\u00e2tissier\" \/>\n<meta property=\"article:modified_time\" content=\"2025-12-19T14:27:06+00:00\" \/>\n<meta property=\"og:image\" content=\"https:\/\/louis-dubois.com\/wp-content\/uploads\/2025\/12\/Logo-V8-black.png\" \/>\n\t<meta property=\"og:image:width\" content=\"1487\" \/>\n\t<meta property=\"og:image:height\" content=\"689\" \/>\n\t<meta property=\"og:image:type\" content=\"image\/png\" \/>\n<meta name=\"twitter:card\" content=\"summary_large_image\" \/>\n<meta name=\"twitter:label1\" content=\"Dur\u00e9e de lecture estim\u00e9e\" \/>\n\t<meta name=\"twitter:data1\" content=\"3 minutes\" \/>\n<script type=\"application\/ld+json\" class=\"yoast-schema-graph\">{\"@context\":\"https:\/\/schema.org\",\"@graph\":[{\"@type\":\"WebPage\",\"@id\":\"https:\/\/louis-dubois.com\/?page_id=3084\",\"url\":\"https:\/\/louis-dubois.com\/?page_id=3084\",\"name\":\"A propos de Louis Dubois - Louis Dubois Glacier - P\u00e2tissier\",\"isPartOf\":{\"@id\":\"https:\/\/louis-dubois.com\/#website\"},\"datePublished\":\"2022-08-20T18:52:19+00:00\",\"dateModified\":\"2025-12-19T14:27:06+00:00\",\"breadcrumb\":{\"@id\":\"https:\/\/louis-dubois.com\/?page_id=3084#breadcrumb\"},\"inLanguage\":\"fr-FR\",\"potentialAction\":[{\"@type\":\"ReadAction\",\"target\":[\"https:\/\/louis-dubois.com\/?page_id=3084\"]}]},{\"@type\":\"BreadcrumbList\",\"@id\":\"https:\/\/louis-dubois.com\/?page_id=3084#breadcrumb\",\"itemListElement\":[{\"@type\":\"ListItem\",\"position\":1,\"name\":\"Accueil\",\"item\":\"https:\/\/louis-dubois.com\/\"},{\"@type\":\"ListItem\",\"position\":2,\"name\":\"A propos de Louis Dubois\"}]},{\"@type\":\"WebSite\",\"@id\":\"https:\/\/louis-dubois.com\/#website\",\"url\":\"https:\/\/louis-dubois.com\/\",\"name\":\"Louis Dubois Glacier - P\u00e2tissier\",\"description\":\"D\u00e9couvrez l\u2019excellence p\u00e2tissi\u00e8re et glac\u00e9e pour les professionnels sign\u00e9e Louis Dubois\",\"publisher\":{\"@id\":\"https:\/\/louis-dubois.com\/#\/schema\/person\/95357d5fcae5ab65b75e18ab948ced68\"},\"alternateName\":\"Louis Dubois Glacier - P\u00e2tissier\",\"potentialAction\":[{\"@type\":\"SearchAction\",\"target\":{\"@type\":\"EntryPoint\",\"urlTemplate\":\"https:\/\/louis-dubois.com\/?s={search_term_string}\"},\"query-input\":{\"@type\":\"PropertyValueSpecification\",\"valueRequired\":true,\"valueName\":\"search_term_string\"}}],\"inLanguage\":\"fr-FR\"},{\"@type\":[\"Person\",\"Organization\"],\"@id\":\"https:\/\/louis-dubois.com\/#\/schema\/person\/95357d5fcae5ab65b75e18ab948ced68\",\"name\":\"Ldubois\",\"image\":{\"@type\":\"ImageObject\",\"inLanguage\":\"fr-FR\",\"@id\":\"https:\/\/louis-dubois.com\/#\/schema\/person\/image\/\",\"url\":\"https:\/\/louis-dubois.com\/wp-content\/uploads\/2022\/08\/Logo-Or-titre.png\",\"contentUrl\":\"https:\/\/louis-dubois.com\/wp-content\/uploads\/2022\/08\/Logo-Or-titre.png\",\"width\":520,\"height\":669,\"caption\":\"Ldubois\"},\"logo\":{\"@id\":\"https:\/\/louis-dubois.com\/#\/schema\/person\/image\/\"},\"sameAs\":[\"https:\/\/louis-dubois.com\"]}]}<\/script>\n<!-- \/ Yoast SEO plugin. -->","yoast_head_json":{"title":"A propos de Louis Dubois - Louis Dubois Glacier - P\u00e2tissier","robots":{"index":"index","follow":"follow","max-snippet":"max-snippet:-1","max-image-preview":"max-image-preview:large","max-video-preview":"max-video-preview:-1"},"canonical":"https:\/\/louis-dubois.com\/?page_id=3084","og_locale":"fr_FR","og_type":"article","og_title":"A propos de Louis Dubois - Louis Dubois Glacier - P\u00e2tissier","og_description":"Chef Louis Dubois &#8211; Glacier artisanal d\u2019exception &amp; ancien p\u00e2tissier du Ritz Paris Ma\u00eetre RestaurateurDisciples EscoffiersGrand Cordon d&rsquo;Or de Monaco...","og_url":"https:\/\/louis-dubois.com\/?page_id=3084","og_site_name":"Louis Dubois Glacier - P\u00e2tissier","article_modified_time":"2025-12-19T14:27:06+00:00","og_image":[{"width":1487,"height":689,"url":"https:\/\/louis-dubois.com\/wp-content\/uploads\/2025\/12\/Logo-V8-black.png","type":"image\/png"}],"twitter_card":"summary_large_image","twitter_misc":{"Dur\u00e9e de lecture estim\u00e9e":"3 minutes"},"schema":{"@context":"https:\/\/schema.org","@graph":[{"@type":"WebPage","@id":"https:\/\/louis-dubois.com\/?page_id=3084","url":"https:\/\/louis-dubois.com\/?page_id=3084","name":"A propos de Louis Dubois - Louis Dubois Glacier - P\u00e2tissier","isPartOf":{"@id":"https:\/\/louis-dubois.com\/#website"},"datePublished":"2022-08-20T18:52:19+00:00","dateModified":"2025-12-19T14:27:06+00:00","breadcrumb":{"@id":"https:\/\/louis-dubois.com\/?page_id=3084#breadcrumb"},"inLanguage":"fr-FR","potentialAction":[{"@type":"ReadAction","target":["https:\/\/louis-dubois.com\/?page_id=3084"]}]},{"@type":"BreadcrumbList","@id":"https:\/\/louis-dubois.com\/?page_id=3084#breadcrumb","itemListElement":[{"@type":"ListItem","position":1,"name":"Accueil","item":"https:\/\/louis-dubois.com\/"},{"@type":"ListItem","position":2,"name":"A propos de Louis Dubois"}]},{"@type":"WebSite","@id":"https:\/\/louis-dubois.com\/#website","url":"https:\/\/louis-dubois.com\/","name":"Louis Dubois Glacier - P\u00e2tissier","description":"D\u00e9couvrez l\u2019excellence p\u00e2tissi\u00e8re et glac\u00e9e pour les professionnels sign\u00e9e Louis Dubois","publisher":{"@id":"https:\/\/louis-dubois.com\/#\/schema\/person\/95357d5fcae5ab65b75e18ab948ced68"},"alternateName":"Louis Dubois Glacier - P\u00e2tissier","potentialAction":[{"@type":"SearchAction","target":{"@type":"EntryPoint","urlTemplate":"https:\/\/louis-dubois.com\/?s={search_term_string}"},"query-input":{"@type":"PropertyValueSpecification","valueRequired":true,"valueName":"search_term_string"}}],"inLanguage":"fr-FR"},{"@type":["Person","Organization"],"@id":"https:\/\/louis-dubois.com\/#\/schema\/person\/95357d5fcae5ab65b75e18ab948ced68","name":"Ldubois","image":{"@type":"ImageObject","inLanguage":"fr-FR","@id":"https:\/\/louis-dubois.com\/#\/schema\/person\/image\/","url":"https:\/\/louis-dubois.com\/wp-content\/uploads\/2022\/08\/Logo-Or-titre.png","contentUrl":"https:\/\/louis-dubois.com\/wp-content\/uploads\/2022\/08\/Logo-Or-titre.png","width":520,"height":669,"caption":"Ldubois"},"logo":{"@id":"https:\/\/louis-dubois.com\/#\/schema\/person\/image\/"},"sameAs":["https:\/\/louis-dubois.com"]}]}},"jetpack_sharing_enabled":true,"_links":{"self":[{"href":"https:\/\/louis-dubois.com\/index.php?rest_route=\/wp\/v2\/pages\/3084","targetHints":{"allow":["GET"]}}],"collection":[{"href":"https:\/\/louis-dubois.com\/index.php?rest_route=\/wp\/v2\/pages"}],"about":[{"href":"https:\/\/louis-dubois.com\/index.php?rest_route=\/wp\/v2\/types\/page"}],"author":[{"embeddable":true,"href":"https:\/\/louis-dubois.com\/index.php?rest_route=\/wp\/v2\/users\/1"}],"replies":[{"embeddable":true,"href":"https:\/\/louis-dubois.com\/index.php?rest_route=%2Fwp%2Fv2%2Fcomments&post=3084"}],"version-history":[{"count":23,"href":"https:\/\/louis-dubois.com\/index.php?rest_route=\/wp\/v2\/pages\/3084\/revisions"}],"predecessor-version":[{"id":25200,"href":"https:\/\/louis-dubois.com\/index.php?rest_route=\/wp\/v2\/pages\/3084\/revisions\/25200"}],"wp:attachment":[{"href":"https:\/\/louis-dubois.com\/index.php?rest_route=%2Fwp%2Fv2%2Fmedia&parent=3084"}],"curies":[{"name":"wp","href":"https:\/\/api.w.org\/{rel}","templated":true}]}}