{"id":4543,"date":"2025-12-09T22:19:03","date_gmt":"2025-12-09T21:19:03","guid":{"rendered":"https:\/\/louis-dubois.com\/?page_id=4543"},"modified":"2025-12-09T22:21:23","modified_gmt":"2025-12-09T21:21:23","slug":"desserts-et-glaces-a-la-sorbetiere","status":"publish","type":"page","link":"https:\/\/louis-dubois.com\/?page_id=4543","title":{"rendered":"Desserts et glaces \u00e0 la sorbeti\u00e8re"},"content":{"rendered":"\t\t<div data-elementor-type=\"wp-page\" data-elementor-id=\"4543\" class=\"elementor elementor-4543\">\n\t\t\t\t<div class=\"elementor-element elementor-element-3170c8d thegem-e-con-layout-thegem e-flex e-con-boxed e-con e-parent\" data-id=\"3170c8d\" data-element_type=\"container\" data-settings=\"{&quot;thegem_container_layout&quot;:&quot;thegem&quot;}\">\r\n\t\t\t\t\t<div class=\"e-con-inner\">\r\n\t\t\t\t<div class=\"elementor-element elementor-element-79cab5d flex-horizontal-align-default flex-horizontal-align-tablet-default flex-horizontal-align-mobile-default flex-vertical-align-default flex-vertical-align-tablet-default flex-vertical-align-mobile-default elementor-widget elementor-widget-thegem-extended-products-grid\" data-id=\"79cab5d\" data-element_type=\"widget\" data-settings=\"{&quot;content_products_cat&quot;:[&quot;livre&quot;],&quot;orderby&quot;:&quot;date&quot;,&quot;order&quot;:&quot;desc&quot;,&quot;cart_button_text&quot;:&quot;Add To Cart&quot;,&quot;select_options_button_text&quot;:&quot;Select Options&quot;,&quot;new_label_text&quot;:&quot;Actualit\\u00e9s&quot;,&quot;sale_label_prefix&quot;:&quot;-&quot;,&quot;sale_label_suffix&quot;:&quot;%&quot;,&quot;out_label_text&quot;:&quot;Out of stock&quot;,&quot;filters_text_labels_all_text&quot;:&quot;Show All&quot;,&quot;filters_text_labels_clear_text&quot;:&quot;Clear Filters&quot;,&quot;filter_by_status_stock_text&quot;:&quot;In Stock&quot;,&quot;filter_by_status_sale_text&quot;:&quot;On Sale&quot;,&quot;added_cart_text&quot;:&quot;Ajout\\u00e9 au panier&quot;,&quot;view_cart_button_text&quot;:&quot;Voir le panier&quot;,&quot;checkout_button_text&quot;:&quot;Payer&quot;,&quot;not_found_text&quot;:&quot;Aucun produit trouv\\u00e9 &quot;,&quot;source_type&quot;:&quot;custom&quot;,&quot;skeleton_loader&quot;:&quot;yes&quot;,&quot;portfolio_uid&quot;:&quot;79cab5d&quot;,&quot;layout_type&quot;:&quot;grid&quot;,&quot;thegem_elementor_preset&quot;:&quot;below-default-cart-button&quot;,&quot;columns_desktop&quot;:&quot;4x&quot;,&quot;columns_tablet&quot;:&quot;3x&quot;,&quot;columns_mobile&quot;:&quot;2x&quot;,&quot;layout&quot;:&quot;justified&quot;,&quot;image_size&quot;:&quot;default&quot;,&quot;image_aspect_ratio&quot;:&quot;portrait&quot;,&quot;source&quot;:[&quot;category&quot;],&quot;exclude_type&quot;:&quot;manual&quot;,&quot;caption_position&quot;:&quot;page&quot;,&quot;product_show_categories&quot;:&quot;yes&quot;,&quot;product_show_categories_tablet&quot;:&quot;yes&quot;,&quot;product_show_categories_mobile&quot;:&quot;yes&quot;,&quot;product_show_title&quot;:&quot;yes&quot;,&quot;product_show_price&quot;:&quot;yes&quot;,&quot;product_show_reviews&quot;:&quot;yes&quot;,&quot;product_show_reviews_tablet&quot;:&quot;yes&quot;,&quot;product_show_reviews_mobile&quot;:&quot;yes&quot;,&quot;product_show_add_to_cart&quot;:&quot;yes&quot;,&quot;product_show_add_to_cart_mobiles&quot;:&quot;yes&quot;,&quot;add_to_cart_type&quot;:&quot;button&quot;,&quot;cart_button_show_icon&quot;:&quot;yes&quot;,&quot;cart_icon&quot;:{&quot;value&quot;:&quot;&quot;,&quot;library&quot;:&quot;&quot;},&quot;select_options_icon&quot;:{&quot;value&quot;:&quot;&quot;,&quot;library&quot;:&quot;&quot;},&quot;items_per_page&quot;:8,&quot;show_pagination&quot;:&quot;yes&quot;,&quot;pagination_type&quot;:&quot;normal&quot;,&quot;next_page_preloading&quot;:&quot;yes&quot;,&quot;labels_design&quot;:&quot;1&quot;,&quot;product_show_new&quot;:&quot;yes&quot;,&quot;product_show_sale&quot;:&quot;yes&quot;,&quot;sale_label_type&quot;:&quot;percentage&quot;,&quot;product_show_out&quot;:&quot;yes&quot;,&quot;filters_type&quot;:&quot;filter_thegem&quot;,&quot;ajax_preloader_type&quot;:&quot;default&quot;,&quot;cart_hook&quot;:&quot;yes&quot;,&quot;image_gaps&quot;:{&quot;unit&quot;:&quot;px&quot;,&quot;size&quot;:42,&quot;sizes&quot;:[]},&quot;image_gaps_tablet&quot;:{&quot;unit&quot;:&quot;px&quot;,&quot;size&quot;:&quot;&quot;,&quot;sizes&quot;:[]},&quot;image_gaps_mobile&quot;:{&quot;unit&quot;:&quot;px&quot;,&quot;size&quot;:&quot;&quot;,&quot;sizes&quot;:[]},&quot;image_hover_effect_page&quot;:&quot;fade&quot;,&quot;image_hover_effect_fallback&quot;:&quot;zooming&quot;,&quot;title_preset&quot;:&quot;default&quot;,&quot;caption_container_preset&quot;:&quot;transparent&quot;,&quot;filter_buttons_hidden_show_icon&quot;:&quot;yes&quot;,&quot;pagination_arrows_left_icon&quot;:{&quot;value&quot;:&quot;&quot;,&quot;library&quot;:&quot;&quot;},&quot;pagination_arrows_right_icon&quot;:{&quot;value&quot;:&quot;&quot;,&quot;library&quot;:&quot;&quot;},&quot;stay_visible&quot;:4000}\" data-widget_type=\"thegem-extended-products-grid.default\">\n\t\t\t\t<div class=\"elementor-widget-container\">\n\t\t\t\t\t\t\t\t\t<div class=\"preloader save-space\">\n\t\t\t\t\t<div class=\"skeleton panel-sidebar-position-\">\n\t\t\t\t\t\t\t\t\t\t\t\t\t\t<div class=\"skeleton-posts row portfolio-row\">\n\t\t\t\t\t\t\t\t\t\t<div class=\"portfolio-item product col-xs-6 col-sm-4 col-md-3 size-item post-4543 page type-page status-publish\">\n\t<\/div>\n\t\t\t\t\t\t\t\t<\/div>\n\t\t\t\t\t\t\t\t\t\t\t\t\t<\/div>\n\t\t\t\t<\/div>\n\t\t\t\n\t\t\t<div class=\"portfolio-preloader-wrapper panel-sidebar-position-\">\n\n\t\t\t\t\n\t\t\t\t<div class=\"portfolio portfolio-grid extended-portfolio-grid extended-products-grid woocommerce products no-padding portfolio-preset-below-default-cart-button portfolio-pagination-normal portfolio-style-justified background-style-transparent caption-container-preset- caption-position-page caption-alignment- hover-fade title-on-page aspect-ratio-portrait               portfolio-disable-socials  columns-desktop-4x columns-tablet-3x columns-mobile-2x    next-page-preloading   aspect-ratio-custom  \" id=\"style-79cab5d\" data-per-page=\"8\" data-current-page=\"1\" data-current-tab=\"0\" data-next-page=\"0\" data-pages-count=\"1\" data-style-uid=\"79cab5d\" data-portfolio-uid=\"79cab5d\" data-hover=\"fade\" data-portfolio-filter=\"\" data-portfolio-filter-attributes=\"null\" data-portfolio-filter-status=\"null\" data-portfolio-filter-price=\"null\" data-portfolio-filter-search=\"\">\n\t\t\t\t\t\n\t\t\t\t\t<div class=\"portfolio-row-outer \">\n\t\t\t\t\t\t\t\t\t\t\t\t\t\t\t\t\t\t\t\t\t\t\t\t\t\t\t\t\t\t\t\t\t\t\t\t\t<div class=\"portfolio-top-panel selected-only\">\n\t\t\t\t\t\t\t\t\t\t<div class=\"portfolio-filter-item portfolio-selected-filters  \">\n\t<div class=\"portfolio-selected-filter-item clear-filters\">\n\t\tClear Filters\t<\/div>\n\t<\/div>\t\t\t\t\t\t\t\t\t<\/div>\n\t\t\t\t\t\t\t\t\t\t\t\t\t\t\t\t<div class=\"row portfolio-row clearfix\">\n\t\t\t\t\t\t\t\t\t<div class=\"portfolio-set\"\n\t\t\t\t\t\t\t\t\t\t data-max-row-height=\"\">\n\t\t\t\t\t\t\t\t\t\t\t\t\t\t\t\t\t\t\t\t\t\t\t<div class=\"portfolio-item product livre col-xs-6 col-sm-4 col-md-3 image-hover post-4525 type-product status-publish has-post-thumbnail product_cat-livre first instock taxable shipping-taxable purchasable product-type-simple\">\n\t\t<div class=\"item-separator-box\"><\/div>\n\t\t<div class=\"actions woocommerce_before_shop_loop_item\">\n\t\t\t\t\t<\/div>\n\t\t<div class=\"wrap clearfix\">\n\t\t\t<div class=\"image post-4525 product type-product status-publish has-post-thumbnail product_cat-livre  instock taxable shipping-taxable purchasable product-type-simple\">\n\t\t\t\t<div class=\"image-inner \">\n\t\t\t\t\t\t\t<picture>\n\t\t\t\t\t\t\t\t\t\t\t\t\t\t\t\t\t<source srcset=\"https:\/\/louis-dubois.com\/wp-content\/uploads\/2025\/12\/Couverture-livre-thegem-product-justified-portrait-s.jpg 1x\"   sizes=\"100vw\">\n\t\t\t\t\t\t\t<img fetchpriority=\"high\" src=\"https:\/\/louis-dubois.com\/wp-content\/uploads\/2025\/12\/Couverture-livre-thegem-product-justified-portrait-s.jpg\" width=\"300\" height=\"375\"  class=\"attachment-thegem-product-justified-portrait-s\" alt=\"Desserts et glaces \u00e0 la sorbeti\u00e8re\" \/>\n\t\t<\/picture>\n\t\t\t\t<picture>\n\t\t\t\t\t\t\t\t\t\t\t\t\t\t\t\t\t<source srcset=\"https:\/\/louis-dubois.com\/wp-content\/uploads\/2025\/12\/livre05-thegem-product-justified-portrait-s.jpg 1x\"   sizes=\"100vw\">\n\t\t\t\t\t\t\t<img src=\"https:\/\/louis-dubois.com\/wp-content\/uploads\/2025\/12\/livre05-thegem-product-justified-portrait-s.jpg\" width=\"300\" height=\"375\"  class=\"image-hover hover-fade\" alt=\"Desserts et glaces \u00e0 la sorbeti\u00e8re\" \/>\n\t\t<\/picture>\n\t\t\t\t\t\t\t\t\t\t\t<\/div>\n\t\t\t\t<div class=\"overlay\">\n\t\t\t\t\t<div class=\"overlay-circle\"><\/div>\n\t\t\t\t\t\n\t\t\t\t\t<a class=\"product-link\" href=\"https:\/\/louis-dubois.com\/?product=desserts-et-glaces-a-la-sorbetiere\"><span class=\"screen-reader-text\">Desserts et glaces \u00e0 la sorbeti\u00e8re<\/span><\/a>\n\t\t\t\t\t\t\t\t\t<\/div>\n\n\t\t\t\t\t\t\t\t\t<div class=\"portfolio-icons product-bottom on-page-caption empty\">\n\t\t\t\t\t\t<div class=\"icons-top\">\n\t\t\t\t\t\t\t\t\t<!-- YITH -->\n\t\t\n\t\t<!-- Sharing -->\n\t\t\t\t\t\t\t\t\t<\/div>\n\t\t\t\t\t<\/div>\n\t\t\t\t\n\t\t\t\t<div class=\"labels-outer \">\n\t\t\t\t\t<div class=\"product-labels style-1\">\n\t\t\t\t\t\t\t\t\t\t\t\t\t\t\t\t\t\t\t\t\t\t\t\t\t\t\t\t\t<\/div>\n\t\t\t\t<\/div>\n\n\t\t\t\t\t\t\t<\/div>\n\n\t\t\t\t\t\t\t<div class=\"caption post-4525 product type-product status-publish has-post-thumbnail product_cat-livre last instock taxable shipping-taxable purchasable product-type-simple\">\n\t\t\t\t\t<div class=\"product-info clearfix\">\n\t\t\t\t\t\t<div class=\"actions woocommerce_before_shop_loop_item_title\">\n\t\t\t\t\t\t\t\t\t\t\t\t\t<\/div>\n\t\t\t\t\t\t\t\t\t\t\t\t\t<div class=\"reviews\"><div class=\"product-rating product-rating-empty\"><div class=\"empty-rating\"><\/div><\/div><\/div>\n\t\t\t\t\t\t\t\t\t\t\t\t<div class=\"categories\"><a href=\"#\" data-filter-type=\"category\" data-filter=\"livre\">Livre<\/a><\/div>\t\t\t\t\t\t\t\t\t\t\t\t\t<div class=\"title\"><a class=\"default \" href=\"https:\/\/louis-dubois.com\/?product=desserts-et-glaces-a-la-sorbetiere\">Desserts et glaces \u00e0 la sorbeti\u00e8re<\/a><\/div>\n\t\t\t\t\t\t\t\t\t\t\t\t\t\t\t\t\t\t<div class=\"actions woocommerce_shop_loop_item_title\">\n\t\t\t\t\t\t\t\t\t\t\t\t\t<\/div>\n\t\t\t\t\t\t<div class=\"actions woocommerce_after_shop_loop_item_title\">\n\t\t\t\t\t\t\t\t\t\t\t\t\t<\/div>\n\n\t\t\t\t\t\t\t\t\t\t\t<\/div>\n\t\t\t\t\t<div class=\"list-right\">\n\t\t\t\t\t\t\t\t\t\t\t\t\t<div class=\"price-wrap default\">\n\t<div class=\"product-price\"><span class=\"price\"><span class=\"woocommerce-Price-amount amount\"><bdi>14,95&nbsp;<span class=\"woocommerce-Price-currencySymbol\">&euro;<\/span><\/bdi><\/span><\/span><\/div>\n<\/div>\n\t\t\t\t\t\t\n\t\t\t\t\t\t<div class=\"portfolio-icons product-bottom on-page-caption clearfix  \">\n\t\t\t\t\t\t\t\t\t\t\t\t\t\t\t<!-- Add to cart -->\n\t\t\t\t\t\t\t\t\t\t\t<span class=\"simple-type-button cart type_button\">\n\t\t\t\t<a href=\"\/index.php?rest_route=%2Fwp%2Fv2%2Fpages%2F4543&#038;add-to-cart=4525\" data-quantity=\"1\" class=\"button product_type_simple add_to_cart_button ajax_add_to_cart\" data-product_id=\"4525\" data-product_sku=\"\" aria-label=\"Ajouter au panier\u00a0: &ldquo;Desserts et glaces \u00e0 la sorbeti\u00e8re&rdquo;\" rel=\"nofollow\" data-success_message=\"\u00ab\u00a0Desserts et glaces \u00e0 la sorbeti\u00e8re\u00a0\u00bb a \u00e9t\u00e9 ajout\u00e9 \u00e0 votre panier\"><i class=\"default\"><\/i><span class=\"space\"><\/span><span>Add To Cart<\/span><\/a>\t<span id=\"woocommerce_loop_add_to_cart_link_describedby_4525\" class=\"screen-reader-text\">\n\t\t\t<\/span>\n\t\t\t<\/span>\n\t\t\t\t\t\t\t\t<\/div>\n\n\t\t\t\t\t\t\n\t\t\t\t\t\t<div class=\"actions woocommerce_after_shop_loop_item\">\n\t\t\t\t\t\t\t\t\t\t\t\t\t<\/div>\n\t\t\t\t\t<\/div>\n\t\t\t\t<\/div>\n\t\t\t\n\t\t<\/div>\n\t<\/div>\n\t\t\t\t\t\t\t\t\t\t\t\t\t\t\t\t\t\t\t\t<\/div><!-- .portflio-set -->\n\t\t\t\t\t\t\t\t\t<div class=\"portfolio-item-size-container\">\n\t\t\t\t\t\t\t\t\t\t\t<div class=\"portfolio-item product col-xs-6 col-sm-4 col-md-3 size-item post-4525 type-product status-publish has-post-thumbnail product_cat-livre first instock taxable shipping-taxable purchasable product-type-simple\">\n\t<\/div>\n\t\t\t\t\t\t\t\t\t<\/div>\n\t\t\t\t\t\t\t\t<\/div><!-- .row-->\n\t\t\t\t\t\t\t\t\t\t\t\t\t\t\t\t\t\t\t\t\t\t\t\t\t\t\t<div class=\"portfolio-navigator gem-pagination\" style=\"display:none;\">\n\t\t\t\t\t\t\t\t\t\t\t<a href=\"\" class=\"prev\" aria-label=\"Pr\u00e9c\u00e9dent\">\n\t\t\t\t\t\t\t\t\t\t\t\t\t\t\t\t\t\t\t\t\t\t\t\t\t<i class=\"default\"><\/i>\n\t\t\t\t\t\t\t\t\t\t\t\t\t\t\t\t\t\t\t\t\t\t\t<\/a>\n\t\t\t\t\t\t\t\t\t\t\t<div class=\"pages\"><\/div>\n\t\t\t\t\t\t\t\t\t\t\t<a href=\"\" class=\"next\" aria-label=\"Suivant\">\n\t\t\t\t\t\t\t\t\t\t\t\t\t\t\t\t\t\t\t\t\t\t\t\t\t<i class=\"default\"><\/i>\n\t\t\t\t\t\t\t\t\t\t\t\t\t\t\t\t\t\t\t\t\t\t\t<\/a>\n\t\t\t\t\t\t\t\t\t\t<\/div>\n\t\t\t\t\t\t\t\t\t\t\t\t\t\t\t\t\t\t\t\t\t\t\t\t\t\t\t\t\t\t\t\t\t\t\t\t\t\t\t\t\t\t\t\n\t\t\t\t\t\t\t\t\t<div class=\"thegem-popup-notification-wrap\"\n\t\tid=\"style-notification-79cab5d\"\n\t\t>\n\t\t            <div class=\"thegem-popup-notification cart\" data-timing=\"4000\">\n                <div class=\"notification-message\">\n\t\t\t\t\tAjout\u00e9 au panier                    <span class=\"buttons\">\n\t\t\t\t\t\t<a class=\"button\" href=\"https:\/\/louis-dubois.com\/?page_id=3028\">Voir le panier<\/a>\n\t\t\t\t\t\t<a class=\"button\" href=\"https:\/\/louis-dubois.com\/?page_id=3029\">Payer<\/a>\n\t\t\t\t\t<\/span>\n                <\/div>\n            <\/div>\n\t\t\n\t\t    <\/div>\n\t\n\t\t\t\t\t<\/div><!-- .full-width -->\n\t\t\t\t<\/div><!-- .portfolio-->\n\t\t\t<\/div><!-- .portfolio-preloader-wrapper-->\n\t\t\n\t\t<script>\n\t\t\t(function ($) {\n\t\t\t\t$(document).ready(function () {\n\t\t\t\t\t$('.portfolio-filters-list .widget_layered_nav, .portfolio-filters-list .widget_product_categories').find('.count').each(function () {\n\t\t\t\t\t\t$(this).html($(this).html().replace('(', '').replace(')', '')).css('opacity', 1);\n\t\t\t\t\t});\n\t\t\t\t});\n\t\t\t})(jQuery);\n\t\t<\/script>\n\n\t\t\t\t\t\t<\/div>\n\t\t\t\t<\/div>\n\t\t\t\t\t<\/div>\n\t\t\t\t<\/div>\n\t\t\t\t<\/div>\n\t\t","protected":false},"excerpt":{"rendered":"<p>Clear Filters Desserts et glaces \u00e0 la sorbeti\u00e8re Livre Desserts et glaces \u00e0 la sorbeti\u00e8re 14,95&nbsp;&euro; Add To Cart Ajout\u00e9&#8230;<\/p>\n","protected":false},"author":1,"featured_media":0,"parent":0,"menu_order":0,"comment_status":"closed","ping_status":"closed","template":"page-fullwidth.php","meta":{"footnotes":""},"class_list":["post-4543","page","type-page","status-publish"],"yoast_head":"<!-- This site is optimized with the Yoast SEO plugin v26.5 - https:\/\/yoast.com\/wordpress\/plugins\/seo\/ -->\n<title>Desserts et glaces \u00e0 la sorbeti\u00e8re - Louis Dubois Glacier - P\u00e2tissier<\/title>\n<meta name=\"robots\" content=\"index, follow, max-snippet:-1, max-image-preview:large, max-video-preview:-1\" \/>\n<link rel=\"canonical\" href=\"https:\/\/louis-dubois.com\/?page_id=4543\" \/>\n<meta property=\"og:locale\" content=\"fr_FR\" \/>\n<meta property=\"og:type\" content=\"article\" \/>\n<meta property=\"og:title\" content=\"Desserts et glaces \u00e0 la sorbeti\u00e8re - Louis Dubois Glacier - P\u00e2tissier\" \/>\n<meta property=\"og:description\" content=\"Clear Filters Desserts et glaces \u00e0 la sorbeti\u00e8re Livre Desserts et glaces \u00e0 la sorbeti\u00e8re 14,95&nbsp;&euro; Add To Cart Ajout\u00e9...\" \/>\n<meta property=\"og:url\" content=\"https:\/\/louis-dubois.com\/?page_id=4543\" \/>\n<meta property=\"og:site_name\" content=\"Louis Dubois Glacier - P\u00e2tissier\" \/>\n<meta property=\"article:modified_time\" content=\"2025-12-09T21:21:23+00:00\" \/>\n<meta property=\"og:image\" content=\"https:\/\/louis-dubois.com\/wp-content\/uploads\/2025\/12\/Couverture-livre-thegem-product-justified-portrait-s.jpg\" \/>\n<meta name=\"twitter:card\" content=\"summary_large_image\" \/>\n<meta name=\"twitter:label1\" content=\"Dur\u00e9e de lecture estim\u00e9e\" \/>\n\t<meta name=\"twitter:data1\" content=\"1 minute\" \/>\n<script type=\"application\/ld+json\" class=\"yoast-schema-graph\">{\"@context\":\"https:\/\/schema.org\",\"@graph\":[{\"@type\":\"WebPage\",\"@id\":\"https:\/\/louis-dubois.com\/?page_id=4543\",\"url\":\"https:\/\/louis-dubois.com\/?page_id=4543\",\"name\":\"Desserts et glaces \u00e0 la sorbeti\u00e8re - Louis Dubois Glacier - P\u00e2tissier\",\"isPartOf\":{\"@id\":\"https:\/\/louis-dubois.com\/#website\"},\"primaryImageOfPage\":{\"@id\":\"https:\/\/louis-dubois.com\/?page_id=4543#primaryimage\"},\"image\":{\"@id\":\"https:\/\/louis-dubois.com\/?page_id=4543#primaryimage\"},\"thumbnailUrl\":\"https:\/\/louis-dubois.com\/wp-content\/uploads\/2025\/12\/Couverture-livre-thegem-product-justified-portrait-s.jpg\",\"datePublished\":\"2025-12-09T21:19:03+00:00\",\"dateModified\":\"2025-12-09T21:21:23+00:00\",\"breadcrumb\":{\"@id\":\"https:\/\/louis-dubois.com\/?page_id=4543#breadcrumb\"},\"inLanguage\":\"fr-FR\",\"potentialAction\":[{\"@type\":\"ReadAction\",\"target\":[\"https:\/\/louis-dubois.com\/?page_id=4543\"]}]},{\"@type\":\"ImageObject\",\"inLanguage\":\"fr-FR\",\"@id\":\"https:\/\/louis-dubois.com\/?page_id=4543#primaryimage\",\"url\":\"https:\/\/louis-dubois.com\/wp-content\/uploads\/2025\/12\/Couverture-livre-thegem-product-justified-portrait-s.jpg\",\"contentUrl\":\"https:\/\/louis-dubois.com\/wp-content\/uploads\/2025\/12\/Couverture-livre-thegem-product-justified-portrait-s.jpg\"},{\"@type\":\"BreadcrumbList\",\"@id\":\"https:\/\/louis-dubois.com\/?page_id=4543#breadcrumb\",\"itemListElement\":[{\"@type\":\"ListItem\",\"position\":1,\"name\":\"Accueil\",\"item\":\"https:\/\/louis-dubois.com\/\"},{\"@type\":\"ListItem\",\"position\":2,\"name\":\"Desserts et glaces \u00e0 la sorbeti\u00e8re\"}]},{\"@type\":\"WebSite\",\"@id\":\"https:\/\/louis-dubois.com\/#website\",\"url\":\"https:\/\/louis-dubois.com\/\",\"name\":\"Louis Dubois Glacier - P\u00e2tissier\",\"description\":\"D\u00e9couvrez l\u2019excellence p\u00e2tissi\u00e8re et glac\u00e9e pour les professionnels sign\u00e9e Louis Dubois\",\"publisher\":{\"@id\":\"https:\/\/louis-dubois.com\/#\/schema\/person\/95357d5fcae5ab65b75e18ab948ced68\"},\"alternateName\":\"Louis Dubois Glacier - P\u00e2tissier\",\"potentialAction\":[{\"@type\":\"SearchAction\",\"target\":{\"@type\":\"EntryPoint\",\"urlTemplate\":\"https:\/\/louis-dubois.com\/?s={search_term_string}\"},\"query-input\":{\"@type\":\"PropertyValueSpecification\",\"valueRequired\":true,\"valueName\":\"search_term_string\"}}],\"inLanguage\":\"fr-FR\"},{\"@type\":[\"Person\",\"Organization\"],\"@id\":\"https:\/\/louis-dubois.com\/#\/schema\/person\/95357d5fcae5ab65b75e18ab948ced68\",\"name\":\"Ldubois\",\"image\":{\"@type\":\"ImageObject\",\"inLanguage\":\"fr-FR\",\"@id\":\"https:\/\/louis-dubois.com\/#\/schema\/person\/image\/\",\"url\":\"https:\/\/louis-dubois.com\/wp-content\/uploads\/2022\/08\/Logo-Or-titre.png\",\"contentUrl\":\"https:\/\/louis-dubois.com\/wp-content\/uploads\/2022\/08\/Logo-Or-titre.png\",\"width\":520,\"height\":669,\"caption\":\"Ldubois\"},\"logo\":{\"@id\":\"https:\/\/louis-dubois.com\/#\/schema\/person\/image\/\"},\"sameAs\":[\"https:\/\/louis-dubois.com\"]}]}<\/script>\n<!-- \/ Yoast SEO plugin. -->","yoast_head_json":{"title":"Desserts et glaces \u00e0 la sorbeti\u00e8re - Louis Dubois Glacier - P\u00e2tissier","robots":{"index":"index","follow":"follow","max-snippet":"max-snippet:-1","max-image-preview":"max-image-preview:large","max-video-preview":"max-video-preview:-1"},"canonical":"https:\/\/louis-dubois.com\/?page_id=4543","og_locale":"fr_FR","og_type":"article","og_title":"Desserts et glaces \u00e0 la sorbeti\u00e8re - Louis Dubois Glacier - P\u00e2tissier","og_description":"Clear Filters Desserts et glaces \u00e0 la sorbeti\u00e8re Livre Desserts et glaces \u00e0 la sorbeti\u00e8re 14,95&nbsp;&euro; Add To Cart Ajout\u00e9...","og_url":"https:\/\/louis-dubois.com\/?page_id=4543","og_site_name":"Louis Dubois Glacier - P\u00e2tissier","article_modified_time":"2025-12-09T21:21:23+00:00","og_image":[{"url":"https:\/\/louis-dubois.com\/wp-content\/uploads\/2025\/12\/Couverture-livre-thegem-product-justified-portrait-s.jpg","type":"","width":"","height":""}],"twitter_card":"summary_large_image","twitter_misc":{"Dur\u00e9e de lecture estim\u00e9e":"1 minute"},"schema":{"@context":"https:\/\/schema.org","@graph":[{"@type":"WebPage","@id":"https:\/\/louis-dubois.com\/?page_id=4543","url":"https:\/\/louis-dubois.com\/?page_id=4543","name":"Desserts et glaces \u00e0 la sorbeti\u00e8re - Louis Dubois Glacier - P\u00e2tissier","isPartOf":{"@id":"https:\/\/louis-dubois.com\/#website"},"primaryImageOfPage":{"@id":"https:\/\/louis-dubois.com\/?page_id=4543#primaryimage"},"image":{"@id":"https:\/\/louis-dubois.com\/?page_id=4543#primaryimage"},"thumbnailUrl":"https:\/\/louis-dubois.com\/wp-content\/uploads\/2025\/12\/Couverture-livre-thegem-product-justified-portrait-s.jpg","datePublished":"2025-12-09T21:19:03+00:00","dateModified":"2025-12-09T21:21:23+00:00","breadcrumb":{"@id":"https:\/\/louis-dubois.com\/?page_id=4543#breadcrumb"},"inLanguage":"fr-FR","potentialAction":[{"@type":"ReadAction","target":["https:\/\/louis-dubois.com\/?page_id=4543"]}]},{"@type":"ImageObject","inLanguage":"fr-FR","@id":"https:\/\/louis-dubois.com\/?page_id=4543#primaryimage","url":"https:\/\/louis-dubois.com\/wp-content\/uploads\/2025\/12\/Couverture-livre-thegem-product-justified-portrait-s.jpg","contentUrl":"https:\/\/louis-dubois.com\/wp-content\/uploads\/2025\/12\/Couverture-livre-thegem-product-justified-portrait-s.jpg"},{"@type":"BreadcrumbList","@id":"https:\/\/louis-dubois.com\/?page_id=4543#breadcrumb","itemListElement":[{"@type":"ListItem","position":1,"name":"Accueil","item":"https:\/\/louis-dubois.com\/"},{"@type":"ListItem","position":2,"name":"Desserts et glaces \u00e0 la sorbeti\u00e8re"}]},{"@type":"WebSite","@id":"https:\/\/louis-dubois.com\/#website","url":"https:\/\/louis-dubois.com\/","name":"Louis Dubois Glacier - P\u00e2tissier","description":"D\u00e9couvrez l\u2019excellence p\u00e2tissi\u00e8re et glac\u00e9e pour les professionnels sign\u00e9e Louis Dubois","publisher":{"@id":"https:\/\/louis-dubois.com\/#\/schema\/person\/95357d5fcae5ab65b75e18ab948ced68"},"alternateName":"Louis Dubois Glacier - P\u00e2tissier","potentialAction":[{"@type":"SearchAction","target":{"@type":"EntryPoint","urlTemplate":"https:\/\/louis-dubois.com\/?s={search_term_string}"},"query-input":{"@type":"PropertyValueSpecification","valueRequired":true,"valueName":"search_term_string"}}],"inLanguage":"fr-FR"},{"@type":["Person","Organization"],"@id":"https:\/\/louis-dubois.com\/#\/schema\/person\/95357d5fcae5ab65b75e18ab948ced68","name":"Ldubois","image":{"@type":"ImageObject","inLanguage":"fr-FR","@id":"https:\/\/louis-dubois.com\/#\/schema\/person\/image\/","url":"https:\/\/louis-dubois.com\/wp-content\/uploads\/2022\/08\/Logo-Or-titre.png","contentUrl":"https:\/\/louis-dubois.com\/wp-content\/uploads\/2022\/08\/Logo-Or-titre.png","width":520,"height":669,"caption":"Ldubois"},"logo":{"@id":"https:\/\/louis-dubois.com\/#\/schema\/person\/image\/"},"sameAs":["https:\/\/louis-dubois.com"]}]}},"jetpack_sharing_enabled":true,"_links":{"self":[{"href":"https:\/\/louis-dubois.com\/index.php?rest_route=\/wp\/v2\/pages\/4543","targetHints":{"allow":["GET"]}}],"collection":[{"href":"https:\/\/louis-dubois.com\/index.php?rest_route=\/wp\/v2\/pages"}],"about":[{"href":"https:\/\/louis-dubois.com\/index.php?rest_route=\/wp\/v2\/types\/page"}],"author":[{"embeddable":true,"href":"https:\/\/louis-dubois.com\/index.php?rest_route=\/wp\/v2\/users\/1"}],"replies":[{"embeddable":true,"href":"https:\/\/louis-dubois.com\/index.php?rest_route=%2Fwp%2Fv2%2Fcomments&post=4543"}],"version-history":[{"count":7,"href":"https:\/\/louis-dubois.com\/index.php?rest_route=\/wp\/v2\/pages\/4543\/revisions"}],"predecessor-version":[{"id":4551,"href":"https:\/\/louis-dubois.com\/index.php?rest_route=\/wp\/v2\/pages\/4543\/revisions\/4551"}],"wp:attachment":[{"href":"https:\/\/louis-dubois.com\/index.php?rest_route=%2Fwp%2Fv2%2Fmedia&parent=4543"}],"curies":[{"name":"wp","href":"https:\/\/api.w.org\/{rel}","templated":true}]}}