{"id":4592,"date":"2025-12-12T17:34:17","date_gmt":"2025-12-12T16:34:17","guid":{"rendered":"https:\/\/louis-dubois.com\/?page_id=4592"},"modified":"2025-12-28T16:39:47","modified_gmt":"2025-12-28T15:39:47","slug":"chariot-a-glaces","status":"publish","type":"page","link":"https:\/\/louis-dubois.com\/?page_id=4592","title":{"rendered":"Les \u00c9v\u00e9nements Glac\u00e9s Privatis\u00e9s en Live"},"content":{"rendered":"\t\t<div data-elementor-type=\"wp-page\" data-elementor-id=\"4592\" class=\"elementor elementor-4592\">\n\t\t\t\t<div class=\"elementor-element elementor-element-e66c6b6 thegem-e-con-layout-thegem e-flex e-con-boxed e-con e-parent\" data-id=\"e66c6b6\" data-element_type=\"container\" data-settings=\"{&quot;thegem_container_layout&quot;:&quot;thegem&quot;}\">\r\n\t\t\t\t\t<div class=\"e-con-inner\">\r\n\t\t<div class=\"elementor-element elementor-element-53b1d4e e-con-full thegem-e-con-layout-thegem e-flex e-con e-child\" data-id=\"53b1d4e\" data-element_type=\"container\" data-settings=\"{&quot;thegem_container_layout&quot;:&quot;thegem&quot;}\">\r\n\t\t\t\t<div class=\"elementor-element elementor-element-a3071ad flex-horizontal-align-default flex-horizontal-align-tablet-default flex-horizontal-align-mobile-default flex-vertical-align-default flex-vertical-align-tablet-default flex-vertical-align-mobile-default elementor-widget elementor-widget-heading\" data-id=\"a3071ad\" data-element_type=\"widget\" data-widget_type=\"heading.default\">\n\t\t\t\t\t<h3 class=\"elementor-heading-title elementor-size-default\"><b>Choix 1<\/b> : Chariot \u00e0 glace traditionnel pour vos \u00e9v\u00e9nements<\/h3>\t\t\t\t<\/div>\n\t\t\t\t<div class=\"elementor-element elementor-element-321fda2 flex-horizontal-align-default flex-horizontal-align-tablet-default flex-horizontal-align-mobile-default flex-vertical-align-default flex-vertical-align-tablet-default flex-vertical-align-mobile-default elementor-widget elementor-widget-thegem-styledimage\" data-id=\"321fda2\" data-element_type=\"widget\" data-settings=\"{&quot;image&quot;:{&quot;url&quot;:&quot;https:\\\/\\\/louis-dubois.com\\\/wp-content\\\/uploads\\\/2025\\\/12\\\/Chariot-Louis-Dubois-NoirV3-1.png&quot;,&quot;id&quot;:25378,&quot;size&quot;:&quot;&quot;,&quot;alt&quot;:&quot;&quot;,&quot;source&quot;:&quot;library&quot;},&quot;thegem_elementor_preset&quot;:&quot;default&quot;,&quot;image_position&quot;:&quot;left&quot;}\" data-widget_type=\"thegem-styledimage.default\">\n\t\t\t\t<div class=\"elementor-widget-container\">\n\t\t\t\t\t\n<div class=\"styled-image-wrapper\">\n\t\t\t<div class=\"gem-image gem-wrapbox gem-wrapbox-default gem-wrapbox-position-left lazy-loading \">\n\t\t\t<div class=\"gem-wrapbox-inner  lazy-loading-item\"  data-ll-effect=\"move-up\">\n\t\t\t\t\t\t\t\t\t<img class=\"gem-wrapbox-element img-responsive \"\n\t\t\t\t\t\t src=\"https:\/\/louis-dubois.com\/wp-content\/uploads\/2025\/12\/Chariot-Louis-Dubois-NoirV3-1.png\"\n\t\t\t\t\t\t alt=\"Chariot-Louis-Dubois-NoirV3\">\n\t\t\t\t\t\t\t\t<\/div>\n\t\t<\/div>\n\t\t<\/div>\n\n\n\t\n\t\t\t\t\t\t<\/div>\n\t\t\t\t<\/div>\n\t\t<div class=\"elementor-element elementor-element-34dedc2 e-con-full thegem-e-con-layout-thegem e-flex e-con e-child\" data-id=\"34dedc2\" data-element_type=\"container\" data-settings=\"{&quot;thegem_container_layout&quot;:&quot;thegem&quot;}\">\r\n\t\t\t\t<div class=\"elementor-element elementor-element-2cc6ab0 flex-horizontal-align-default flex-horizontal-align-tablet-default flex-horizontal-align-mobile-default flex-vertical-align-default flex-vertical-align-tablet-default flex-vertical-align-mobile-default elementor-widget elementor-widget-text-editor\" data-id=\"2cc6ab0\" data-element_type=\"widget\" data-widget_type=\"text-editor.default\">\n\t\t\t\t\t\t\t\t\t\t\t\t<div class=\"elementor-text-editor elementor-clearfix\">\r\n\t\t\t\t\t\t<p class=\"p1\">Notre chariot \u00e0 glace au design traditionnel est une animation gourmande id\u00e9ale pour sublimer vos \u00e9v\u00e9nements priv\u00e9s et professionnels. Il s\u2019int\u00e8gre parfaitement \u00e0 de nombreuses occasions : anniversaires, mariages, bapt\u00eames, r\u00e9ceptions, soir\u00e9es priv\u00e9es, \u00e9v\u00e9nements d\u2019entreprise ou manifestations festives.<\/p><p class=\"p1\">\u00a0La prestation comprend la location du chariot \u00e0 glace ainsi que la pr\u00e9sence de son \u00e9quipe de glaciers, charg\u00e9e du service et de l\u2019animation tout au long de l\u2019\u00e9v\u00e9nement.<\/p><p class=\"p1\">Afin de compl\u00e9ter l\u2019exp\u00e9rience, des cornets maison sont disponibles, ainsi que des mini pots de glace, permettant de prolonger le plaisir apr\u00e8s l\u2019\u00e9v\u00e9nement ou de proposer une offre \u00e0 emporter.Cette animation glace cl\u00e9 en main associe savoir-faire artisanal, qualit\u00e9 des produits et convivialit\u00e9, pour offrir \u00e0 vos invit\u00e9s un moment gourmand et m\u00e9morable.<\/p>\t\t\t\t\t\t\t<\/div>\r\n\t\t\t\t\t\t\t\t\t\t<\/div>\n\t\t\t\t<\/div>\n\t\t<div class=\"elementor-element elementor-element-3082a78 e-con-full thegem-e-con-layout-thegem e-flex e-con e-child\" data-id=\"3082a78\" data-element_type=\"container\" data-settings=\"{&quot;thegem_container_layout&quot;:&quot;thegem&quot;}\">\r\n\t\t\t\t<\/div>\n\t\t\t\t<\/div>\n\t\t<div class=\"elementor-element elementor-element-14868dd e-con-full thegem-e-con-layout-elementor e-flex e-con e-child\" data-id=\"14868dd\" data-element_type=\"container\" data-settings=\"{&quot;thegem_container_layout&quot;:&quot;elementor&quot;}\">\r\n\t\t\t\t<div class=\"elementor-element elementor-element-2da39c4 flex-horizontal-align-default flex-horizontal-align-tablet-default flex-horizontal-align-mobile-default flex-vertical-align-default flex-vertical-align-tablet-default flex-vertical-align-mobile-default elementor-widget elementor-widget-heading\" data-id=\"2da39c4\" data-element_type=\"widget\" data-widget_type=\"heading.default\">\n\t\t\t\t\t<h3 class=\"elementor-heading-title elementor-size-default\"><b>Choix 2<\/b> : Fabrication de Glace par le Chef Louis Dubois en live<\/h3>\t\t\t\t<\/div>\n\t\t\t\t<div class=\"elementor-element elementor-element-fc5989e flex-horizontal-align-default flex-horizontal-align-tablet-default flex-horizontal-align-mobile-default flex-vertical-align-default flex-vertical-align-tablet-default flex-vertical-align-mobile-default elementor-widget elementor-widget-text-editor\" data-id=\"fc5989e\" data-element_type=\"widget\" data-widget_type=\"text-editor.default\">\n\t\t\t\t\t\t\t\t\t\t\t\t<div class=\"elementor-text-editor elementor-clearfix\">\r\n\t\t\t\t\t\t<p class=\"p1\">Pour vos \u00e9v\u00e9nements glac\u00e9s le chef Louis Dubois se d\u00e9place en personne et vous propose de cr\u00e9ez ensemble des mini coupes de glace selon vos go\u00fbts et vos envies&#8230;.jusqu a 3 turbines peuvent tourner devant vos invites et ainsi vous pourez proposer jusqu&rsquo;\u00e0 3 compositions glac\u00e9es&#8230;.<\/p>\t\t\t\t\t\t\t<\/div>\r\n\t\t\t\t\t\t\t\t\t\t<\/div>\n\t\t\t\t<div class=\"elementor-element elementor-element-465a380 flex-horizontal-align-default flex-horizontal-align-tablet-default flex-horizontal-align-mobile-default flex-vertical-align-default flex-vertical-align-tablet-default flex-vertical-align-mobile-default elementor-widget elementor-widget-heading\" data-id=\"465a380\" data-element_type=\"widget\" data-widget_type=\"heading.default\">\n\t\t\t\t\t<h4 class=\"elementor-heading-title elementor-size-default\">Evenement Turbines<br> Ferrari Monaco<\/h4>\t\t\t\t<\/div>\n\t\t\t\t<div class=\"elementor-element elementor-element-cceebf0 flex-horizontal-align-default flex-horizontal-align-tablet-default flex-horizontal-align-mobile-default flex-vertical-align-default flex-vertical-align-tablet-default flex-vertical-align-mobile-default elementor-widget elementor-widget-thegem-styledimage\" data-id=\"cceebf0\" data-element_type=\"widget\" data-settings=\"{&quot;image&quot;:{&quot;url&quot;:&quot;https:\\\/\\\/louis-dubois.com\\\/wp-content\\\/uploads\\\/2025\\\/12\\\/WhatsApp-Image-2025-12-28-at-16.24.04.jpeg&quot;,&quot;id&quot;:25490,&quot;size&quot;:&quot;&quot;,&quot;alt&quot;:&quot;&quot;,&quot;source&quot;:&quot;library&quot;},&quot;thegem_elementor_preset&quot;:&quot;default&quot;,&quot;image_position&quot;:&quot;left&quot;}\" data-widget_type=\"thegem-styledimage.default\">\n\t\t\t\t<div class=\"elementor-widget-container\">\n\t\t\t\t\t\n<div class=\"styled-image-wrapper\">\n\t\t\t<div class=\"gem-image gem-wrapbox gem-wrapbox-default gem-wrapbox-position-left lazy-loading \">\n\t\t\t<div class=\"gem-wrapbox-inner  lazy-loading-item\"  data-ll-effect=\"move-up\">\n\t\t\t\t\t\t\t\t\t<img class=\"gem-wrapbox-element img-responsive \"\n\t\t\t\t\t\t src=\"https:\/\/louis-dubois.com\/wp-content\/uploads\/2025\/12\/WhatsApp-Image-2025-12-28-at-16.24.04.jpeg\"\n\t\t\t\t\t\t alt=\"WhatsApp Image 2025-12-28 at 16.24.04\">\n\t\t\t\t\t\t\t\t<\/div>\n\t\t<\/div>\n\t\t<\/div>\n\n\n\t\n\t\t\t\t\t\t<\/div>\n\t\t\t\t<\/div>\n\t\t<div class=\"elementor-element elementor-element-a2e6c92 e-grid e-con-full thegem-e-con-layout-thegem e-con e-child\" data-id=\"a2e6c92\" data-element_type=\"container\" data-settings=\"{&quot;thegem_container_layout&quot;:&quot;thegem&quot;}\">\r\n\t\t\t\t<div class=\"elementor-element elementor-element-895fa9a flex-horizontal-align-default flex-horizontal-align-tablet-default flex-horizontal-align-mobile-default flex-vertical-align-default flex-vertical-align-tablet-default flex-vertical-align-mobile-default elementor-widget elementor-widget-thegem-counter\" data-id=\"895fa9a\" data-element_type=\"widget\" data-settings=\"{&quot;thegem_elementor_preset&quot;:&quot;counter-preset2&quot;,&quot;counter_animation_enabled&quot;:&quot;yes&quot;}\" data-widget_type=\"thegem-counter.default\">\n\t\t\t\t<div class=\"elementor-widget-container\">\n\t\t\t\t\t\n\t\t<div class=\"counter-preset2\">\n\t\t\t<div class=\"gem-counter-container\">\n\n                <div class=\"preloader\"><div class=\"preloader-spin\"><\/div><\/div>\n\n\t\t\t\t\n<div data-number-format=\"(ddd).ddd\" class=\"gem-counter-box\">\n\t<div class=\"gem-counter\">\n\t\t<div class=\"gem-counter-inner\">\n\t\t\t\t\t\t<div class=\"gem-counter-number thin-font\">\n\t\t\t\t<div class=\"gem-counter-odometer odometer odometer-auto-theme\" data-to=\"23\">\n\t\t\t\t\t\t\t\t\t\t\t0\t\t\t\t\t\t\t\t\t<\/div>\n\n\t\t\t\t\t\t\t<\/div>\n\t\t\t<div class=\"gem-counter-text styled-subtitle\">\n\t\t\t\tParfums classiques &amp; Signature\t\t\t<\/div>\n\t\t<\/div>\n\t<\/div>\n\t<\/div>\t\t\t<\/div>\n\t\t<\/div>\n\n\t\t\t\t\t\t<\/div>\n\t\t\t\t<\/div>\n\t\t\t\t<div class=\"elementor-element elementor-element-2d90752 flex-horizontal-align-default flex-horizontal-align-tablet-default flex-horizontal-align-mobile-default flex-vertical-align-default flex-vertical-align-tablet-default flex-vertical-align-mobile-default elementor-widget elementor-widget-thegem-counter\" data-id=\"2d90752\" data-element_type=\"widget\" data-settings=\"{&quot;thegem_elementor_preset&quot;:&quot;counter-preset2&quot;,&quot;counter_animation_enabled&quot;:&quot;yes&quot;}\" data-widget_type=\"thegem-counter.default\">\n\t\t\t\t<div class=\"elementor-widget-container\">\n\t\t\t\t\t\n\t\t<div class=\"counter-preset2\">\n\t\t\t<div class=\"gem-counter-container\">\n\n                <div class=\"preloader\"><div class=\"preloader-spin\"><\/div><\/div>\n\n\t\t\t\t\n<div data-number-format=\"(ddd).ddd\" class=\"gem-counter-box\">\n\t<div class=\"gem-counter\">\n\t\t<div class=\"gem-counter-inner\">\n\t\t\t\t\t\t<div class=\"gem-counter-number thin-font\">\n\t\t\t\t<div class=\"gem-counter-odometer odometer odometer-auto-theme\" data-to=\"25\">\n\t\t\t\t\t\t\t\t\t\t\t0\t\t\t\t\t\t\t\t\t<\/div>\n\n\t\t\t\t\t\t\t<\/div>\n\t\t\t<div class=\"gem-counter-text styled-subtitle\">\n\t\t\t\tSorbets\t\t\t<\/div>\n\t\t<\/div>\n\t<\/div>\n\t<\/div>\t\t\t<\/div>\n\t\t<\/div>\n\n\t\t\t\t\t\t<\/div>\n\t\t\t\t<\/div>\n\t\t\t\t<\/div>\n\t\t\t\t<div class=\"elementor-element elementor-element-a25344f flex-horizontal-align-default flex-horizontal-align-tablet-default flex-horizontal-align-mobile-default flex-vertical-align-default flex-vertical-align-tablet-default flex-vertical-align-mobile-default elementor-widget elementor-widget-thegem-styledbutton\" data-id=\"a25344f\" data-element_type=\"widget\" data-settings=\"{&quot;thegem_button_skin&quot;:&quot;flat&quot;}\" data-widget_type=\"thegem-styledbutton.default\">\n\t\t\t\t<div class=\"elementor-widget-container\">\n\t\t\t\t\t\n<div class=\"gem-button-container gem-widget-button\">\n\n\t\t<a class=\"gem-button gem-button-size-tiny gem-button-text-weight-bold gem-button-style-flat\" href=\"#\" role=\"button\">\n\t\t<span class=\"gem-inner-wrapper-btn\">\n\t\t\t\t\t\t<span class=\"gem-text-button\">\n\t\t\t\tDemande de devis\t\t\t<\/span>\n\t\t<\/span>\n\t<\/a>\n\n\t\n<\/div>\t\t\t\t<\/div>\n\t\t\t\t<\/div>\n\t\t\t\t<\/div>\n\t\t\t\t\t<\/div>\n\t\t\t\t<\/div>\n\t\t\t\t<\/div>\n\t\t","protected":false},"excerpt":{"rendered":"<p>Choix 1 : Chariot \u00e0 glace traditionnel pour vos \u00e9v\u00e9nements Notre chariot \u00e0 glace au design traditionnel est une animation&#8230;<\/p>\n","protected":false},"author":1,"featured_media":0,"parent":0,"menu_order":0,"comment_status":"closed","ping_status":"closed","template":"","meta":{"footnotes":""},"class_list":["post-4592","page","type-page","status-publish"],"yoast_head":"<!-- This site is optimized with the Yoast SEO plugin v26.5 - https:\/\/yoast.com\/wordpress\/plugins\/seo\/ -->\n<title>Les \u00c9v\u00e9nements Glac\u00e9s Privatis\u00e9s en Live - Louis Dubois Glacier - P\u00e2tissier<\/title>\n<meta name=\"robots\" content=\"index, follow, max-snippet:-1, max-image-preview:large, max-video-preview:-1\" \/>\n<link rel=\"canonical\" href=\"https:\/\/louis-dubois.com\/?page_id=4592\" \/>\n<meta property=\"og:locale\" content=\"fr_FR\" \/>\n<meta property=\"og:type\" content=\"article\" \/>\n<meta property=\"og:title\" content=\"Les \u00c9v\u00e9nements Glac\u00e9s Privatis\u00e9s en Live - Louis Dubois Glacier - P\u00e2tissier\" \/>\n<meta property=\"og:description\" content=\"Choix 1 : Chariot \u00e0 glace traditionnel pour vos \u00e9v\u00e9nements Notre chariot \u00e0 glace au design traditionnel est une animation...\" \/>\n<meta property=\"og:url\" content=\"https:\/\/louis-dubois.com\/?page_id=4592\" \/>\n<meta property=\"og:site_name\" content=\"Louis Dubois Glacier - P\u00e2tissier\" \/>\n<meta property=\"article:modified_time\" content=\"2025-12-28T15:39:47+00:00\" \/>\n<meta property=\"og:image\" content=\"https:\/\/louis-dubois.com\/wp-content\/uploads\/2025\/12\/Logo-V8-black.png\" \/>\n\t<meta property=\"og:image:width\" content=\"1487\" \/>\n\t<meta property=\"og:image:height\" content=\"689\" \/>\n\t<meta property=\"og:image:type\" content=\"image\/png\" \/>\n<meta name=\"twitter:card\" content=\"summary_large_image\" \/>\n<meta name=\"twitter:label1\" content=\"Dur\u00e9e de lecture estim\u00e9e\" \/>\n\t<meta name=\"twitter:data1\" content=\"1 minute\" \/>\n<script type=\"application\/ld+json\" class=\"yoast-schema-graph\">{\"@context\":\"https:\/\/schema.org\",\"@graph\":[{\"@type\":\"WebPage\",\"@id\":\"https:\/\/louis-dubois.com\/?page_id=4592\",\"url\":\"https:\/\/louis-dubois.com\/?page_id=4592\",\"name\":\"Les \u00c9v\u00e9nements Glac\u00e9s Privatis\u00e9s en Live - Louis Dubois Glacier - P\u00e2tissier\",\"isPartOf\":{\"@id\":\"https:\/\/louis-dubois.com\/#website\"},\"datePublished\":\"2025-12-12T16:34:17+00:00\",\"dateModified\":\"2025-12-28T15:39:47+00:00\",\"breadcrumb\":{\"@id\":\"https:\/\/louis-dubois.com\/?page_id=4592#breadcrumb\"},\"inLanguage\":\"fr-FR\",\"potentialAction\":[{\"@type\":\"ReadAction\",\"target\":[\"https:\/\/louis-dubois.com\/?page_id=4592\"]}]},{\"@type\":\"BreadcrumbList\",\"@id\":\"https:\/\/louis-dubois.com\/?page_id=4592#breadcrumb\",\"itemListElement\":[{\"@type\":\"ListItem\",\"position\":1,\"name\":\"Accueil\",\"item\":\"https:\/\/louis-dubois.com\/\"},{\"@type\":\"ListItem\",\"position\":2,\"name\":\"Les \u00c9v\u00e9nements Glac\u00e9s Privatis\u00e9s en Live\"}]},{\"@type\":\"WebSite\",\"@id\":\"https:\/\/louis-dubois.com\/#website\",\"url\":\"https:\/\/louis-dubois.com\/\",\"name\":\"Louis Dubois Glacier - P\u00e2tissier\",\"description\":\"D\u00e9couvrez l\u2019excellence p\u00e2tissi\u00e8re et glac\u00e9e pour les professionnels sign\u00e9e Louis Dubois\",\"publisher\":{\"@id\":\"https:\/\/louis-dubois.com\/#\/schema\/person\/95357d5fcae5ab65b75e18ab948ced68\"},\"alternateName\":\"Louis Dubois Glacier - P\u00e2tissier\",\"potentialAction\":[{\"@type\":\"SearchAction\",\"target\":{\"@type\":\"EntryPoint\",\"urlTemplate\":\"https:\/\/louis-dubois.com\/?s={search_term_string}\"},\"query-input\":{\"@type\":\"PropertyValueSpecification\",\"valueRequired\":true,\"valueName\":\"search_term_string\"}}],\"inLanguage\":\"fr-FR\"},{\"@type\":[\"Person\",\"Organization\"],\"@id\":\"https:\/\/louis-dubois.com\/#\/schema\/person\/95357d5fcae5ab65b75e18ab948ced68\",\"name\":\"Ldubois\",\"image\":{\"@type\":\"ImageObject\",\"inLanguage\":\"fr-FR\",\"@id\":\"https:\/\/louis-dubois.com\/#\/schema\/person\/image\/\",\"url\":\"https:\/\/louis-dubois.com\/wp-content\/uploads\/2022\/08\/Logo-Or-titre.png\",\"contentUrl\":\"https:\/\/louis-dubois.com\/wp-content\/uploads\/2022\/08\/Logo-Or-titre.png\",\"width\":520,\"height\":669,\"caption\":\"Ldubois\"},\"logo\":{\"@id\":\"https:\/\/louis-dubois.com\/#\/schema\/person\/image\/\"},\"sameAs\":[\"https:\/\/louis-dubois.com\"]}]}<\/script>\n<!-- \/ Yoast SEO plugin. -->","yoast_head_json":{"title":"Les \u00c9v\u00e9nements Glac\u00e9s Privatis\u00e9s en Live - Louis Dubois Glacier - P\u00e2tissier","robots":{"index":"index","follow":"follow","max-snippet":"max-snippet:-1","max-image-preview":"max-image-preview:large","max-video-preview":"max-video-preview:-1"},"canonical":"https:\/\/louis-dubois.com\/?page_id=4592","og_locale":"fr_FR","og_type":"article","og_title":"Les \u00c9v\u00e9nements Glac\u00e9s Privatis\u00e9s en Live - Louis Dubois Glacier - P\u00e2tissier","og_description":"Choix 1 : Chariot \u00e0 glace traditionnel pour vos \u00e9v\u00e9nements Notre chariot \u00e0 glace au design traditionnel est une animation...","og_url":"https:\/\/louis-dubois.com\/?page_id=4592","og_site_name":"Louis Dubois Glacier - P\u00e2tissier","article_modified_time":"2025-12-28T15:39:47+00:00","og_image":[{"width":1487,"height":689,"url":"https:\/\/louis-dubois.com\/wp-content\/uploads\/2025\/12\/Logo-V8-black.png","type":"image\/png"}],"twitter_card":"summary_large_image","twitter_misc":{"Dur\u00e9e de lecture estim\u00e9e":"1 minute"},"schema":{"@context":"https:\/\/schema.org","@graph":[{"@type":"WebPage","@id":"https:\/\/louis-dubois.com\/?page_id=4592","url":"https:\/\/louis-dubois.com\/?page_id=4592","name":"Les \u00c9v\u00e9nements Glac\u00e9s Privatis\u00e9s en Live - Louis Dubois Glacier - P\u00e2tissier","isPartOf":{"@id":"https:\/\/louis-dubois.com\/#website"},"datePublished":"2025-12-12T16:34:17+00:00","dateModified":"2025-12-28T15:39:47+00:00","breadcrumb":{"@id":"https:\/\/louis-dubois.com\/?page_id=4592#breadcrumb"},"inLanguage":"fr-FR","potentialAction":[{"@type":"ReadAction","target":["https:\/\/louis-dubois.com\/?page_id=4592"]}]},{"@type":"BreadcrumbList","@id":"https:\/\/louis-dubois.com\/?page_id=4592#breadcrumb","itemListElement":[{"@type":"ListItem","position":1,"name":"Accueil","item":"https:\/\/louis-dubois.com\/"},{"@type":"ListItem","position":2,"name":"Les \u00c9v\u00e9nements Glac\u00e9s Privatis\u00e9s en Live"}]},{"@type":"WebSite","@id":"https:\/\/louis-dubois.com\/#website","url":"https:\/\/louis-dubois.com\/","name":"Louis Dubois Glacier - P\u00e2tissier","description":"D\u00e9couvrez l\u2019excellence p\u00e2tissi\u00e8re et glac\u00e9e pour les professionnels sign\u00e9e Louis Dubois","publisher":{"@id":"https:\/\/louis-dubois.com\/#\/schema\/person\/95357d5fcae5ab65b75e18ab948ced68"},"alternateName":"Louis Dubois Glacier - P\u00e2tissier","potentialAction":[{"@type":"SearchAction","target":{"@type":"EntryPoint","urlTemplate":"https:\/\/louis-dubois.com\/?s={search_term_string}"},"query-input":{"@type":"PropertyValueSpecification","valueRequired":true,"valueName":"search_term_string"}}],"inLanguage":"fr-FR"},{"@type":["Person","Organization"],"@id":"https:\/\/louis-dubois.com\/#\/schema\/person\/95357d5fcae5ab65b75e18ab948ced68","name":"Ldubois","image":{"@type":"ImageObject","inLanguage":"fr-FR","@id":"https:\/\/louis-dubois.com\/#\/schema\/person\/image\/","url":"https:\/\/louis-dubois.com\/wp-content\/uploads\/2022\/08\/Logo-Or-titre.png","contentUrl":"https:\/\/louis-dubois.com\/wp-content\/uploads\/2022\/08\/Logo-Or-titre.png","width":520,"height":669,"caption":"Ldubois"},"logo":{"@id":"https:\/\/louis-dubois.com\/#\/schema\/person\/image\/"},"sameAs":["https:\/\/louis-dubois.com"]}]}},"jetpack_sharing_enabled":true,"_links":{"self":[{"href":"https:\/\/louis-dubois.com\/index.php?rest_route=\/wp\/v2\/pages\/4592","targetHints":{"allow":["GET"]}}],"collection":[{"href":"https:\/\/louis-dubois.com\/index.php?rest_route=\/wp\/v2\/pages"}],"about":[{"href":"https:\/\/louis-dubois.com\/index.php?rest_route=\/wp\/v2\/types\/page"}],"author":[{"embeddable":true,"href":"https:\/\/louis-dubois.com\/index.php?rest_route=\/wp\/v2\/users\/1"}],"replies":[{"embeddable":true,"href":"https:\/\/louis-dubois.com\/index.php?rest_route=%2Fwp%2Fv2%2Fcomments&post=4592"}],"version-history":[{"count":82,"href":"https:\/\/louis-dubois.com\/index.php?rest_route=\/wp\/v2\/pages\/4592\/revisions"}],"predecessor-version":[{"id":25500,"href":"https:\/\/louis-dubois.com\/index.php?rest_route=\/wp\/v2\/pages\/4592\/revisions\/25500"}],"wp:attachment":[{"href":"https:\/\/louis-dubois.com\/index.php?rest_route=%2Fwp%2Fv2%2Fmedia&parent=4592"}],"curies":[{"name":"wp","href":"https:\/\/api.w.org\/{rel}","templated":true}]}}