{"id":3159,"date":"2025-11-03T20:15:57","date_gmt":"2025-11-03T19:15:57","guid":{"rendered":"https:\/\/campusid.uk\/?post_type=product&#038;p=3159"},"modified":"2025-12-03T17:43:56","modified_gmt":"2025-12-03T16:43:56","slug":"vanille-tahiti-vairupe-medaille-dor-paris-2025","status":"publish","type":"product","link":"https:\/\/louis-dubois.com\/?product=vanille-tahiti-vairupe-medaille-dor-paris-2025","title":{"rendered":"Vanille Tahiti VAIRUPE \u2013 M\u00e9daille d\u2019Or Paris 2025"},"content":{"rendered":"\t\t<div data-elementor-type=\"wp-post\" data-elementor-id=\"3159\" class=\"elementor elementor-3159\">\n\t\t\t\t<div class=\"elementor-element elementor-element-e06703d thegem-e-con-layout-thegem e-flex e-con-boxed e-con e-parent\" data-id=\"e06703d\" data-element_type=\"container\" data-settings=\"{&quot;thegem_container_layout&quot;:&quot;thegem&quot;}\">\r\n\t\t\t\t\t<div class=\"e-con-inner\">\r\n\t\t\t\t<div class=\"elementor-element elementor-element-8637e40 flex-horizontal-align-default flex-horizontal-align-tablet-default flex-horizontal-align-mobile-default flex-vertical-align-default flex-vertical-align-tablet-default flex-vertical-align-mobile-default elementor-widget elementor-widget-text-editor\" data-id=\"8637e40\" data-element_type=\"widget\" data-widget_type=\"text-editor.default\">\n\t\t\t\t\t\t\t\t\t\t\t\t<div class=\"elementor-text-editor elementor-clearfix\">\r\n\t\t\t\t\t\t<p class=\"MsoNormal\" style=\"margin: 0cm; font-size: 12pt; font-family: Aptos, sans-serif; color: #000000; letter-spacing: normal;\"><span style=\"font-size: 13pt; font-family: AppleSystemUIFont;\">Une glace d\u2019une \u00e9l\u00e9gance rare o\u00f9 la Vanille Tahiti VAIRUPE d\u00e9voile son intensit\u00e9 florale et sa douceur profonde. Texture somptueuse, ar\u00f4mes longs et enveloppants : une signature d\u2019excellence, couronn\u00e9e au Concours G\u00e9n\u00e9ral Agricole.<\/span><\/p>\t\t\t\t\t\t\t<\/div>\r\n\t\t\t\t\t\t\t\t\t\t<\/div>\n\t\t\t\t\t<\/div>\n\t\t\t\t<\/div>\n\t\t\t\t<\/div>\n\t\t","protected":false},"excerpt":{"rendered":"<p class=\"p1\">Une glace d\u2019une \u00e9l\u00e9gance rare o\u00f9 la Vanille Tahiti VAIRUPE d\u00e9voile son intensit\u00e9 florale et sa douceur profonde. Texture somptueuse, ar\u00f4mes longs et enveloppants : une signature d\u2019excellence, couronn\u00e9e au Concours G\u00e9n\u00e9ral Agricole.<\/p>\n","protected":false},"featured_media":3945,"comment_status":"open","ping_status":"closed","template":"","meta":[],"product_brand":[],"product_cat":[22,53],"product_tag":[54,56,57,55],"class_list":{"0":"post-3159","1":"product","2":"type-product","3":"status-publish","4":"has-post-thumbnail","6":"product_cat-glace","7":"product_cat-les-classiques","8":"product_tag-glace","9":"product_tag-tahiti","10":"product_tag-vairupe","11":"product_tag-vanille","13":"first","14":"instock","15":"taxable","16":"shipping-taxable","17":"product-type-simple"},"yoast_head":"<!-- This site is optimized with the Yoast SEO plugin v26.5 - https:\/\/yoast.com\/wordpress\/plugins\/seo\/ -->\n<title>Vanille Tahiti VAIRUPE \u2013 M\u00e9daille d\u2019Or Paris 2025 - Louis Dubois Glacier - P\u00e2tissier<\/title>\n<meta name=\"robots\" content=\"index, follow, max-snippet:-1, max-image-preview:large, max-video-preview:-1\" \/>\n<link rel=\"canonical\" href=\"https:\/\/louis-dubois.com\/?product=vanille-tahiti-vairupe-medaille-dor-paris-2025\" \/>\n<meta property=\"og:locale\" content=\"fr_FR\" \/>\n<meta property=\"og:type\" content=\"article\" \/>\n<meta property=\"og:title\" content=\"Vanille Tahiti VAIRUPE \u2013 M\u00e9daille d\u2019Or Paris 2025 - Louis Dubois Glacier - P\u00e2tissier\" \/>\n<meta property=\"og:description\" content=\"Une glace d\u2019une \u00e9l\u00e9gance rare o\u00f9 la Vanille Tahiti VAIRUPE d\u00e9voile son intensit\u00e9 florale et sa douceur profonde. Texture somptueuse, ar\u00f4mes longs et enveloppants : une signature d\u2019excellence, couronn\u00e9e au Concours G\u00e9n\u00e9ral Agricole.\" \/>\n<meta property=\"og:url\" content=\"https:\/\/louis-dubois.com\/?product=vanille-tahiti-vairupe-medaille-dor-paris-2025\" \/>\n<meta property=\"og:site_name\" content=\"Louis Dubois Glacier - P\u00e2tissier\" \/>\n<meta property=\"article:modified_time\" content=\"2025-12-03T16:43:56+00:00\" \/>\n<meta property=\"og:image\" content=\"https:\/\/louis-dubois.com\/wp-content\/uploads\/2025\/11\/Glace-Vanille-de-Tahiti.png\" \/>\n\t<meta property=\"og:image:width\" content=\"1200\" \/>\n\t<meta property=\"og:image:height\" content=\"896\" \/>\n\t<meta property=\"og:image:type\" content=\"image\/png\" \/>\n<meta name=\"twitter:card\" content=\"summary_large_image\" \/>\n<script type=\"application\/ld+json\" class=\"yoast-schema-graph\">{\"@context\":\"https:\/\/schema.org\",\"@graph\":[{\"@type\":\"WebPage\",\"@id\":\"https:\/\/louis-dubois.com\/?product=vanille-tahiti-vairupe-medaille-dor-paris-2025\",\"url\":\"https:\/\/louis-dubois.com\/?product=vanille-tahiti-vairupe-medaille-dor-paris-2025\",\"name\":\"Vanille Tahiti VAIRUPE \u2013 M\u00e9daille d\u2019Or Paris 2025 - Louis Dubois Glacier - P\u00e2tissier\",\"isPartOf\":{\"@id\":\"https:\/\/louis-dubois.com\/#website\"},\"primaryImageOfPage\":{\"@id\":\"https:\/\/louis-dubois.com\/?product=vanille-tahiti-vairupe-medaille-dor-paris-2025#primaryimage\"},\"image\":{\"@id\":\"https:\/\/louis-dubois.com\/?product=vanille-tahiti-vairupe-medaille-dor-paris-2025#primaryimage\"},\"thumbnailUrl\":\"https:\/\/louis-dubois.com\/wp-content\/uploads\/2025\/11\/Glace-Vanille-de-Tahiti.png\",\"datePublished\":\"2025-11-03T19:15:57+00:00\",\"dateModified\":\"2025-12-03T16:43:56+00:00\",\"breadcrumb\":{\"@id\":\"https:\/\/louis-dubois.com\/?product=vanille-tahiti-vairupe-medaille-dor-paris-2025#breadcrumb\"},\"inLanguage\":\"fr-FR\",\"potentialAction\":[{\"@type\":\"ReadAction\",\"target\":[\"https:\/\/louis-dubois.com\/?product=vanille-tahiti-vairupe-medaille-dor-paris-2025\"]}]},{\"@type\":\"ImageObject\",\"inLanguage\":\"fr-FR\",\"@id\":\"https:\/\/louis-dubois.com\/?product=vanille-tahiti-vairupe-medaille-dor-paris-2025#primaryimage\",\"url\":\"https:\/\/louis-dubois.com\/wp-content\/uploads\/2025\/11\/Glace-Vanille-de-Tahiti.png\",\"contentUrl\":\"https:\/\/louis-dubois.com\/wp-content\/uploads\/2025\/11\/Glace-Vanille-de-Tahiti.png\",\"width\":1200,\"height\":896},{\"@type\":\"BreadcrumbList\",\"@id\":\"https:\/\/louis-dubois.com\/?product=vanille-tahiti-vairupe-medaille-dor-paris-2025#breadcrumb\",\"itemListElement\":[{\"@type\":\"ListItem\",\"position\":1,\"name\":\"Accueil\",\"item\":\"https:\/\/louis-dubois.com\/\"},{\"@type\":\"ListItem\",\"position\":2,\"name\":\"La boutique\",\"item\":\"https:\/\/louis-dubois.com\/?page_id=2932\"},{\"@type\":\"ListItem\",\"position\":3,\"name\":\"Vanille Tahiti VAIRUPE \u2013 M\u00e9daille d\u2019Or Paris 2025\"}]},{\"@type\":\"WebSite\",\"@id\":\"https:\/\/louis-dubois.com\/#website\",\"url\":\"https:\/\/louis-dubois.com\/\",\"name\":\"Louis Dubois Glacier - P\u00e2tissier\",\"description\":\"D\u00e9couvrez l\u2019excellence p\u00e2tissi\u00e8re et glac\u00e9e pour les professionnels sign\u00e9e Louis Dubois\",\"publisher\":{\"@id\":\"https:\/\/louis-dubois.com\/#\/schema\/person\/95357d5fcae5ab65b75e18ab948ced68\"},\"alternateName\":\"Louis Dubois Glacier - P\u00e2tissier\",\"potentialAction\":[{\"@type\":\"SearchAction\",\"target\":{\"@type\":\"EntryPoint\",\"urlTemplate\":\"https:\/\/louis-dubois.com\/?s={search_term_string}\"},\"query-input\":{\"@type\":\"PropertyValueSpecification\",\"valueRequired\":true,\"valueName\":\"search_term_string\"}}],\"inLanguage\":\"fr-FR\"},{\"@type\":[\"Person\",\"Organization\"],\"@id\":\"https:\/\/louis-dubois.com\/#\/schema\/person\/95357d5fcae5ab65b75e18ab948ced68\",\"name\":\"Ldubois\",\"image\":{\"@type\":\"ImageObject\",\"inLanguage\":\"fr-FR\",\"@id\":\"https:\/\/louis-dubois.com\/#\/schema\/person\/image\/\",\"url\":\"https:\/\/louis-dubois.com\/wp-content\/uploads\/2022\/08\/Logo-Or-titre.png\",\"contentUrl\":\"https:\/\/louis-dubois.com\/wp-content\/uploads\/2022\/08\/Logo-Or-titre.png\",\"width\":520,\"height\":669,\"caption\":\"Ldubois\"},\"logo\":{\"@id\":\"https:\/\/louis-dubois.com\/#\/schema\/person\/image\/\"},\"sameAs\":[\"https:\/\/louis-dubois.com\"]}]}<\/script>\n<!-- \/ Yoast SEO plugin. -->","yoast_head_json":{"title":"Vanille Tahiti VAIRUPE \u2013 M\u00e9daille d\u2019Or Paris 2025 - Louis Dubois Glacier - P\u00e2tissier","robots":{"index":"index","follow":"follow","max-snippet":"max-snippet:-1","max-image-preview":"max-image-preview:large","max-video-preview":"max-video-preview:-1"},"canonical":"https:\/\/louis-dubois.com\/?product=vanille-tahiti-vairupe-medaille-dor-paris-2025","og_locale":"fr_FR","og_type":"article","og_title":"Vanille Tahiti VAIRUPE \u2013 M\u00e9daille d\u2019Or Paris 2025 - Louis Dubois Glacier - P\u00e2tissier","og_description":"Une glace d\u2019une \u00e9l\u00e9gance rare o\u00f9 la Vanille Tahiti VAIRUPE d\u00e9voile son intensit\u00e9 florale et sa douceur profonde. Texture somptueuse, ar\u00f4mes longs et enveloppants : une signature d\u2019excellence, couronn\u00e9e au Concours G\u00e9n\u00e9ral Agricole.","og_url":"https:\/\/louis-dubois.com\/?product=vanille-tahiti-vairupe-medaille-dor-paris-2025","og_site_name":"Louis Dubois Glacier - P\u00e2tissier","article_modified_time":"2025-12-03T16:43:56+00:00","og_image":[{"width":1200,"height":896,"url":"https:\/\/louis-dubois.com\/wp-content\/uploads\/2025\/11\/Glace-Vanille-de-Tahiti.png","type":"image\/png"}],"twitter_card":"summary_large_image","schema":{"@context":"https:\/\/schema.org","@graph":[{"@type":"WebPage","@id":"https:\/\/louis-dubois.com\/?product=vanille-tahiti-vairupe-medaille-dor-paris-2025","url":"https:\/\/louis-dubois.com\/?product=vanille-tahiti-vairupe-medaille-dor-paris-2025","name":"Vanille Tahiti VAIRUPE \u2013 M\u00e9daille d\u2019Or Paris 2025 - Louis Dubois Glacier - P\u00e2tissier","isPartOf":{"@id":"https:\/\/louis-dubois.com\/#website"},"primaryImageOfPage":{"@id":"https:\/\/louis-dubois.com\/?product=vanille-tahiti-vairupe-medaille-dor-paris-2025#primaryimage"},"image":{"@id":"https:\/\/louis-dubois.com\/?product=vanille-tahiti-vairupe-medaille-dor-paris-2025#primaryimage"},"thumbnailUrl":"https:\/\/louis-dubois.com\/wp-content\/uploads\/2025\/11\/Glace-Vanille-de-Tahiti.png","datePublished":"2025-11-03T19:15:57+00:00","dateModified":"2025-12-03T16:43:56+00:00","breadcrumb":{"@id":"https:\/\/louis-dubois.com\/?product=vanille-tahiti-vairupe-medaille-dor-paris-2025#breadcrumb"},"inLanguage":"fr-FR","potentialAction":[{"@type":"ReadAction","target":["https:\/\/louis-dubois.com\/?product=vanille-tahiti-vairupe-medaille-dor-paris-2025"]}]},{"@type":"ImageObject","inLanguage":"fr-FR","@id":"https:\/\/louis-dubois.com\/?product=vanille-tahiti-vairupe-medaille-dor-paris-2025#primaryimage","url":"https:\/\/louis-dubois.com\/wp-content\/uploads\/2025\/11\/Glace-Vanille-de-Tahiti.png","contentUrl":"https:\/\/louis-dubois.com\/wp-content\/uploads\/2025\/11\/Glace-Vanille-de-Tahiti.png","width":1200,"height":896},{"@type":"BreadcrumbList","@id":"https:\/\/louis-dubois.com\/?product=vanille-tahiti-vairupe-medaille-dor-paris-2025#breadcrumb","itemListElement":[{"@type":"ListItem","position":1,"name":"Accueil","item":"https:\/\/louis-dubois.com\/"},{"@type":"ListItem","position":2,"name":"La boutique","item":"https:\/\/louis-dubois.com\/?page_id=2932"},{"@type":"ListItem","position":3,"name":"Vanille Tahiti VAIRUPE \u2013 M\u00e9daille d\u2019Or Paris 2025"}]},{"@type":"WebSite","@id":"https:\/\/louis-dubois.com\/#website","url":"https:\/\/louis-dubois.com\/","name":"Louis Dubois Glacier - P\u00e2tissier","description":"D\u00e9couvrez l\u2019excellence p\u00e2tissi\u00e8re et glac\u00e9e pour les professionnels sign\u00e9e Louis Dubois","publisher":{"@id":"https:\/\/louis-dubois.com\/#\/schema\/person\/95357d5fcae5ab65b75e18ab948ced68"},"alternateName":"Louis Dubois Glacier - P\u00e2tissier","potentialAction":[{"@type":"SearchAction","target":{"@type":"EntryPoint","urlTemplate":"https:\/\/louis-dubois.com\/?s={search_term_string}"},"query-input":{"@type":"PropertyValueSpecification","valueRequired":true,"valueName":"search_term_string"}}],"inLanguage":"fr-FR"},{"@type":["Person","Organization"],"@id":"https:\/\/louis-dubois.com\/#\/schema\/person\/95357d5fcae5ab65b75e18ab948ced68","name":"Ldubois","image":{"@type":"ImageObject","inLanguage":"fr-FR","@id":"https:\/\/louis-dubois.com\/#\/schema\/person\/image\/","url":"https:\/\/louis-dubois.com\/wp-content\/uploads\/2022\/08\/Logo-Or-titre.png","contentUrl":"https:\/\/louis-dubois.com\/wp-content\/uploads\/2022\/08\/Logo-Or-titre.png","width":520,"height":669,"caption":"Ldubois"},"logo":{"@id":"https:\/\/louis-dubois.com\/#\/schema\/person\/image\/"},"sameAs":["https:\/\/louis-dubois.com"]}]}},"jetpack_sharing_enabled":true,"_links":{"self":[{"href":"https:\/\/louis-dubois.com\/index.php?rest_route=\/wp\/v2\/product\/3159","targetHints":{"allow":["GET"]}}],"collection":[{"href":"https:\/\/louis-dubois.com\/index.php?rest_route=\/wp\/v2\/product"}],"about":[{"href":"https:\/\/louis-dubois.com\/index.php?rest_route=\/wp\/v2\/types\/product"}],"replies":[{"embeddable":true,"href":"https:\/\/louis-dubois.com\/index.php?rest_route=%2Fwp%2Fv2%2Fcomments&post=3159"}],"version-history":[{"count":6,"href":"https:\/\/louis-dubois.com\/index.php?rest_route=\/wp\/v2\/product\/3159\/revisions"}],"predecessor-version":[{"id":3946,"href":"https:\/\/louis-dubois.com\/index.php?rest_route=\/wp\/v2\/product\/3159\/revisions\/3946"}],"wp:featuredmedia":[{"embeddable":true,"href":"https:\/\/louis-dubois.com\/index.php?rest_route=\/wp\/v2\/media\/3945"}],"wp:attachment":[{"href":"https:\/\/louis-dubois.com\/index.php?rest_route=%2Fwp%2Fv2%2Fmedia&parent=3159"}],"wp:term":[{"taxonomy":"product_brand","embeddable":true,"href":"https:\/\/louis-dubois.com\/index.php?rest_route=%2Fwp%2Fv2%2Fproduct_brand&post=3159"},{"taxonomy":"product_cat","embeddable":true,"href":"https:\/\/louis-dubois.com\/index.php?rest_route=%2Fwp%2Fv2%2Fproduct_cat&post=3159"},{"taxonomy":"product_tag","embeddable":true,"href":"https:\/\/louis-dubois.com\/index.php?rest_route=%2Fwp%2Fv2%2Fproduct_tag&post=3159"}],"curies":[{"name":"wp","href":"https:\/\/api.w.org\/{rel}","templated":true}]}}