{"id":3450,"date":"2025-11-21T13:45:34","date_gmt":"2025-11-21T12:45:34","guid":{"rendered":"https:\/\/louis-dubois.com\/?post_type=product&#038;p=3450"},"modified":"2025-12-03T17:39:02","modified_gmt":"2025-12-03T16:39:02","slug":"vanille-de-madagascar-epicea","status":"publish","type":"product","link":"https:\/\/louis-dubois.com\/?product=vanille-de-madagascar-epicea","title":{"rendered":"Glace Vanille de Madagascar &#038; \u00c9pic\u00e9a"},"content":{"rendered":"\t\t<div data-elementor-type=\"wp-post\" data-elementor-id=\"3450\" class=\"elementor elementor-3450\">\n\t\t\t\t<div class=\"elementor-element elementor-element-e06703d thegem-e-con-layout-thegem e-flex e-con-boxed e-con e-parent\" data-id=\"e06703d\" data-element_type=\"container\" data-settings=\"{&quot;thegem_container_layout&quot;:&quot;thegem&quot;}\">\r\n\t\t\t\t\t<div class=\"e-con-inner\">\r\n\t\t\t\t<div class=\"elementor-element elementor-element-8637e40 flex-horizontal-align-default flex-horizontal-align-tablet-default flex-horizontal-align-mobile-default flex-vertical-align-default flex-vertical-align-tablet-default flex-vertical-align-mobile-default elementor-widget elementor-widget-text-editor\" data-id=\"8637e40\" data-element_type=\"widget\" data-widget_type=\"text-editor.default\">\n\t\t\t\t\t\t\t\t\t\t\t\t<div class=\"elementor-text-editor elementor-clearfix\">\r\n\t\t\t\t\t\t<p class=\"MsoNormal\" style=\"margin: 0cm; font-size: 12pt; font-family: Aptos, sans-serif; color: #000000; letter-spacing: normal;\"><span style=\"font-size: 13pt; font-family: AppleSystemUIFont;\">La douceur chaleureuse de la vanille de Madagascar rencontre la fra\u00eecheur r\u00e9sineuse de l\u2019\u00e9pic\u00e9a. Une glace au sillage bois\u00e9, raffin\u00e9e, qui m\u00eale rondeur et verticalit\u00e9 aromatique.<\/span><\/p>\t\t\t\t\t\t\t<\/div>\r\n\t\t\t\t\t\t\t\t\t\t<\/div>\n\t\t\t\t\t<\/div>\n\t\t\t\t<\/div>\n\t\t\t\t<\/div>\n\t\t","protected":false},"excerpt":{"rendered":"<p>La douceur chaleureuse de la vanille de Madagascar rencontre la fra\u00eecheur r\u00e9sineuse de l\u2019\u00e9pic\u00e9a. Une glace au sillage bois\u00e9, raffin\u00e9e, qui m\u00eale rondeur et verticalit\u00e9 aromatique.<\/p>\n","protected":false},"featured_media":3498,"comment_status":"open","ping_status":"closed","template":"","meta":[],"product_brand":[],"product_cat":[22,53],"product_tag":[54,68,56,55],"class_list":{"0":"post-3450","1":"product","2":"type-product","3":"status-publish","4":"has-post-thumbnail","6":"product_cat-glace","7":"product_cat-les-classiques","8":"product_tag-glace","9":"product_tag-madagascar","10":"product_tag-tahiti","11":"product_tag-vanille","13":"first","14":"instock","15":"taxable","16":"shipping-taxable","17":"product-type-simple"},"yoast_head":"<!-- This site is optimized with the Yoast SEO plugin v26.5 - https:\/\/yoast.com\/wordpress\/plugins\/seo\/ -->\n<title>Glace Vanille de Madagascar &amp; \u00c9pic\u00e9a - Louis Dubois Glacier - P\u00e2tissier<\/title>\n<meta name=\"robots\" content=\"index, follow, max-snippet:-1, max-image-preview:large, max-video-preview:-1\" \/>\n<link rel=\"canonical\" href=\"https:\/\/louis-dubois.com\/?product=vanille-de-madagascar-epicea\" \/>\n<meta property=\"og:locale\" content=\"fr_FR\" \/>\n<meta property=\"og:type\" content=\"article\" \/>\n<meta property=\"og:title\" content=\"Glace Vanille de Madagascar &amp; \u00c9pic\u00e9a - Louis Dubois Glacier - P\u00e2tissier\" \/>\n<meta property=\"og:description\" content=\"La douceur chaleureuse de la vanille de Madagascar rencontre la fra\u00eecheur r\u00e9sineuse de l\u2019\u00e9pic\u00e9a. Une glace au sillage bois\u00e9, raffin\u00e9e, qui m\u00eale rondeur et verticalit\u00e9 aromatique.\" \/>\n<meta property=\"og:url\" content=\"https:\/\/louis-dubois.com\/?product=vanille-de-madagascar-epicea\" \/>\n<meta property=\"og:site_name\" content=\"Louis Dubois Glacier - P\u00e2tissier\" \/>\n<meta property=\"article:modified_time\" content=\"2025-12-03T16:39:02+00:00\" \/>\n<meta property=\"og:image\" content=\"https:\/\/louis-dubois.com\/wp-content\/uploads\/2025\/11\/Glace-Vanille-Madagascar.png\" \/>\n\t<meta property=\"og:image:width\" content=\"1200\" \/>\n\t<meta property=\"og:image:height\" content=\"896\" \/>\n\t<meta property=\"og:image:type\" content=\"image\/png\" \/>\n<meta name=\"twitter:card\" content=\"summary_large_image\" \/>\n<script type=\"application\/ld+json\" class=\"yoast-schema-graph\">{\"@context\":\"https:\/\/schema.org\",\"@graph\":[{\"@type\":\"WebPage\",\"@id\":\"https:\/\/louis-dubois.com\/?product=vanille-de-madagascar-epicea\",\"url\":\"https:\/\/louis-dubois.com\/?product=vanille-de-madagascar-epicea\",\"name\":\"Glace Vanille de Madagascar & \u00c9pic\u00e9a - Louis Dubois Glacier - P\u00e2tissier\",\"isPartOf\":{\"@id\":\"https:\/\/louis-dubois.com\/#website\"},\"primaryImageOfPage\":{\"@id\":\"https:\/\/louis-dubois.com\/?product=vanille-de-madagascar-epicea#primaryimage\"},\"image\":{\"@id\":\"https:\/\/louis-dubois.com\/?product=vanille-de-madagascar-epicea#primaryimage\"},\"thumbnailUrl\":\"https:\/\/louis-dubois.com\/wp-content\/uploads\/2025\/11\/Glace-Vanille-Madagascar.png\",\"datePublished\":\"2025-11-21T12:45:34+00:00\",\"dateModified\":\"2025-12-03T16:39:02+00:00\",\"breadcrumb\":{\"@id\":\"https:\/\/louis-dubois.com\/?product=vanille-de-madagascar-epicea#breadcrumb\"},\"inLanguage\":\"fr-FR\",\"potentialAction\":[{\"@type\":\"ReadAction\",\"target\":[\"https:\/\/louis-dubois.com\/?product=vanille-de-madagascar-epicea\"]}]},{\"@type\":\"ImageObject\",\"inLanguage\":\"fr-FR\",\"@id\":\"https:\/\/louis-dubois.com\/?product=vanille-de-madagascar-epicea#primaryimage\",\"url\":\"https:\/\/louis-dubois.com\/wp-content\/uploads\/2025\/11\/Glace-Vanille-Madagascar.png\",\"contentUrl\":\"https:\/\/louis-dubois.com\/wp-content\/uploads\/2025\/11\/Glace-Vanille-Madagascar.png\",\"width\":1200,\"height\":896},{\"@type\":\"BreadcrumbList\",\"@id\":\"https:\/\/louis-dubois.com\/?product=vanille-de-madagascar-epicea#breadcrumb\",\"itemListElement\":[{\"@type\":\"ListItem\",\"position\":1,\"name\":\"Accueil\",\"item\":\"https:\/\/louis-dubois.com\/\"},{\"@type\":\"ListItem\",\"position\":2,\"name\":\"La boutique\",\"item\":\"https:\/\/louis-dubois.com\/?page_id=2932\"},{\"@type\":\"ListItem\",\"position\":3,\"name\":\"Glace Vanille de Madagascar &#038; \u00c9pic\u00e9a\"}]},{\"@type\":\"WebSite\",\"@id\":\"https:\/\/louis-dubois.com\/#website\",\"url\":\"https:\/\/louis-dubois.com\/\",\"name\":\"Louis Dubois Glacier - P\u00e2tissier\",\"description\":\"D\u00e9couvrez l\u2019excellence p\u00e2tissi\u00e8re et glac\u00e9e pour les professionnels sign\u00e9e Louis Dubois\",\"publisher\":{\"@id\":\"https:\/\/louis-dubois.com\/#\/schema\/person\/95357d5fcae5ab65b75e18ab948ced68\"},\"alternateName\":\"Louis Dubois Glacier - P\u00e2tissier\",\"potentialAction\":[{\"@type\":\"SearchAction\",\"target\":{\"@type\":\"EntryPoint\",\"urlTemplate\":\"https:\/\/louis-dubois.com\/?s={search_term_string}\"},\"query-input\":{\"@type\":\"PropertyValueSpecification\",\"valueRequired\":true,\"valueName\":\"search_term_string\"}}],\"inLanguage\":\"fr-FR\"},{\"@type\":[\"Person\",\"Organization\"],\"@id\":\"https:\/\/louis-dubois.com\/#\/schema\/person\/95357d5fcae5ab65b75e18ab948ced68\",\"name\":\"Ldubois\",\"image\":{\"@type\":\"ImageObject\",\"inLanguage\":\"fr-FR\",\"@id\":\"https:\/\/louis-dubois.com\/#\/schema\/person\/image\/\",\"url\":\"https:\/\/louis-dubois.com\/wp-content\/uploads\/2022\/08\/Logo-Or-titre.png\",\"contentUrl\":\"https:\/\/louis-dubois.com\/wp-content\/uploads\/2022\/08\/Logo-Or-titre.png\",\"width\":520,\"height\":669,\"caption\":\"Ldubois\"},\"logo\":{\"@id\":\"https:\/\/louis-dubois.com\/#\/schema\/person\/image\/\"},\"sameAs\":[\"https:\/\/louis-dubois.com\"]}]}<\/script>\n<!-- \/ Yoast SEO plugin. -->","yoast_head_json":{"title":"Glace Vanille de Madagascar & \u00c9pic\u00e9a - Louis Dubois Glacier - P\u00e2tissier","robots":{"index":"index","follow":"follow","max-snippet":"max-snippet:-1","max-image-preview":"max-image-preview:large","max-video-preview":"max-video-preview:-1"},"canonical":"https:\/\/louis-dubois.com\/?product=vanille-de-madagascar-epicea","og_locale":"fr_FR","og_type":"article","og_title":"Glace Vanille de Madagascar & \u00c9pic\u00e9a - Louis Dubois Glacier - P\u00e2tissier","og_description":"La douceur chaleureuse de la vanille de Madagascar rencontre la fra\u00eecheur r\u00e9sineuse de l\u2019\u00e9pic\u00e9a. Une glace au sillage bois\u00e9, raffin\u00e9e, qui m\u00eale rondeur et verticalit\u00e9 aromatique.","og_url":"https:\/\/louis-dubois.com\/?product=vanille-de-madagascar-epicea","og_site_name":"Louis Dubois Glacier - P\u00e2tissier","article_modified_time":"2025-12-03T16:39:02+00:00","og_image":[{"width":1200,"height":896,"url":"https:\/\/louis-dubois.com\/wp-content\/uploads\/2025\/11\/Glace-Vanille-Madagascar.png","type":"image\/png"}],"twitter_card":"summary_large_image","schema":{"@context":"https:\/\/schema.org","@graph":[{"@type":"WebPage","@id":"https:\/\/louis-dubois.com\/?product=vanille-de-madagascar-epicea","url":"https:\/\/louis-dubois.com\/?product=vanille-de-madagascar-epicea","name":"Glace Vanille de Madagascar & \u00c9pic\u00e9a - Louis Dubois Glacier - P\u00e2tissier","isPartOf":{"@id":"https:\/\/louis-dubois.com\/#website"},"primaryImageOfPage":{"@id":"https:\/\/louis-dubois.com\/?product=vanille-de-madagascar-epicea#primaryimage"},"image":{"@id":"https:\/\/louis-dubois.com\/?product=vanille-de-madagascar-epicea#primaryimage"},"thumbnailUrl":"https:\/\/louis-dubois.com\/wp-content\/uploads\/2025\/11\/Glace-Vanille-Madagascar.png","datePublished":"2025-11-21T12:45:34+00:00","dateModified":"2025-12-03T16:39:02+00:00","breadcrumb":{"@id":"https:\/\/louis-dubois.com\/?product=vanille-de-madagascar-epicea#breadcrumb"},"inLanguage":"fr-FR","potentialAction":[{"@type":"ReadAction","target":["https:\/\/louis-dubois.com\/?product=vanille-de-madagascar-epicea"]}]},{"@type":"ImageObject","inLanguage":"fr-FR","@id":"https:\/\/louis-dubois.com\/?product=vanille-de-madagascar-epicea#primaryimage","url":"https:\/\/louis-dubois.com\/wp-content\/uploads\/2025\/11\/Glace-Vanille-Madagascar.png","contentUrl":"https:\/\/louis-dubois.com\/wp-content\/uploads\/2025\/11\/Glace-Vanille-Madagascar.png","width":1200,"height":896},{"@type":"BreadcrumbList","@id":"https:\/\/louis-dubois.com\/?product=vanille-de-madagascar-epicea#breadcrumb","itemListElement":[{"@type":"ListItem","position":1,"name":"Accueil","item":"https:\/\/louis-dubois.com\/"},{"@type":"ListItem","position":2,"name":"La boutique","item":"https:\/\/louis-dubois.com\/?page_id=2932"},{"@type":"ListItem","position":3,"name":"Glace Vanille de Madagascar &#038; \u00c9pic\u00e9a"}]},{"@type":"WebSite","@id":"https:\/\/louis-dubois.com\/#website","url":"https:\/\/louis-dubois.com\/","name":"Louis Dubois Glacier - P\u00e2tissier","description":"D\u00e9couvrez l\u2019excellence p\u00e2tissi\u00e8re et glac\u00e9e pour les professionnels sign\u00e9e Louis Dubois","publisher":{"@id":"https:\/\/louis-dubois.com\/#\/schema\/person\/95357d5fcae5ab65b75e18ab948ced68"},"alternateName":"Louis Dubois Glacier - P\u00e2tissier","potentialAction":[{"@type":"SearchAction","target":{"@type":"EntryPoint","urlTemplate":"https:\/\/louis-dubois.com\/?s={search_term_string}"},"query-input":{"@type":"PropertyValueSpecification","valueRequired":true,"valueName":"search_term_string"}}],"inLanguage":"fr-FR"},{"@type":["Person","Organization"],"@id":"https:\/\/louis-dubois.com\/#\/schema\/person\/95357d5fcae5ab65b75e18ab948ced68","name":"Ldubois","image":{"@type":"ImageObject","inLanguage":"fr-FR","@id":"https:\/\/louis-dubois.com\/#\/schema\/person\/image\/","url":"https:\/\/louis-dubois.com\/wp-content\/uploads\/2022\/08\/Logo-Or-titre.png","contentUrl":"https:\/\/louis-dubois.com\/wp-content\/uploads\/2022\/08\/Logo-Or-titre.png","width":520,"height":669,"caption":"Ldubois"},"logo":{"@id":"https:\/\/louis-dubois.com\/#\/schema\/person\/image\/"},"sameAs":["https:\/\/louis-dubois.com"]}]}},"jetpack_sharing_enabled":true,"_links":{"self":[{"href":"https:\/\/louis-dubois.com\/index.php?rest_route=\/wp\/v2\/product\/3450","targetHints":{"allow":["GET"]}}],"collection":[{"href":"https:\/\/louis-dubois.com\/index.php?rest_route=\/wp\/v2\/product"}],"about":[{"href":"https:\/\/louis-dubois.com\/index.php?rest_route=\/wp\/v2\/types\/product"}],"replies":[{"embeddable":true,"href":"https:\/\/louis-dubois.com\/index.php?rest_route=%2Fwp%2Fv2%2Fcomments&post=3450"}],"version-history":[{"count":9,"href":"https:\/\/louis-dubois.com\/index.php?rest_route=\/wp\/v2\/product\/3450\/revisions"}],"predecessor-version":[{"id":3944,"href":"https:\/\/louis-dubois.com\/index.php?rest_route=\/wp\/v2\/product\/3450\/revisions\/3944"}],"wp:featuredmedia":[{"embeddable":true,"href":"https:\/\/louis-dubois.com\/index.php?rest_route=\/wp\/v2\/media\/3498"}],"wp:attachment":[{"href":"https:\/\/louis-dubois.com\/index.php?rest_route=%2Fwp%2Fv2%2Fmedia&parent=3450"}],"wp:term":[{"taxonomy":"product_brand","embeddable":true,"href":"https:\/\/louis-dubois.com\/index.php?rest_route=%2Fwp%2Fv2%2Fproduct_brand&post=3450"},{"taxonomy":"product_cat","embeddable":true,"href":"https:\/\/louis-dubois.com\/index.php?rest_route=%2Fwp%2Fv2%2Fproduct_cat&post=3450"},{"taxonomy":"product_tag","embeddable":true,"href":"https:\/\/louis-dubois.com\/index.php?rest_route=%2Fwp%2Fv2%2Fproduct_tag&post=3450"}],"curies":[{"name":"wp","href":"https:\/\/api.w.org\/{rel}","templated":true}]}}