{"id":3514,"date":"2025-11-22T23:03:41","date_gmt":"2025-11-22T22:03:41","guid":{"rendered":"https:\/\/louis-dubois.com\/?post_type=product&#038;p=3514"},"modified":"2025-12-03T18:17:50","modified_gmt":"2025-12-03T17:17:50","slug":"fraises-de-la-gaude-producteur-m-gianni-70-en-saison","status":"publish","type":"product","link":"https:\/\/louis-dubois.com\/?product=fraises-de-la-gaude-producteur-m-gianni-70-en-saison","title":{"rendered":"Sorbet Fraises de La Gaude \u2013 Producteur M. Gianni (70%) \u2013 En saison"},"content":{"rendered":"","protected":false},"excerpt":{"rendered":"<p>Fraises cueillies \u00e0 pleine maturit\u00e9 chez M. Gianni : parfum ensoleill\u00e9, chair juteuse, intensit\u00e9 rare. Un sorbet d\u2019une grande puret\u00e9, empreint du terroir et du geste du producteur.<\/p>\n","protected":false},"featured_media":3952,"comment_status":"open","ping_status":"closed","template":"","meta":[],"product_brand":[],"product_cat":[22,71],"product_tag":[79,78,80,72],"class_list":{"0":"post-3514","1":"product","2":"type-product","3":"status-publish","4":"has-post-thumbnail","6":"product_cat-glace","7":"product_cat-sorbet","8":"product_tag-carros","9":"product_tag-fraise","10":"product_tag-la-gaude","11":"product_tag-sorbet","13":"first","14":"instock","15":"taxable","16":"shipping-taxable","17":"product-type-simple"},"yoast_head":"<!-- This site is optimized with the Yoast SEO plugin v26.5 - https:\/\/yoast.com\/wordpress\/plugins\/seo\/ -->\n<title>Sorbet Fraises de La Gaude \u2013 Producteur M. Gianni (70%) \u2013 En saison - Louis Dubois Glacier - P\u00e2tissier<\/title>\n<meta name=\"robots\" content=\"index, follow, max-snippet:-1, max-image-preview:large, max-video-preview:-1\" \/>\n<link rel=\"canonical\" href=\"https:\/\/louis-dubois.com\/?product=fraises-de-la-gaude-producteur-m-gianni-70-en-saison\" \/>\n<meta property=\"og:locale\" content=\"fr_FR\" \/>\n<meta property=\"og:type\" content=\"article\" \/>\n<meta property=\"og:title\" content=\"Sorbet Fraises de La Gaude \u2013 Producteur M. Gianni (70%) \u2013 En saison - Louis Dubois Glacier - P\u00e2tissier\" \/>\n<meta property=\"og:description\" content=\"Fraises cueillies \u00e0 pleine maturit\u00e9 chez M. Gianni : parfum ensoleill\u00e9, chair juteuse, intensit\u00e9 rare. Un sorbet d\u2019une grande puret\u00e9, empreint du terroir et du geste du producteur.\" \/>\n<meta property=\"og:url\" content=\"https:\/\/louis-dubois.com\/?product=fraises-de-la-gaude-producteur-m-gianni-70-en-saison\" \/>\n<meta property=\"og:site_name\" content=\"Louis Dubois Glacier - P\u00e2tissier\" \/>\n<meta property=\"article:modified_time\" content=\"2025-12-03T17:17:50+00:00\" \/>\n<meta property=\"og:image\" content=\"https:\/\/louis-dubois.com\/wp-content\/uploads\/2025\/11\/Sorbet-fraise.png\" \/>\n\t<meta property=\"og:image:width\" content=\"1200\" \/>\n\t<meta property=\"og:image:height\" content=\"896\" \/>\n\t<meta property=\"og:image:type\" content=\"image\/png\" \/>\n<meta name=\"twitter:card\" content=\"summary_large_image\" \/>\n<script type=\"application\/ld+json\" class=\"yoast-schema-graph\">{\"@context\":\"https:\/\/schema.org\",\"@graph\":[{\"@type\":\"WebPage\",\"@id\":\"https:\/\/louis-dubois.com\/?product=fraises-de-la-gaude-producteur-m-gianni-70-en-saison\",\"url\":\"https:\/\/louis-dubois.com\/?product=fraises-de-la-gaude-producteur-m-gianni-70-en-saison\",\"name\":\"Sorbet Fraises de La Gaude \u2013 Producteur M. Gianni (70%) \u2013 En saison - Louis Dubois Glacier - P\u00e2tissier\",\"isPartOf\":{\"@id\":\"https:\/\/louis-dubois.com\/#website\"},\"primaryImageOfPage\":{\"@id\":\"https:\/\/louis-dubois.com\/?product=fraises-de-la-gaude-producteur-m-gianni-70-en-saison#primaryimage\"},\"image\":{\"@id\":\"https:\/\/louis-dubois.com\/?product=fraises-de-la-gaude-producteur-m-gianni-70-en-saison#primaryimage\"},\"thumbnailUrl\":\"https:\/\/louis-dubois.com\/wp-content\/uploads\/2025\/11\/Sorbet-fraise.png\",\"datePublished\":\"2025-11-22T22:03:41+00:00\",\"dateModified\":\"2025-12-03T17:17:50+00:00\",\"breadcrumb\":{\"@id\":\"https:\/\/louis-dubois.com\/?product=fraises-de-la-gaude-producteur-m-gianni-70-en-saison#breadcrumb\"},\"inLanguage\":\"fr-FR\",\"potentialAction\":[{\"@type\":\"ReadAction\",\"target\":[\"https:\/\/louis-dubois.com\/?product=fraises-de-la-gaude-producteur-m-gianni-70-en-saison\"]}]},{\"@type\":\"ImageObject\",\"inLanguage\":\"fr-FR\",\"@id\":\"https:\/\/louis-dubois.com\/?product=fraises-de-la-gaude-producteur-m-gianni-70-en-saison#primaryimage\",\"url\":\"https:\/\/louis-dubois.com\/wp-content\/uploads\/2025\/11\/Sorbet-fraise.png\",\"contentUrl\":\"https:\/\/louis-dubois.com\/wp-content\/uploads\/2025\/11\/Sorbet-fraise.png\",\"width\":1200,\"height\":896},{\"@type\":\"BreadcrumbList\",\"@id\":\"https:\/\/louis-dubois.com\/?product=fraises-de-la-gaude-producteur-m-gianni-70-en-saison#breadcrumb\",\"itemListElement\":[{\"@type\":\"ListItem\",\"position\":1,\"name\":\"Accueil\",\"item\":\"https:\/\/louis-dubois.com\/\"},{\"@type\":\"ListItem\",\"position\":2,\"name\":\"La boutique\",\"item\":\"https:\/\/louis-dubois.com\/?page_id=2932\"},{\"@type\":\"ListItem\",\"position\":3,\"name\":\"Sorbet Fraises de La Gaude \u2013 Producteur M. Gianni (70%) \u2013 En saison\"}]},{\"@type\":\"WebSite\",\"@id\":\"https:\/\/louis-dubois.com\/#website\",\"url\":\"https:\/\/louis-dubois.com\/\",\"name\":\"Louis Dubois Glacier - P\u00e2tissier\",\"description\":\"D\u00e9couvrez l\u2019excellence p\u00e2tissi\u00e8re et glac\u00e9e pour les professionnels sign\u00e9e Louis Dubois\",\"publisher\":{\"@id\":\"https:\/\/louis-dubois.com\/#\/schema\/person\/95357d5fcae5ab65b75e18ab948ced68\"},\"alternateName\":\"Louis Dubois Glacier - P\u00e2tissier\",\"potentialAction\":[{\"@type\":\"SearchAction\",\"target\":{\"@type\":\"EntryPoint\",\"urlTemplate\":\"https:\/\/louis-dubois.com\/?s={search_term_string}\"},\"query-input\":{\"@type\":\"PropertyValueSpecification\",\"valueRequired\":true,\"valueName\":\"search_term_string\"}}],\"inLanguage\":\"fr-FR\"},{\"@type\":[\"Person\",\"Organization\"],\"@id\":\"https:\/\/louis-dubois.com\/#\/schema\/person\/95357d5fcae5ab65b75e18ab948ced68\",\"name\":\"Ldubois\",\"image\":{\"@type\":\"ImageObject\",\"inLanguage\":\"fr-FR\",\"@id\":\"https:\/\/louis-dubois.com\/#\/schema\/person\/image\/\",\"url\":\"https:\/\/louis-dubois.com\/wp-content\/uploads\/2022\/08\/Logo-Or-titre.png\",\"contentUrl\":\"https:\/\/louis-dubois.com\/wp-content\/uploads\/2022\/08\/Logo-Or-titre.png\",\"width\":520,\"height\":669,\"caption\":\"Ldubois\"},\"logo\":{\"@id\":\"https:\/\/louis-dubois.com\/#\/schema\/person\/image\/\"},\"sameAs\":[\"https:\/\/louis-dubois.com\"]}]}<\/script>\n<!-- \/ Yoast SEO plugin. -->","yoast_head_json":{"title":"Sorbet Fraises de La Gaude \u2013 Producteur M. Gianni (70%) \u2013 En saison - Louis Dubois Glacier - P\u00e2tissier","robots":{"index":"index","follow":"follow","max-snippet":"max-snippet:-1","max-image-preview":"max-image-preview:large","max-video-preview":"max-video-preview:-1"},"canonical":"https:\/\/louis-dubois.com\/?product=fraises-de-la-gaude-producteur-m-gianni-70-en-saison","og_locale":"fr_FR","og_type":"article","og_title":"Sorbet Fraises de La Gaude \u2013 Producteur M. Gianni (70%) \u2013 En saison - Louis Dubois Glacier - P\u00e2tissier","og_description":"Fraises cueillies \u00e0 pleine maturit\u00e9 chez M. Gianni : parfum ensoleill\u00e9, chair juteuse, intensit\u00e9 rare. Un sorbet d\u2019une grande puret\u00e9, empreint du terroir et du geste du producteur.","og_url":"https:\/\/louis-dubois.com\/?product=fraises-de-la-gaude-producteur-m-gianni-70-en-saison","og_site_name":"Louis Dubois Glacier - P\u00e2tissier","article_modified_time":"2025-12-03T17:17:50+00:00","og_image":[{"width":1200,"height":896,"url":"https:\/\/louis-dubois.com\/wp-content\/uploads\/2025\/11\/Sorbet-fraise.png","type":"image\/png"}],"twitter_card":"summary_large_image","schema":{"@context":"https:\/\/schema.org","@graph":[{"@type":"WebPage","@id":"https:\/\/louis-dubois.com\/?product=fraises-de-la-gaude-producteur-m-gianni-70-en-saison","url":"https:\/\/louis-dubois.com\/?product=fraises-de-la-gaude-producteur-m-gianni-70-en-saison","name":"Sorbet Fraises de La Gaude \u2013 Producteur M. Gianni (70%) \u2013 En saison - Louis Dubois Glacier - P\u00e2tissier","isPartOf":{"@id":"https:\/\/louis-dubois.com\/#website"},"primaryImageOfPage":{"@id":"https:\/\/louis-dubois.com\/?product=fraises-de-la-gaude-producteur-m-gianni-70-en-saison#primaryimage"},"image":{"@id":"https:\/\/louis-dubois.com\/?product=fraises-de-la-gaude-producteur-m-gianni-70-en-saison#primaryimage"},"thumbnailUrl":"https:\/\/louis-dubois.com\/wp-content\/uploads\/2025\/11\/Sorbet-fraise.png","datePublished":"2025-11-22T22:03:41+00:00","dateModified":"2025-12-03T17:17:50+00:00","breadcrumb":{"@id":"https:\/\/louis-dubois.com\/?product=fraises-de-la-gaude-producteur-m-gianni-70-en-saison#breadcrumb"},"inLanguage":"fr-FR","potentialAction":[{"@type":"ReadAction","target":["https:\/\/louis-dubois.com\/?product=fraises-de-la-gaude-producteur-m-gianni-70-en-saison"]}]},{"@type":"ImageObject","inLanguage":"fr-FR","@id":"https:\/\/louis-dubois.com\/?product=fraises-de-la-gaude-producteur-m-gianni-70-en-saison#primaryimage","url":"https:\/\/louis-dubois.com\/wp-content\/uploads\/2025\/11\/Sorbet-fraise.png","contentUrl":"https:\/\/louis-dubois.com\/wp-content\/uploads\/2025\/11\/Sorbet-fraise.png","width":1200,"height":896},{"@type":"BreadcrumbList","@id":"https:\/\/louis-dubois.com\/?product=fraises-de-la-gaude-producteur-m-gianni-70-en-saison#breadcrumb","itemListElement":[{"@type":"ListItem","position":1,"name":"Accueil","item":"https:\/\/louis-dubois.com\/"},{"@type":"ListItem","position":2,"name":"La boutique","item":"https:\/\/louis-dubois.com\/?page_id=2932"},{"@type":"ListItem","position":3,"name":"Sorbet Fraises de La Gaude \u2013 Producteur M. Gianni (70%) \u2013 En saison"}]},{"@type":"WebSite","@id":"https:\/\/louis-dubois.com\/#website","url":"https:\/\/louis-dubois.com\/","name":"Louis Dubois Glacier - P\u00e2tissier","description":"D\u00e9couvrez l\u2019excellence p\u00e2tissi\u00e8re et glac\u00e9e pour les professionnels sign\u00e9e Louis Dubois","publisher":{"@id":"https:\/\/louis-dubois.com\/#\/schema\/person\/95357d5fcae5ab65b75e18ab948ced68"},"alternateName":"Louis Dubois Glacier - P\u00e2tissier","potentialAction":[{"@type":"SearchAction","target":{"@type":"EntryPoint","urlTemplate":"https:\/\/louis-dubois.com\/?s={search_term_string}"},"query-input":{"@type":"PropertyValueSpecification","valueRequired":true,"valueName":"search_term_string"}}],"inLanguage":"fr-FR"},{"@type":["Person","Organization"],"@id":"https:\/\/louis-dubois.com\/#\/schema\/person\/95357d5fcae5ab65b75e18ab948ced68","name":"Ldubois","image":{"@type":"ImageObject","inLanguage":"fr-FR","@id":"https:\/\/louis-dubois.com\/#\/schema\/person\/image\/","url":"https:\/\/louis-dubois.com\/wp-content\/uploads\/2022\/08\/Logo-Or-titre.png","contentUrl":"https:\/\/louis-dubois.com\/wp-content\/uploads\/2022\/08\/Logo-Or-titre.png","width":520,"height":669,"caption":"Ldubois"},"logo":{"@id":"https:\/\/louis-dubois.com\/#\/schema\/person\/image\/"},"sameAs":["https:\/\/louis-dubois.com"]}]}},"jetpack_sharing_enabled":true,"_links":{"self":[{"href":"https:\/\/louis-dubois.com\/index.php?rest_route=\/wp\/v2\/product\/3514","targetHints":{"allow":["GET"]}}],"collection":[{"href":"https:\/\/louis-dubois.com\/index.php?rest_route=\/wp\/v2\/product"}],"about":[{"href":"https:\/\/louis-dubois.com\/index.php?rest_route=\/wp\/v2\/types\/product"}],"replies":[{"embeddable":true,"href":"https:\/\/louis-dubois.com\/index.php?rest_route=%2Fwp%2Fv2%2Fcomments&post=3514"}],"version-history":[{"count":2,"href":"https:\/\/louis-dubois.com\/index.php?rest_route=\/wp\/v2\/product\/3514\/revisions"}],"predecessor-version":[{"id":3521,"href":"https:\/\/louis-dubois.com\/index.php?rest_route=\/wp\/v2\/product\/3514\/revisions\/3521"}],"wp:featuredmedia":[{"embeddable":true,"href":"https:\/\/louis-dubois.com\/index.php?rest_route=\/wp\/v2\/media\/3952"}],"wp:attachment":[{"href":"https:\/\/louis-dubois.com\/index.php?rest_route=%2Fwp%2Fv2%2Fmedia&parent=3514"}],"wp:term":[{"taxonomy":"product_brand","embeddable":true,"href":"https:\/\/louis-dubois.com\/index.php?rest_route=%2Fwp%2Fv2%2Fproduct_brand&post=3514"},{"taxonomy":"product_cat","embeddable":true,"href":"https:\/\/louis-dubois.com\/index.php?rest_route=%2Fwp%2Fv2%2Fproduct_cat&post=3514"},{"taxonomy":"product_tag","embeddable":true,"href":"https:\/\/louis-dubois.com\/index.php?rest_route=%2Fwp%2Fv2%2Fproduct_tag&post=3514"}],"curies":[{"name":"wp","href":"https:\/\/api.w.org\/{rel}","templated":true}]}}