{"id":3549,"date":"2025-11-22T23:31:19","date_gmt":"2025-11-22T22:31:19","guid":{"rendered":"https:\/\/louis-dubois.com\/?post_type=product&#038;p=3549"},"modified":"2025-12-03T17:24:51","modified_gmt":"2025-12-03T16:24:51","slug":"sorbet-framboise-willamette-eau-de-rose","status":"publish","type":"product","link":"https:\/\/louis-dubois.com\/?product=sorbet-framboise-willamette-eau-de-rose","title":{"rendered":"Sorbet Framboise Willamette &#038; Eau de Rose"},"content":{"rendered":"","protected":false},"excerpt":{"rendered":"<p>Alliance sensuelle : fruit profond, floralit\u00e9 d\u00e9licate. Un sorbet po\u00e9tique, ample, d\u2019une grande finesse.<\/p>\n","protected":false},"featured_media":3780,"comment_status":"open","ping_status":"closed","template":"","meta":[],"product_brand":[],"product_cat":[92,22],"product_tag":[106,73,72,105],"class_list":{"0":"post-3549","1":"product","2":"type-product","3":"status-publish","4":"has-post-thumbnail","6":"product_cat-creations-signature","7":"product_cat-glace","8":"product_tag-eau-de-rose","9":"product_tag-framboise","10":"product_tag-sorbet","11":"product_tag-willamette","13":"first","14":"instock","15":"taxable","16":"shipping-taxable","17":"product-type-simple"},"yoast_head":"<!-- This site is optimized with the Yoast SEO plugin v26.5 - https:\/\/yoast.com\/wordpress\/plugins\/seo\/ -->\n<title>Sorbet Framboise Willamette &amp; Eau de Rose - Louis Dubois Glacier - P\u00e2tissier<\/title>\n<meta name=\"robots\" content=\"index, follow, max-snippet:-1, max-image-preview:large, max-video-preview:-1\" \/>\n<link rel=\"canonical\" href=\"https:\/\/louis-dubois.com\/?product=sorbet-framboise-willamette-eau-de-rose\" \/>\n<meta property=\"og:locale\" content=\"fr_FR\" \/>\n<meta property=\"og:type\" content=\"article\" \/>\n<meta property=\"og:title\" content=\"Sorbet Framboise Willamette &amp; Eau de Rose - Louis Dubois Glacier - P\u00e2tissier\" \/>\n<meta property=\"og:description\" content=\"Alliance sensuelle : fruit profond, floralit\u00e9 d\u00e9licate. Un sorbet po\u00e9tique, ample, d\u2019une grande finesse.\" \/>\n<meta property=\"og:url\" content=\"https:\/\/louis-dubois.com\/?product=sorbet-framboise-willamette-eau-de-rose\" \/>\n<meta property=\"og:site_name\" content=\"Louis Dubois Glacier - P\u00e2tissier\" \/>\n<meta property=\"article:modified_time\" content=\"2025-12-03T16:24:51+00:00\" \/>\n<meta property=\"og:image\" content=\"https:\/\/louis-dubois.com\/wp-content\/uploads\/2025\/11\/Sorbet-Framboise-Willamette-Eau-de-Rose.png\" \/>\n\t<meta property=\"og:image:width\" content=\"1200\" \/>\n\t<meta property=\"og:image:height\" content=\"896\" \/>\n\t<meta property=\"og:image:type\" content=\"image\/png\" \/>\n<meta name=\"twitter:card\" content=\"summary_large_image\" \/>\n<script type=\"application\/ld+json\" class=\"yoast-schema-graph\">{\"@context\":\"https:\/\/schema.org\",\"@graph\":[{\"@type\":\"WebPage\",\"@id\":\"https:\/\/louis-dubois.com\/?product=sorbet-framboise-willamette-eau-de-rose\",\"url\":\"https:\/\/louis-dubois.com\/?product=sorbet-framboise-willamette-eau-de-rose\",\"name\":\"Sorbet Framboise Willamette & Eau de Rose - Louis Dubois Glacier - P\u00e2tissier\",\"isPartOf\":{\"@id\":\"https:\/\/louis-dubois.com\/#website\"},\"primaryImageOfPage\":{\"@id\":\"https:\/\/louis-dubois.com\/?product=sorbet-framboise-willamette-eau-de-rose#primaryimage\"},\"image\":{\"@id\":\"https:\/\/louis-dubois.com\/?product=sorbet-framboise-willamette-eau-de-rose#primaryimage\"},\"thumbnailUrl\":\"https:\/\/louis-dubois.com\/wp-content\/uploads\/2025\/11\/Sorbet-Framboise-Willamette-Eau-de-Rose.png\",\"datePublished\":\"2025-11-22T22:31:19+00:00\",\"dateModified\":\"2025-12-03T16:24:51+00:00\",\"breadcrumb\":{\"@id\":\"https:\/\/louis-dubois.com\/?product=sorbet-framboise-willamette-eau-de-rose#breadcrumb\"},\"inLanguage\":\"fr-FR\",\"potentialAction\":[{\"@type\":\"ReadAction\",\"target\":[\"https:\/\/louis-dubois.com\/?product=sorbet-framboise-willamette-eau-de-rose\"]}]},{\"@type\":\"ImageObject\",\"inLanguage\":\"fr-FR\",\"@id\":\"https:\/\/louis-dubois.com\/?product=sorbet-framboise-willamette-eau-de-rose#primaryimage\",\"url\":\"https:\/\/louis-dubois.com\/wp-content\/uploads\/2025\/11\/Sorbet-Framboise-Willamette-Eau-de-Rose.png\",\"contentUrl\":\"https:\/\/louis-dubois.com\/wp-content\/uploads\/2025\/11\/Sorbet-Framboise-Willamette-Eau-de-Rose.png\",\"width\":1200,\"height\":896},{\"@type\":\"BreadcrumbList\",\"@id\":\"https:\/\/louis-dubois.com\/?product=sorbet-framboise-willamette-eau-de-rose#breadcrumb\",\"itemListElement\":[{\"@type\":\"ListItem\",\"position\":1,\"name\":\"Accueil\",\"item\":\"https:\/\/louis-dubois.com\/\"},{\"@type\":\"ListItem\",\"position\":2,\"name\":\"La boutique\",\"item\":\"https:\/\/louis-dubois.com\/?page_id=2932\"},{\"@type\":\"ListItem\",\"position\":3,\"name\":\"Sorbet Framboise Willamette &#038; Eau de Rose\"}]},{\"@type\":\"WebSite\",\"@id\":\"https:\/\/louis-dubois.com\/#website\",\"url\":\"https:\/\/louis-dubois.com\/\",\"name\":\"Louis Dubois Glacier - P\u00e2tissier\",\"description\":\"D\u00e9couvrez l\u2019excellence p\u00e2tissi\u00e8re et glac\u00e9e pour les professionnels sign\u00e9e Louis Dubois\",\"publisher\":{\"@id\":\"https:\/\/louis-dubois.com\/#\/schema\/person\/95357d5fcae5ab65b75e18ab948ced68\"},\"alternateName\":\"Louis Dubois Glacier - P\u00e2tissier\",\"potentialAction\":[{\"@type\":\"SearchAction\",\"target\":{\"@type\":\"EntryPoint\",\"urlTemplate\":\"https:\/\/louis-dubois.com\/?s={search_term_string}\"},\"query-input\":{\"@type\":\"PropertyValueSpecification\",\"valueRequired\":true,\"valueName\":\"search_term_string\"}}],\"inLanguage\":\"fr-FR\"},{\"@type\":[\"Person\",\"Organization\"],\"@id\":\"https:\/\/louis-dubois.com\/#\/schema\/person\/95357d5fcae5ab65b75e18ab948ced68\",\"name\":\"Ldubois\",\"image\":{\"@type\":\"ImageObject\",\"inLanguage\":\"fr-FR\",\"@id\":\"https:\/\/louis-dubois.com\/#\/schema\/person\/image\/\",\"url\":\"https:\/\/louis-dubois.com\/wp-content\/uploads\/2022\/08\/Logo-Or-titre.png\",\"contentUrl\":\"https:\/\/louis-dubois.com\/wp-content\/uploads\/2022\/08\/Logo-Or-titre.png\",\"width\":520,\"height\":669,\"caption\":\"Ldubois\"},\"logo\":{\"@id\":\"https:\/\/louis-dubois.com\/#\/schema\/person\/image\/\"},\"sameAs\":[\"https:\/\/louis-dubois.com\"]}]}<\/script>\n<!-- \/ Yoast SEO plugin. -->","yoast_head_json":{"title":"Sorbet Framboise Willamette & Eau de Rose - Louis Dubois Glacier - P\u00e2tissier","robots":{"index":"index","follow":"follow","max-snippet":"max-snippet:-1","max-image-preview":"max-image-preview:large","max-video-preview":"max-video-preview:-1"},"canonical":"https:\/\/louis-dubois.com\/?product=sorbet-framboise-willamette-eau-de-rose","og_locale":"fr_FR","og_type":"article","og_title":"Sorbet Framboise Willamette & Eau de Rose - Louis Dubois Glacier - P\u00e2tissier","og_description":"Alliance sensuelle : fruit profond, floralit\u00e9 d\u00e9licate. Un sorbet po\u00e9tique, ample, d\u2019une grande finesse.","og_url":"https:\/\/louis-dubois.com\/?product=sorbet-framboise-willamette-eau-de-rose","og_site_name":"Louis Dubois Glacier - P\u00e2tissier","article_modified_time":"2025-12-03T16:24:51+00:00","og_image":[{"width":1200,"height":896,"url":"https:\/\/louis-dubois.com\/wp-content\/uploads\/2025\/11\/Sorbet-Framboise-Willamette-Eau-de-Rose.png","type":"image\/png"}],"twitter_card":"summary_large_image","schema":{"@context":"https:\/\/schema.org","@graph":[{"@type":"WebPage","@id":"https:\/\/louis-dubois.com\/?product=sorbet-framboise-willamette-eau-de-rose","url":"https:\/\/louis-dubois.com\/?product=sorbet-framboise-willamette-eau-de-rose","name":"Sorbet Framboise Willamette & Eau de Rose - Louis Dubois Glacier - P\u00e2tissier","isPartOf":{"@id":"https:\/\/louis-dubois.com\/#website"},"primaryImageOfPage":{"@id":"https:\/\/louis-dubois.com\/?product=sorbet-framboise-willamette-eau-de-rose#primaryimage"},"image":{"@id":"https:\/\/louis-dubois.com\/?product=sorbet-framboise-willamette-eau-de-rose#primaryimage"},"thumbnailUrl":"https:\/\/louis-dubois.com\/wp-content\/uploads\/2025\/11\/Sorbet-Framboise-Willamette-Eau-de-Rose.png","datePublished":"2025-11-22T22:31:19+00:00","dateModified":"2025-12-03T16:24:51+00:00","breadcrumb":{"@id":"https:\/\/louis-dubois.com\/?product=sorbet-framboise-willamette-eau-de-rose#breadcrumb"},"inLanguage":"fr-FR","potentialAction":[{"@type":"ReadAction","target":["https:\/\/louis-dubois.com\/?product=sorbet-framboise-willamette-eau-de-rose"]}]},{"@type":"ImageObject","inLanguage":"fr-FR","@id":"https:\/\/louis-dubois.com\/?product=sorbet-framboise-willamette-eau-de-rose#primaryimage","url":"https:\/\/louis-dubois.com\/wp-content\/uploads\/2025\/11\/Sorbet-Framboise-Willamette-Eau-de-Rose.png","contentUrl":"https:\/\/louis-dubois.com\/wp-content\/uploads\/2025\/11\/Sorbet-Framboise-Willamette-Eau-de-Rose.png","width":1200,"height":896},{"@type":"BreadcrumbList","@id":"https:\/\/louis-dubois.com\/?product=sorbet-framboise-willamette-eau-de-rose#breadcrumb","itemListElement":[{"@type":"ListItem","position":1,"name":"Accueil","item":"https:\/\/louis-dubois.com\/"},{"@type":"ListItem","position":2,"name":"La boutique","item":"https:\/\/louis-dubois.com\/?page_id=2932"},{"@type":"ListItem","position":3,"name":"Sorbet Framboise Willamette &#038; Eau de Rose"}]},{"@type":"WebSite","@id":"https:\/\/louis-dubois.com\/#website","url":"https:\/\/louis-dubois.com\/","name":"Louis Dubois Glacier - P\u00e2tissier","description":"D\u00e9couvrez l\u2019excellence p\u00e2tissi\u00e8re et glac\u00e9e pour les professionnels sign\u00e9e Louis Dubois","publisher":{"@id":"https:\/\/louis-dubois.com\/#\/schema\/person\/95357d5fcae5ab65b75e18ab948ced68"},"alternateName":"Louis Dubois Glacier - P\u00e2tissier","potentialAction":[{"@type":"SearchAction","target":{"@type":"EntryPoint","urlTemplate":"https:\/\/louis-dubois.com\/?s={search_term_string}"},"query-input":{"@type":"PropertyValueSpecification","valueRequired":true,"valueName":"search_term_string"}}],"inLanguage":"fr-FR"},{"@type":["Person","Organization"],"@id":"https:\/\/louis-dubois.com\/#\/schema\/person\/95357d5fcae5ab65b75e18ab948ced68","name":"Ldubois","image":{"@type":"ImageObject","inLanguage":"fr-FR","@id":"https:\/\/louis-dubois.com\/#\/schema\/person\/image\/","url":"https:\/\/louis-dubois.com\/wp-content\/uploads\/2022\/08\/Logo-Or-titre.png","contentUrl":"https:\/\/louis-dubois.com\/wp-content\/uploads\/2022\/08\/Logo-Or-titre.png","width":520,"height":669,"caption":"Ldubois"},"logo":{"@id":"https:\/\/louis-dubois.com\/#\/schema\/person\/image\/"},"sameAs":["https:\/\/louis-dubois.com"]}]}},"jetpack_sharing_enabled":true,"_links":{"self":[{"href":"https:\/\/louis-dubois.com\/index.php?rest_route=\/wp\/v2\/product\/3549","targetHints":{"allow":["GET"]}}],"collection":[{"href":"https:\/\/louis-dubois.com\/index.php?rest_route=\/wp\/v2\/product"}],"about":[{"href":"https:\/\/louis-dubois.com\/index.php?rest_route=\/wp\/v2\/types\/product"}],"replies":[{"embeddable":true,"href":"https:\/\/louis-dubois.com\/index.php?rest_route=%2Fwp%2Fv2%2Fcomments&post=3549"}],"version-history":[{"count":1,"href":"https:\/\/louis-dubois.com\/index.php?rest_route=\/wp\/v2\/product\/3549\/revisions"}],"predecessor-version":[{"id":3550,"href":"https:\/\/louis-dubois.com\/index.php?rest_route=\/wp\/v2\/product\/3549\/revisions\/3550"}],"wp:featuredmedia":[{"embeddable":true,"href":"https:\/\/louis-dubois.com\/index.php?rest_route=\/wp\/v2\/media\/3780"}],"wp:attachment":[{"href":"https:\/\/louis-dubois.com\/index.php?rest_route=%2Fwp%2Fv2%2Fmedia&parent=3549"}],"wp:term":[{"taxonomy":"product_brand","embeddable":true,"href":"https:\/\/louis-dubois.com\/index.php?rest_route=%2Fwp%2Fv2%2Fproduct_brand&post=3549"},{"taxonomy":"product_cat","embeddable":true,"href":"https:\/\/louis-dubois.com\/index.php?rest_route=%2Fwp%2Fv2%2Fproduct_cat&post=3549"},{"taxonomy":"product_tag","embeddable":true,"href":"https:\/\/louis-dubois.com\/index.php?rest_route=%2Fwp%2Fv2%2Fproduct_tag&post=3549"}],"curies":[{"name":"wp","href":"https:\/\/api.w.org\/{rel}","templated":true}]}}