{"id":3555,"date":"2025-11-22T23:35:13","date_gmt":"2025-11-22T22:35:13","guid":{"rendered":"https:\/\/louis-dubois.com\/?post_type=product&#038;p=3555"},"modified":"2025-12-03T17:23:29","modified_gmt":"2025-12-03T16:23:29","slug":"sorbet-coco-intense-jus-de-gingembre-frais","status":"publish","type":"product","link":"https:\/\/louis-dubois.com\/?product=sorbet-coco-intense-jus-de-gingembre-frais","title":{"rendered":"Sorbet Coco Intense &#038; Jus de Gingembre frais"},"content":{"rendered":"","protected":false},"excerpt":{"rendered":"<p>La douceur lact\u00e9e de la coco rencontre la vivacit\u00e9 \u00e9pic\u00e9e du gingembre. Un sorbet \u00e9nergique, r\u00e9v\u00e9lant une tension remarquable.<\/p>\n","protected":false},"featured_media":3793,"comment_status":"open","ping_status":"closed","template":"","meta":[],"product_brand":[],"product_cat":[92,22],"product_tag":[110,108,72],"class_list":{"0":"post-3555","1":"product","2":"type-product","3":"status-publish","4":"has-post-thumbnail","6":"product_cat-creations-signature","7":"product_cat-glace","8":"product_tag-gingembre","9":"product_tag-noix-de-coco","10":"product_tag-sorbet","12":"first","13":"instock","14":"taxable","15":"shipping-taxable","16":"product-type-simple"},"yoast_head":"<!-- This site is optimized with the Yoast SEO plugin v26.5 - https:\/\/yoast.com\/wordpress\/plugins\/seo\/ -->\n<title>Sorbet Coco Intense &amp; Jus de Gingembre frais - Louis Dubois Glacier - P\u00e2tissier<\/title>\n<meta name=\"robots\" content=\"index, follow, max-snippet:-1, max-image-preview:large, max-video-preview:-1\" \/>\n<link rel=\"canonical\" href=\"https:\/\/louis-dubois.com\/?product=sorbet-coco-intense-jus-de-gingembre-frais\" \/>\n<meta property=\"og:locale\" content=\"fr_FR\" \/>\n<meta property=\"og:type\" content=\"article\" \/>\n<meta property=\"og:title\" content=\"Sorbet Coco Intense &amp; Jus de Gingembre frais - Louis Dubois Glacier - P\u00e2tissier\" \/>\n<meta property=\"og:description\" content=\"La douceur lact\u00e9e de la coco rencontre la vivacit\u00e9 \u00e9pic\u00e9e du gingembre. Un sorbet \u00e9nergique, r\u00e9v\u00e9lant une tension remarquable.\" \/>\n<meta property=\"og:url\" content=\"https:\/\/louis-dubois.com\/?product=sorbet-coco-intense-jus-de-gingembre-frais\" \/>\n<meta property=\"og:site_name\" content=\"Louis Dubois Glacier - P\u00e2tissier\" \/>\n<meta property=\"article:modified_time\" content=\"2025-12-03T16:23:29+00:00\" \/>\n<meta property=\"og:image\" content=\"https:\/\/louis-dubois.com\/wp-content\/uploads\/2025\/11\/Sorbet-Coco-Intense-Jus-de-Gingembre-frais-1.png\" \/>\n\t<meta property=\"og:image:width\" content=\"1200\" \/>\n\t<meta property=\"og:image:height\" content=\"896\" \/>\n\t<meta property=\"og:image:type\" content=\"image\/png\" \/>\n<meta name=\"twitter:card\" content=\"summary_large_image\" \/>\n<script type=\"application\/ld+json\" class=\"yoast-schema-graph\">{\"@context\":\"https:\/\/schema.org\",\"@graph\":[{\"@type\":\"WebPage\",\"@id\":\"https:\/\/louis-dubois.com\/?product=sorbet-coco-intense-jus-de-gingembre-frais\",\"url\":\"https:\/\/louis-dubois.com\/?product=sorbet-coco-intense-jus-de-gingembre-frais\",\"name\":\"Sorbet Coco Intense & Jus de Gingembre frais - Louis Dubois Glacier - P\u00e2tissier\",\"isPartOf\":{\"@id\":\"https:\/\/louis-dubois.com\/#website\"},\"primaryImageOfPage\":{\"@id\":\"https:\/\/louis-dubois.com\/?product=sorbet-coco-intense-jus-de-gingembre-frais#primaryimage\"},\"image\":{\"@id\":\"https:\/\/louis-dubois.com\/?product=sorbet-coco-intense-jus-de-gingembre-frais#primaryimage\"},\"thumbnailUrl\":\"https:\/\/louis-dubois.com\/wp-content\/uploads\/2025\/11\/Sorbet-Coco-Intense-Jus-de-Gingembre-frais-1.png\",\"datePublished\":\"2025-11-22T22:35:13+00:00\",\"dateModified\":\"2025-12-03T16:23:29+00:00\",\"breadcrumb\":{\"@id\":\"https:\/\/louis-dubois.com\/?product=sorbet-coco-intense-jus-de-gingembre-frais#breadcrumb\"},\"inLanguage\":\"fr-FR\",\"potentialAction\":[{\"@type\":\"ReadAction\",\"target\":[\"https:\/\/louis-dubois.com\/?product=sorbet-coco-intense-jus-de-gingembre-frais\"]}]},{\"@type\":\"ImageObject\",\"inLanguage\":\"fr-FR\",\"@id\":\"https:\/\/louis-dubois.com\/?product=sorbet-coco-intense-jus-de-gingembre-frais#primaryimage\",\"url\":\"https:\/\/louis-dubois.com\/wp-content\/uploads\/2025\/11\/Sorbet-Coco-Intense-Jus-de-Gingembre-frais-1.png\",\"contentUrl\":\"https:\/\/louis-dubois.com\/wp-content\/uploads\/2025\/11\/Sorbet-Coco-Intense-Jus-de-Gingembre-frais-1.png\",\"width\":1200,\"height\":896},{\"@type\":\"BreadcrumbList\",\"@id\":\"https:\/\/louis-dubois.com\/?product=sorbet-coco-intense-jus-de-gingembre-frais#breadcrumb\",\"itemListElement\":[{\"@type\":\"ListItem\",\"position\":1,\"name\":\"Accueil\",\"item\":\"https:\/\/louis-dubois.com\/\"},{\"@type\":\"ListItem\",\"position\":2,\"name\":\"La boutique\",\"item\":\"https:\/\/louis-dubois.com\/?page_id=2932\"},{\"@type\":\"ListItem\",\"position\":3,\"name\":\"Sorbet Coco Intense &#038; Jus de Gingembre frais\"}]},{\"@type\":\"WebSite\",\"@id\":\"https:\/\/louis-dubois.com\/#website\",\"url\":\"https:\/\/louis-dubois.com\/\",\"name\":\"Louis Dubois Glacier - P\u00e2tissier\",\"description\":\"D\u00e9couvrez l\u2019excellence p\u00e2tissi\u00e8re et glac\u00e9e pour les professionnels sign\u00e9e Louis Dubois\",\"publisher\":{\"@id\":\"https:\/\/louis-dubois.com\/#\/schema\/person\/95357d5fcae5ab65b75e18ab948ced68\"},\"alternateName\":\"Louis Dubois Glacier - P\u00e2tissier\",\"potentialAction\":[{\"@type\":\"SearchAction\",\"target\":{\"@type\":\"EntryPoint\",\"urlTemplate\":\"https:\/\/louis-dubois.com\/?s={search_term_string}\"},\"query-input\":{\"@type\":\"PropertyValueSpecification\",\"valueRequired\":true,\"valueName\":\"search_term_string\"}}],\"inLanguage\":\"fr-FR\"},{\"@type\":[\"Person\",\"Organization\"],\"@id\":\"https:\/\/louis-dubois.com\/#\/schema\/person\/95357d5fcae5ab65b75e18ab948ced68\",\"name\":\"Ldubois\",\"image\":{\"@type\":\"ImageObject\",\"inLanguage\":\"fr-FR\",\"@id\":\"https:\/\/louis-dubois.com\/#\/schema\/person\/image\/\",\"url\":\"https:\/\/louis-dubois.com\/wp-content\/uploads\/2022\/08\/Logo-Or-titre.png\",\"contentUrl\":\"https:\/\/louis-dubois.com\/wp-content\/uploads\/2022\/08\/Logo-Or-titre.png\",\"width\":520,\"height\":669,\"caption\":\"Ldubois\"},\"logo\":{\"@id\":\"https:\/\/louis-dubois.com\/#\/schema\/person\/image\/\"},\"sameAs\":[\"https:\/\/louis-dubois.com\"]}]}<\/script>\n<!-- \/ Yoast SEO plugin. -->","yoast_head_json":{"title":"Sorbet Coco Intense & Jus de Gingembre frais - Louis Dubois Glacier - P\u00e2tissier","robots":{"index":"index","follow":"follow","max-snippet":"max-snippet:-1","max-image-preview":"max-image-preview:large","max-video-preview":"max-video-preview:-1"},"canonical":"https:\/\/louis-dubois.com\/?product=sorbet-coco-intense-jus-de-gingembre-frais","og_locale":"fr_FR","og_type":"article","og_title":"Sorbet Coco Intense & Jus de Gingembre frais - Louis Dubois Glacier - P\u00e2tissier","og_description":"La douceur lact\u00e9e de la coco rencontre la vivacit\u00e9 \u00e9pic\u00e9e du gingembre. Un sorbet \u00e9nergique, r\u00e9v\u00e9lant une tension remarquable.","og_url":"https:\/\/louis-dubois.com\/?product=sorbet-coco-intense-jus-de-gingembre-frais","og_site_name":"Louis Dubois Glacier - P\u00e2tissier","article_modified_time":"2025-12-03T16:23:29+00:00","og_image":[{"width":1200,"height":896,"url":"https:\/\/louis-dubois.com\/wp-content\/uploads\/2025\/11\/Sorbet-Coco-Intense-Jus-de-Gingembre-frais-1.png","type":"image\/png"}],"twitter_card":"summary_large_image","schema":{"@context":"https:\/\/schema.org","@graph":[{"@type":"WebPage","@id":"https:\/\/louis-dubois.com\/?product=sorbet-coco-intense-jus-de-gingembre-frais","url":"https:\/\/louis-dubois.com\/?product=sorbet-coco-intense-jus-de-gingembre-frais","name":"Sorbet Coco Intense & Jus de Gingembre frais - Louis Dubois Glacier - P\u00e2tissier","isPartOf":{"@id":"https:\/\/louis-dubois.com\/#website"},"primaryImageOfPage":{"@id":"https:\/\/louis-dubois.com\/?product=sorbet-coco-intense-jus-de-gingembre-frais#primaryimage"},"image":{"@id":"https:\/\/louis-dubois.com\/?product=sorbet-coco-intense-jus-de-gingembre-frais#primaryimage"},"thumbnailUrl":"https:\/\/louis-dubois.com\/wp-content\/uploads\/2025\/11\/Sorbet-Coco-Intense-Jus-de-Gingembre-frais-1.png","datePublished":"2025-11-22T22:35:13+00:00","dateModified":"2025-12-03T16:23:29+00:00","breadcrumb":{"@id":"https:\/\/louis-dubois.com\/?product=sorbet-coco-intense-jus-de-gingembre-frais#breadcrumb"},"inLanguage":"fr-FR","potentialAction":[{"@type":"ReadAction","target":["https:\/\/louis-dubois.com\/?product=sorbet-coco-intense-jus-de-gingembre-frais"]}]},{"@type":"ImageObject","inLanguage":"fr-FR","@id":"https:\/\/louis-dubois.com\/?product=sorbet-coco-intense-jus-de-gingembre-frais#primaryimage","url":"https:\/\/louis-dubois.com\/wp-content\/uploads\/2025\/11\/Sorbet-Coco-Intense-Jus-de-Gingembre-frais-1.png","contentUrl":"https:\/\/louis-dubois.com\/wp-content\/uploads\/2025\/11\/Sorbet-Coco-Intense-Jus-de-Gingembre-frais-1.png","width":1200,"height":896},{"@type":"BreadcrumbList","@id":"https:\/\/louis-dubois.com\/?product=sorbet-coco-intense-jus-de-gingembre-frais#breadcrumb","itemListElement":[{"@type":"ListItem","position":1,"name":"Accueil","item":"https:\/\/louis-dubois.com\/"},{"@type":"ListItem","position":2,"name":"La boutique","item":"https:\/\/louis-dubois.com\/?page_id=2932"},{"@type":"ListItem","position":3,"name":"Sorbet Coco Intense &#038; Jus de Gingembre frais"}]},{"@type":"WebSite","@id":"https:\/\/louis-dubois.com\/#website","url":"https:\/\/louis-dubois.com\/","name":"Louis Dubois Glacier - P\u00e2tissier","description":"D\u00e9couvrez l\u2019excellence p\u00e2tissi\u00e8re et glac\u00e9e pour les professionnels sign\u00e9e Louis Dubois","publisher":{"@id":"https:\/\/louis-dubois.com\/#\/schema\/person\/95357d5fcae5ab65b75e18ab948ced68"},"alternateName":"Louis Dubois Glacier - P\u00e2tissier","potentialAction":[{"@type":"SearchAction","target":{"@type":"EntryPoint","urlTemplate":"https:\/\/louis-dubois.com\/?s={search_term_string}"},"query-input":{"@type":"PropertyValueSpecification","valueRequired":true,"valueName":"search_term_string"}}],"inLanguage":"fr-FR"},{"@type":["Person","Organization"],"@id":"https:\/\/louis-dubois.com\/#\/schema\/person\/95357d5fcae5ab65b75e18ab948ced68","name":"Ldubois","image":{"@type":"ImageObject","inLanguage":"fr-FR","@id":"https:\/\/louis-dubois.com\/#\/schema\/person\/image\/","url":"https:\/\/louis-dubois.com\/wp-content\/uploads\/2022\/08\/Logo-Or-titre.png","contentUrl":"https:\/\/louis-dubois.com\/wp-content\/uploads\/2022\/08\/Logo-Or-titre.png","width":520,"height":669,"caption":"Ldubois"},"logo":{"@id":"https:\/\/louis-dubois.com\/#\/schema\/person\/image\/"},"sameAs":["https:\/\/louis-dubois.com"]}]}},"jetpack_sharing_enabled":true,"_links":{"self":[{"href":"https:\/\/louis-dubois.com\/index.php?rest_route=\/wp\/v2\/product\/3555","targetHints":{"allow":["GET"]}}],"collection":[{"href":"https:\/\/louis-dubois.com\/index.php?rest_route=\/wp\/v2\/product"}],"about":[{"href":"https:\/\/louis-dubois.com\/index.php?rest_route=\/wp\/v2\/types\/product"}],"replies":[{"embeddable":true,"href":"https:\/\/louis-dubois.com\/index.php?rest_route=%2Fwp%2Fv2%2Fcomments&post=3555"}],"version-history":[{"count":1,"href":"https:\/\/louis-dubois.com\/index.php?rest_route=\/wp\/v2\/product\/3555\/revisions"}],"predecessor-version":[{"id":3556,"href":"https:\/\/louis-dubois.com\/index.php?rest_route=\/wp\/v2\/product\/3555\/revisions\/3556"}],"wp:featuredmedia":[{"embeddable":true,"href":"https:\/\/louis-dubois.com\/index.php?rest_route=\/wp\/v2\/media\/3793"}],"wp:attachment":[{"href":"https:\/\/louis-dubois.com\/index.php?rest_route=%2Fwp%2Fv2%2Fmedia&parent=3555"}],"wp:term":[{"taxonomy":"product_brand","embeddable":true,"href":"https:\/\/louis-dubois.com\/index.php?rest_route=%2Fwp%2Fv2%2Fproduct_brand&post=3555"},{"taxonomy":"product_cat","embeddable":true,"href":"https:\/\/louis-dubois.com\/index.php?rest_route=%2Fwp%2Fv2%2Fproduct_cat&post=3555"},{"taxonomy":"product_tag","embeddable":true,"href":"https:\/\/louis-dubois.com\/index.php?rest_route=%2Fwp%2Fv2%2Fproduct_tag&post=3555"}],"curies":[{"name":"wp","href":"https:\/\/api.w.org\/{rel}","templated":true}]}}