{"id":3582,"date":"2025-11-23T00:02:28","date_gmt":"2025-11-22T23:02:28","guid":{"rendered":"https:\/\/louis-dubois.com\/?post_type=product&#038;p=3582"},"modified":"2025-11-27T21:37:54","modified_gmt":"2025-11-27T20:37:54","slug":"muffin-chocolat-et-pate-a-tartiner","status":"publish","type":"product","link":"https:\/\/louis-dubois.com\/?product=muffin-chocolat-et-pate-a-tartiner","title":{"rendered":"Muffin Chocolat et P\u00e2te \u00e0 Tartiner"},"content":{"rendered":"","protected":false},"excerpt":{"rendered":"","protected":false},"featured_media":3777,"comment_status":"open","ping_status":"closed","template":"","meta":[],"product_brand":[],"product_cat":[111],"product_tag":[],"class_list":{"0":"post-3582","1":"product","2":"type-product","3":"status-publish","4":"has-post-thumbnail","6":"product_cat-patisserie","8":"first","9":"instock","10":"taxable","11":"shipping-taxable","12":"product-type-simple"},"yoast_head":"<!-- This site is optimized with the Yoast SEO plugin v26.5 - https:\/\/yoast.com\/wordpress\/plugins\/seo\/ -->\n<title>Muffin Chocolat et P\u00e2te \u00e0 Tartiner - Louis Dubois Glacier - P\u00e2tissier<\/title>\n<meta name=\"robots\" content=\"index, follow, max-snippet:-1, max-image-preview:large, max-video-preview:-1\" \/>\n<link rel=\"canonical\" href=\"https:\/\/louis-dubois.com\/?product=muffin-chocolat-et-pate-a-tartiner\" \/>\n<meta property=\"og:locale\" content=\"fr_FR\" \/>\n<meta property=\"og:type\" content=\"article\" \/>\n<meta property=\"og:title\" content=\"Muffin Chocolat et P\u00e2te \u00e0 Tartiner - Louis Dubois Glacier - P\u00e2tissier\" \/>\n<meta property=\"og:url\" content=\"https:\/\/louis-dubois.com\/?product=muffin-chocolat-et-pate-a-tartiner\" \/>\n<meta property=\"og:site_name\" content=\"Louis Dubois Glacier - P\u00e2tissier\" \/>\n<meta property=\"article:modified_time\" content=\"2025-11-27T20:37:54+00:00\" \/>\n<meta property=\"og:image\" content=\"https:\/\/louis-dubois.com\/wp-content\/uploads\/2025\/11\/muffin.png\" \/>\n\t<meta property=\"og:image:width\" content=\"1000\" \/>\n\t<meta property=\"og:image:height\" content=\"1000\" \/>\n\t<meta property=\"og:image:type\" content=\"image\/png\" \/>\n<meta name=\"twitter:card\" content=\"summary_large_image\" \/>\n<script type=\"application\/ld+json\" class=\"yoast-schema-graph\">{\"@context\":\"https:\/\/schema.org\",\"@graph\":[{\"@type\":\"WebPage\",\"@id\":\"https:\/\/louis-dubois.com\/?product=muffin-chocolat-et-pate-a-tartiner\",\"url\":\"https:\/\/louis-dubois.com\/?product=muffin-chocolat-et-pate-a-tartiner\",\"name\":\"Muffin Chocolat et P\u00e2te \u00e0 Tartiner - Louis Dubois Glacier - P\u00e2tissier\",\"isPartOf\":{\"@id\":\"https:\/\/louis-dubois.com\/#website\"},\"primaryImageOfPage\":{\"@id\":\"https:\/\/louis-dubois.com\/?product=muffin-chocolat-et-pate-a-tartiner#primaryimage\"},\"image\":{\"@id\":\"https:\/\/louis-dubois.com\/?product=muffin-chocolat-et-pate-a-tartiner#primaryimage\"},\"thumbnailUrl\":\"https:\/\/louis-dubois.com\/wp-content\/uploads\/2025\/11\/muffin.png\",\"datePublished\":\"2025-11-22T23:02:28+00:00\",\"dateModified\":\"2025-11-27T20:37:54+00:00\",\"breadcrumb\":{\"@id\":\"https:\/\/louis-dubois.com\/?product=muffin-chocolat-et-pate-a-tartiner#breadcrumb\"},\"inLanguage\":\"fr-FR\",\"potentialAction\":[{\"@type\":\"ReadAction\",\"target\":[\"https:\/\/louis-dubois.com\/?product=muffin-chocolat-et-pate-a-tartiner\"]}]},{\"@type\":\"ImageObject\",\"inLanguage\":\"fr-FR\",\"@id\":\"https:\/\/louis-dubois.com\/?product=muffin-chocolat-et-pate-a-tartiner#primaryimage\",\"url\":\"https:\/\/louis-dubois.com\/wp-content\/uploads\/2025\/11\/muffin.png\",\"contentUrl\":\"https:\/\/louis-dubois.com\/wp-content\/uploads\/2025\/11\/muffin.png\",\"width\":1000,\"height\":1000},{\"@type\":\"BreadcrumbList\",\"@id\":\"https:\/\/louis-dubois.com\/?product=muffin-chocolat-et-pate-a-tartiner#breadcrumb\",\"itemListElement\":[{\"@type\":\"ListItem\",\"position\":1,\"name\":\"Accueil\",\"item\":\"https:\/\/louis-dubois.com\/\"},{\"@type\":\"ListItem\",\"position\":2,\"name\":\"La boutique\",\"item\":\"https:\/\/louis-dubois.com\/?page_id=2932\"},{\"@type\":\"ListItem\",\"position\":3,\"name\":\"Muffin Chocolat et P\u00e2te \u00e0 Tartiner\"}]},{\"@type\":\"WebSite\",\"@id\":\"https:\/\/louis-dubois.com\/#website\",\"url\":\"https:\/\/louis-dubois.com\/\",\"name\":\"Louis Dubois Glacier - P\u00e2tissier\",\"description\":\"D\u00e9couvrez l\u2019excellence p\u00e2tissi\u00e8re et glac\u00e9e pour les professionnels sign\u00e9e Louis Dubois\",\"publisher\":{\"@id\":\"https:\/\/louis-dubois.com\/#\/schema\/person\/95357d5fcae5ab65b75e18ab948ced68\"},\"alternateName\":\"Louis Dubois Glacier - P\u00e2tissier\",\"potentialAction\":[{\"@type\":\"SearchAction\",\"target\":{\"@type\":\"EntryPoint\",\"urlTemplate\":\"https:\/\/louis-dubois.com\/?s={search_term_string}\"},\"query-input\":{\"@type\":\"PropertyValueSpecification\",\"valueRequired\":true,\"valueName\":\"search_term_string\"}}],\"inLanguage\":\"fr-FR\"},{\"@type\":[\"Person\",\"Organization\"],\"@id\":\"https:\/\/louis-dubois.com\/#\/schema\/person\/95357d5fcae5ab65b75e18ab948ced68\",\"name\":\"Ldubois\",\"image\":{\"@type\":\"ImageObject\",\"inLanguage\":\"fr-FR\",\"@id\":\"https:\/\/louis-dubois.com\/#\/schema\/person\/image\/\",\"url\":\"https:\/\/louis-dubois.com\/wp-content\/uploads\/2022\/08\/Logo-Or-titre.png\",\"contentUrl\":\"https:\/\/louis-dubois.com\/wp-content\/uploads\/2022\/08\/Logo-Or-titre.png\",\"width\":520,\"height\":669,\"caption\":\"Ldubois\"},\"logo\":{\"@id\":\"https:\/\/louis-dubois.com\/#\/schema\/person\/image\/\"},\"sameAs\":[\"https:\/\/louis-dubois.com\"]}]}<\/script>\n<!-- \/ Yoast SEO plugin. -->","yoast_head_json":{"title":"Muffin Chocolat et P\u00e2te \u00e0 Tartiner - Louis Dubois Glacier - P\u00e2tissier","robots":{"index":"index","follow":"follow","max-snippet":"max-snippet:-1","max-image-preview":"max-image-preview:large","max-video-preview":"max-video-preview:-1"},"canonical":"https:\/\/louis-dubois.com\/?product=muffin-chocolat-et-pate-a-tartiner","og_locale":"fr_FR","og_type":"article","og_title":"Muffin Chocolat et P\u00e2te \u00e0 Tartiner - Louis Dubois Glacier - P\u00e2tissier","og_url":"https:\/\/louis-dubois.com\/?product=muffin-chocolat-et-pate-a-tartiner","og_site_name":"Louis Dubois Glacier - P\u00e2tissier","article_modified_time":"2025-11-27T20:37:54+00:00","og_image":[{"width":1000,"height":1000,"url":"https:\/\/louis-dubois.com\/wp-content\/uploads\/2025\/11\/muffin.png","type":"image\/png"}],"twitter_card":"summary_large_image","schema":{"@context":"https:\/\/schema.org","@graph":[{"@type":"WebPage","@id":"https:\/\/louis-dubois.com\/?product=muffin-chocolat-et-pate-a-tartiner","url":"https:\/\/louis-dubois.com\/?product=muffin-chocolat-et-pate-a-tartiner","name":"Muffin Chocolat et P\u00e2te \u00e0 Tartiner - Louis Dubois Glacier - P\u00e2tissier","isPartOf":{"@id":"https:\/\/louis-dubois.com\/#website"},"primaryImageOfPage":{"@id":"https:\/\/louis-dubois.com\/?product=muffin-chocolat-et-pate-a-tartiner#primaryimage"},"image":{"@id":"https:\/\/louis-dubois.com\/?product=muffin-chocolat-et-pate-a-tartiner#primaryimage"},"thumbnailUrl":"https:\/\/louis-dubois.com\/wp-content\/uploads\/2025\/11\/muffin.png","datePublished":"2025-11-22T23:02:28+00:00","dateModified":"2025-11-27T20:37:54+00:00","breadcrumb":{"@id":"https:\/\/louis-dubois.com\/?product=muffin-chocolat-et-pate-a-tartiner#breadcrumb"},"inLanguage":"fr-FR","potentialAction":[{"@type":"ReadAction","target":["https:\/\/louis-dubois.com\/?product=muffin-chocolat-et-pate-a-tartiner"]}]},{"@type":"ImageObject","inLanguage":"fr-FR","@id":"https:\/\/louis-dubois.com\/?product=muffin-chocolat-et-pate-a-tartiner#primaryimage","url":"https:\/\/louis-dubois.com\/wp-content\/uploads\/2025\/11\/muffin.png","contentUrl":"https:\/\/louis-dubois.com\/wp-content\/uploads\/2025\/11\/muffin.png","width":1000,"height":1000},{"@type":"BreadcrumbList","@id":"https:\/\/louis-dubois.com\/?product=muffin-chocolat-et-pate-a-tartiner#breadcrumb","itemListElement":[{"@type":"ListItem","position":1,"name":"Accueil","item":"https:\/\/louis-dubois.com\/"},{"@type":"ListItem","position":2,"name":"La boutique","item":"https:\/\/louis-dubois.com\/?page_id=2932"},{"@type":"ListItem","position":3,"name":"Muffin Chocolat et P\u00e2te \u00e0 Tartiner"}]},{"@type":"WebSite","@id":"https:\/\/louis-dubois.com\/#website","url":"https:\/\/louis-dubois.com\/","name":"Louis Dubois Glacier - P\u00e2tissier","description":"D\u00e9couvrez l\u2019excellence p\u00e2tissi\u00e8re et glac\u00e9e pour les professionnels sign\u00e9e Louis Dubois","publisher":{"@id":"https:\/\/louis-dubois.com\/#\/schema\/person\/95357d5fcae5ab65b75e18ab948ced68"},"alternateName":"Louis Dubois Glacier - P\u00e2tissier","potentialAction":[{"@type":"SearchAction","target":{"@type":"EntryPoint","urlTemplate":"https:\/\/louis-dubois.com\/?s={search_term_string}"},"query-input":{"@type":"PropertyValueSpecification","valueRequired":true,"valueName":"search_term_string"}}],"inLanguage":"fr-FR"},{"@type":["Person","Organization"],"@id":"https:\/\/louis-dubois.com\/#\/schema\/person\/95357d5fcae5ab65b75e18ab948ced68","name":"Ldubois","image":{"@type":"ImageObject","inLanguage":"fr-FR","@id":"https:\/\/louis-dubois.com\/#\/schema\/person\/image\/","url":"https:\/\/louis-dubois.com\/wp-content\/uploads\/2022\/08\/Logo-Or-titre.png","contentUrl":"https:\/\/louis-dubois.com\/wp-content\/uploads\/2022\/08\/Logo-Or-titre.png","width":520,"height":669,"caption":"Ldubois"},"logo":{"@id":"https:\/\/louis-dubois.com\/#\/schema\/person\/image\/"},"sameAs":["https:\/\/louis-dubois.com"]}]}},"jetpack_sharing_enabled":true,"_links":{"self":[{"href":"https:\/\/louis-dubois.com\/index.php?rest_route=\/wp\/v2\/product\/3582","targetHints":{"allow":["GET"]}}],"collection":[{"href":"https:\/\/louis-dubois.com\/index.php?rest_route=\/wp\/v2\/product"}],"about":[{"href":"https:\/\/louis-dubois.com\/index.php?rest_route=\/wp\/v2\/types\/product"}],"replies":[{"embeddable":true,"href":"https:\/\/louis-dubois.com\/index.php?rest_route=%2Fwp%2Fv2%2Fcomments&post=3582"}],"version-history":[{"count":1,"href":"https:\/\/louis-dubois.com\/index.php?rest_route=\/wp\/v2\/product\/3582\/revisions"}],"predecessor-version":[{"id":3583,"href":"https:\/\/louis-dubois.com\/index.php?rest_route=\/wp\/v2\/product\/3582\/revisions\/3583"}],"wp:featuredmedia":[{"embeddable":true,"href":"https:\/\/louis-dubois.com\/index.php?rest_route=\/wp\/v2\/media\/3777"}],"wp:attachment":[{"href":"https:\/\/louis-dubois.com\/index.php?rest_route=%2Fwp%2Fv2%2Fmedia&parent=3582"}],"wp:term":[{"taxonomy":"product_brand","embeddable":true,"href":"https:\/\/louis-dubois.com\/index.php?rest_route=%2Fwp%2Fv2%2Fproduct_brand&post=3582"},{"taxonomy":"product_cat","embeddable":true,"href":"https:\/\/louis-dubois.com\/index.php?rest_route=%2Fwp%2Fv2%2Fproduct_cat&post=3582"},{"taxonomy":"product_tag","embeddable":true,"href":"https:\/\/louis-dubois.com\/index.php?rest_route=%2Fwp%2Fv2%2Fproduct_tag&post=3582"}],"curies":[{"name":"wp","href":"https:\/\/api.w.org\/{rel}","templated":true}]}}