{"id":3602,"date":"2025-11-23T00:11:17","date_gmt":"2025-11-22T23:11:17","guid":{"rendered":"https:\/\/louis-dubois.com\/?post_type=product&#038;p=3602"},"modified":"2025-11-24T22:08:28","modified_gmt":"2025-11-24T21:08:28","slug":"saint-honore","status":"publish","type":"product","link":"https:\/\/louis-dubois.com\/?product=saint-honore","title":{"rendered":"Saint-Honor\u00e9"},"content":{"rendered":"","protected":false},"excerpt":{"rendered":"<p><strong>Choux garnis de cr\u00e8me<\/strong> p\u00e2tissi\u00e8re \u00e0 la vanille de Madagascar, fine couche de caramel, feuilletage maison et chantilly<\/p>\n","protected":false},"featured_media":3614,"comment_status":"open","ping_status":"closed","template":"","meta":[],"product_brand":[],"product_cat":[111],"product_tag":[112,124],"class_list":{"0":"post-3602","1":"product","2":"type-product","3":"status-publish","4":"has-post-thumbnail","6":"product_cat-patisserie","7":"product_tag-patisserie","8":"product_tag-saint-honore","10":"first","11":"instock","12":"taxable","13":"shipping-taxable","14":"product-type-simple"},"yoast_head":"<!-- This site is optimized with the Yoast SEO plugin v26.5 - https:\/\/yoast.com\/wordpress\/plugins\/seo\/ -->\n<title>Saint-Honor\u00e9 - Louis Dubois Glacier - P\u00e2tissier<\/title>\n<meta name=\"robots\" content=\"index, follow, max-snippet:-1, max-image-preview:large, max-video-preview:-1\" \/>\n<link rel=\"canonical\" href=\"https:\/\/louis-dubois.com\/?product=saint-honore\" \/>\n<meta property=\"og:locale\" content=\"fr_FR\" \/>\n<meta property=\"og:type\" content=\"article\" \/>\n<meta property=\"og:title\" content=\"Saint-Honor\u00e9 - Louis Dubois Glacier - P\u00e2tissier\" \/>\n<meta property=\"og:description\" content=\"Choux garnis de cr\u00e8me p\u00e2tissi\u00e8re \u00e0 la vanille de Madagascar, fine couche de caramel, feuilletage maison et chantilly\" \/>\n<meta property=\"og:url\" content=\"https:\/\/louis-dubois.com\/?product=saint-honore\" \/>\n<meta property=\"og:site_name\" content=\"Louis Dubois Glacier - P\u00e2tissier\" \/>\n<meta property=\"article:modified_time\" content=\"2025-11-24T21:08:28+00:00\" \/>\n<meta property=\"og:image\" content=\"https:\/\/louis-dubois.com\/wp-content\/uploads\/2025\/11\/Shooting-Louis-DUBOIS-35678-scaled.jpg\" \/>\n\t<meta property=\"og:image:width\" content=\"2560\" \/>\n\t<meta property=\"og:image:height\" content=\"1920\" \/>\n\t<meta property=\"og:image:type\" content=\"image\/jpeg\" \/>\n<meta name=\"twitter:card\" content=\"summary_large_image\" \/>\n<script type=\"application\/ld+json\" class=\"yoast-schema-graph\">{\"@context\":\"https:\/\/schema.org\",\"@graph\":[{\"@type\":\"WebPage\",\"@id\":\"https:\/\/louis-dubois.com\/?product=saint-honore\",\"url\":\"https:\/\/louis-dubois.com\/?product=saint-honore\",\"name\":\"Saint-Honor\u00e9 - Louis Dubois Glacier - P\u00e2tissier\",\"isPartOf\":{\"@id\":\"https:\/\/louis-dubois.com\/#website\"},\"primaryImageOfPage\":{\"@id\":\"https:\/\/louis-dubois.com\/?product=saint-honore#primaryimage\"},\"image\":{\"@id\":\"https:\/\/louis-dubois.com\/?product=saint-honore#primaryimage\"},\"thumbnailUrl\":\"https:\/\/louis-dubois.com\/wp-content\/uploads\/2025\/11\/Shooting-Louis-DUBOIS-35678-scaled.jpg\",\"datePublished\":\"2025-11-22T23:11:17+00:00\",\"dateModified\":\"2025-11-24T21:08:28+00:00\",\"breadcrumb\":{\"@id\":\"https:\/\/louis-dubois.com\/?product=saint-honore#breadcrumb\"},\"inLanguage\":\"fr-FR\",\"potentialAction\":[{\"@type\":\"ReadAction\",\"target\":[\"https:\/\/louis-dubois.com\/?product=saint-honore\"]}]},{\"@type\":\"ImageObject\",\"inLanguage\":\"fr-FR\",\"@id\":\"https:\/\/louis-dubois.com\/?product=saint-honore#primaryimage\",\"url\":\"https:\/\/louis-dubois.com\/wp-content\/uploads\/2025\/11\/Shooting-Louis-DUBOIS-35678-scaled.jpg\",\"contentUrl\":\"https:\/\/louis-dubois.com\/wp-content\/uploads\/2025\/11\/Shooting-Louis-DUBOIS-35678-scaled.jpg\",\"width\":2560,\"height\":1920},{\"@type\":\"BreadcrumbList\",\"@id\":\"https:\/\/louis-dubois.com\/?product=saint-honore#breadcrumb\",\"itemListElement\":[{\"@type\":\"ListItem\",\"position\":1,\"name\":\"Accueil\",\"item\":\"https:\/\/louis-dubois.com\/\"},{\"@type\":\"ListItem\",\"position\":2,\"name\":\"La boutique\",\"item\":\"https:\/\/louis-dubois.com\/?page_id=2932\"},{\"@type\":\"ListItem\",\"position\":3,\"name\":\"Saint-Honor\u00e9\"}]},{\"@type\":\"WebSite\",\"@id\":\"https:\/\/louis-dubois.com\/#website\",\"url\":\"https:\/\/louis-dubois.com\/\",\"name\":\"Louis Dubois Glacier - P\u00e2tissier\",\"description\":\"D\u00e9couvrez l\u2019excellence p\u00e2tissi\u00e8re et glac\u00e9e pour les professionnels sign\u00e9e Louis Dubois\",\"publisher\":{\"@id\":\"https:\/\/louis-dubois.com\/#\/schema\/person\/95357d5fcae5ab65b75e18ab948ced68\"},\"alternateName\":\"Louis Dubois Glacier - P\u00e2tissier\",\"potentialAction\":[{\"@type\":\"SearchAction\",\"target\":{\"@type\":\"EntryPoint\",\"urlTemplate\":\"https:\/\/louis-dubois.com\/?s={search_term_string}\"},\"query-input\":{\"@type\":\"PropertyValueSpecification\",\"valueRequired\":true,\"valueName\":\"search_term_string\"}}],\"inLanguage\":\"fr-FR\"},{\"@type\":[\"Person\",\"Organization\"],\"@id\":\"https:\/\/louis-dubois.com\/#\/schema\/person\/95357d5fcae5ab65b75e18ab948ced68\",\"name\":\"Ldubois\",\"image\":{\"@type\":\"ImageObject\",\"inLanguage\":\"fr-FR\",\"@id\":\"https:\/\/louis-dubois.com\/#\/schema\/person\/image\/\",\"url\":\"https:\/\/louis-dubois.com\/wp-content\/uploads\/2022\/08\/Logo-Or-titre.png\",\"contentUrl\":\"https:\/\/louis-dubois.com\/wp-content\/uploads\/2022\/08\/Logo-Or-titre.png\",\"width\":520,\"height\":669,\"caption\":\"Ldubois\"},\"logo\":{\"@id\":\"https:\/\/louis-dubois.com\/#\/schema\/person\/image\/\"},\"sameAs\":[\"https:\/\/louis-dubois.com\"]}]}<\/script>\n<!-- \/ Yoast SEO plugin. -->","yoast_head_json":{"title":"Saint-Honor\u00e9 - Louis Dubois Glacier - P\u00e2tissier","robots":{"index":"index","follow":"follow","max-snippet":"max-snippet:-1","max-image-preview":"max-image-preview:large","max-video-preview":"max-video-preview:-1"},"canonical":"https:\/\/louis-dubois.com\/?product=saint-honore","og_locale":"fr_FR","og_type":"article","og_title":"Saint-Honor\u00e9 - Louis Dubois Glacier - P\u00e2tissier","og_description":"Choux garnis de cr\u00e8me p\u00e2tissi\u00e8re \u00e0 la vanille de Madagascar, fine couche de caramel, feuilletage maison et chantilly","og_url":"https:\/\/louis-dubois.com\/?product=saint-honore","og_site_name":"Louis Dubois Glacier - P\u00e2tissier","article_modified_time":"2025-11-24T21:08:28+00:00","og_image":[{"width":2560,"height":1920,"url":"https:\/\/louis-dubois.com\/wp-content\/uploads\/2025\/11\/Shooting-Louis-DUBOIS-35678-scaled.jpg","type":"image\/jpeg"}],"twitter_card":"summary_large_image","schema":{"@context":"https:\/\/schema.org","@graph":[{"@type":"WebPage","@id":"https:\/\/louis-dubois.com\/?product=saint-honore","url":"https:\/\/louis-dubois.com\/?product=saint-honore","name":"Saint-Honor\u00e9 - Louis Dubois Glacier - P\u00e2tissier","isPartOf":{"@id":"https:\/\/louis-dubois.com\/#website"},"primaryImageOfPage":{"@id":"https:\/\/louis-dubois.com\/?product=saint-honore#primaryimage"},"image":{"@id":"https:\/\/louis-dubois.com\/?product=saint-honore#primaryimage"},"thumbnailUrl":"https:\/\/louis-dubois.com\/wp-content\/uploads\/2025\/11\/Shooting-Louis-DUBOIS-35678-scaled.jpg","datePublished":"2025-11-22T23:11:17+00:00","dateModified":"2025-11-24T21:08:28+00:00","breadcrumb":{"@id":"https:\/\/louis-dubois.com\/?product=saint-honore#breadcrumb"},"inLanguage":"fr-FR","potentialAction":[{"@type":"ReadAction","target":["https:\/\/louis-dubois.com\/?product=saint-honore"]}]},{"@type":"ImageObject","inLanguage":"fr-FR","@id":"https:\/\/louis-dubois.com\/?product=saint-honore#primaryimage","url":"https:\/\/louis-dubois.com\/wp-content\/uploads\/2025\/11\/Shooting-Louis-DUBOIS-35678-scaled.jpg","contentUrl":"https:\/\/louis-dubois.com\/wp-content\/uploads\/2025\/11\/Shooting-Louis-DUBOIS-35678-scaled.jpg","width":2560,"height":1920},{"@type":"BreadcrumbList","@id":"https:\/\/louis-dubois.com\/?product=saint-honore#breadcrumb","itemListElement":[{"@type":"ListItem","position":1,"name":"Accueil","item":"https:\/\/louis-dubois.com\/"},{"@type":"ListItem","position":2,"name":"La boutique","item":"https:\/\/louis-dubois.com\/?page_id=2932"},{"@type":"ListItem","position":3,"name":"Saint-Honor\u00e9"}]},{"@type":"WebSite","@id":"https:\/\/louis-dubois.com\/#website","url":"https:\/\/louis-dubois.com\/","name":"Louis Dubois Glacier - P\u00e2tissier","description":"D\u00e9couvrez l\u2019excellence p\u00e2tissi\u00e8re et glac\u00e9e pour les professionnels sign\u00e9e Louis Dubois","publisher":{"@id":"https:\/\/louis-dubois.com\/#\/schema\/person\/95357d5fcae5ab65b75e18ab948ced68"},"alternateName":"Louis Dubois Glacier - P\u00e2tissier","potentialAction":[{"@type":"SearchAction","target":{"@type":"EntryPoint","urlTemplate":"https:\/\/louis-dubois.com\/?s={search_term_string}"},"query-input":{"@type":"PropertyValueSpecification","valueRequired":true,"valueName":"search_term_string"}}],"inLanguage":"fr-FR"},{"@type":["Person","Organization"],"@id":"https:\/\/louis-dubois.com\/#\/schema\/person\/95357d5fcae5ab65b75e18ab948ced68","name":"Ldubois","image":{"@type":"ImageObject","inLanguage":"fr-FR","@id":"https:\/\/louis-dubois.com\/#\/schema\/person\/image\/","url":"https:\/\/louis-dubois.com\/wp-content\/uploads\/2022\/08\/Logo-Or-titre.png","contentUrl":"https:\/\/louis-dubois.com\/wp-content\/uploads\/2022\/08\/Logo-Or-titre.png","width":520,"height":669,"caption":"Ldubois"},"logo":{"@id":"https:\/\/louis-dubois.com\/#\/schema\/person\/image\/"},"sameAs":["https:\/\/louis-dubois.com"]}]}},"jetpack_sharing_enabled":true,"_links":{"self":[{"href":"https:\/\/louis-dubois.com\/index.php?rest_route=\/wp\/v2\/product\/3602","targetHints":{"allow":["GET"]}}],"collection":[{"href":"https:\/\/louis-dubois.com\/index.php?rest_route=\/wp\/v2\/product"}],"about":[{"href":"https:\/\/louis-dubois.com\/index.php?rest_route=\/wp\/v2\/types\/product"}],"replies":[{"embeddable":true,"href":"https:\/\/louis-dubois.com\/index.php?rest_route=%2Fwp%2Fv2%2Fcomments&post=3602"}],"version-history":[{"count":1,"href":"https:\/\/louis-dubois.com\/index.php?rest_route=\/wp\/v2\/product\/3602\/revisions"}],"predecessor-version":[{"id":3603,"href":"https:\/\/louis-dubois.com\/index.php?rest_route=\/wp\/v2\/product\/3602\/revisions\/3603"}],"wp:featuredmedia":[{"embeddable":true,"href":"https:\/\/louis-dubois.com\/index.php?rest_route=\/wp\/v2\/media\/3614"}],"wp:attachment":[{"href":"https:\/\/louis-dubois.com\/index.php?rest_route=%2Fwp%2Fv2%2Fmedia&parent=3602"}],"wp:term":[{"taxonomy":"product_brand","embeddable":true,"href":"https:\/\/louis-dubois.com\/index.php?rest_route=%2Fwp%2Fv2%2Fproduct_brand&post=3602"},{"taxonomy":"product_cat","embeddable":true,"href":"https:\/\/louis-dubois.com\/index.php?rest_route=%2Fwp%2Fv2%2Fproduct_cat&post=3602"},{"taxonomy":"product_tag","embeddable":true,"href":"https:\/\/louis-dubois.com\/index.php?rest_route=%2Fwp%2Fv2%2Fproduct_tag&post=3602"}],"curies":[{"name":"wp","href":"https:\/\/api.w.org\/{rel}","templated":true}]}}