{"id":4220,"date":"2025-12-06T20:02:40","date_gmt":"2025-12-06T19:02:40","guid":{"rendered":"https:\/\/louis-dubois.com\/?post_type=product&#038;p=4220"},"modified":"2025-12-07T15:50:02","modified_gmt":"2025-12-07T14:50:02","slug":"le-coffret-tour-du-monde-5-etapes","status":"publish","type":"product","link":"https:\/\/louis-dubois.com\/?product=le-coffret-tour-du-monde-5-etapes","title":{"rendered":"Coffret \u00ab\u00a0Tour du Monde\u00a0\u00bb 5 \u00e9tapes"},"content":{"rendered":"","protected":false},"excerpt":{"rendered":"<p>Un coffret pens\u00e9 comme un voyage initiatique \u00e0 travers les terroirs les plus pr\u00e9cieux du monde.\u2028Chaque version explore une intensit\u00e9 diff\u00e9rente du voyage,\u2028Les mati\u00e8res premi\u00e8res sont nobles, les parfums d\u2019une clart\u00e9 aromatique exceptionnelle :<\/p>\n<p>Chaque pot permet de pr\u00e9parer jusqu\u2019\u00e0 750 g de glace.<\/p>\n<p class=\"p1\"><b>Vanille de Tahiti<\/b>, suave et florale<\/p>\n<p>Ingr\u00e9dients\u00a0 : Sucre, glucose atomis\u00e9, poudre de lait, jaune d&rsquo;oeuf d\u00e9shydrat\u00e9, Vanille de Tahiti Gousse 3%<\/p>\n<p class=\"p1\"><b>Noisette du Pi\u00e9mont<\/b>, ronde et torr\u00e9fi\u00e9e<\/p>\n<p>Ingr\u00e9dients\u00a0 : Sucre, glucose atomis\u00e9, poudre de lait, P\u00e2te de noisette du Piemond, Dextrose<\/p>\n<p class=\"p1\"><b>Pistache d\u2019Iran<\/b>, d\u00e9licate et naturellement parfum\u00e9e<\/p>\n<p>Ingr\u00e9dients : Sucre, glucose atomis\u00e9, poudre de lait, P\u00e2te de Pistache d&rsquo;Iran Green B Maison, Dextrose<\/p>\n<p><strong><em>Caf\u00e9 du Guatemala<\/em><\/strong>, rac\u00e9 et profond<\/p>\n<p>Ingr\u00e9dients : Sucre, glucose atomis\u00e9, poudre de lait, Caf\u00e9 du Guatemala (Caf\u00e9 Indien Nice), Dextrose<\/p>\n<p><strong><em>Chocolat du P\u00e9rou<\/em><\/strong>, intense et \u00e9l\u00e9gant<\/p>\n<p>Ingr\u00e9dients : Sucre, glucose atomis\u00e9, poudre de lait, cacao en poudre, chocolat du P\u00e9rou<\/p>\n<p>&nbsp;<\/p>\n<p>&nbsp;<\/p>\n","protected":false},"featured_media":4221,"comment_status":"open","ping_status":"closed","template":"","meta":[],"product_brand":[],"product_cat":[15,129,128],"product_tag":[],"class_list":{"0":"post-4220","1":"product","2":"type-product","3":"status-publish","4":"has-post-thumbnail","6":"product_cat-non-classe","7":"product_cat-coffret-tour-du-monde","8":"product_cat-les-coffrets","10":"first","11":"instock","12":"taxable","13":"shipping-taxable","14":"purchasable","15":"product-type-simple"},"yoast_head":"<!-- This site is optimized with the Yoast SEO plugin v26.5 - https:\/\/yoast.com\/wordpress\/plugins\/seo\/ -->\n<title>Coffret &quot;Tour du Monde&quot; 5 \u00e9tapes - Louis Dubois Glacier - P\u00e2tissier<\/title>\n<meta name=\"robots\" content=\"index, follow, max-snippet:-1, max-image-preview:large, max-video-preview:-1\" \/>\n<link rel=\"canonical\" href=\"https:\/\/louis-dubois.com\/?product=le-coffret-tour-du-monde-5-etapes\" \/>\n<meta property=\"og:locale\" content=\"fr_FR\" \/>\n<meta property=\"og:type\" content=\"article\" \/>\n<meta property=\"og:title\" content=\"Coffret &quot;Tour du Monde&quot; 5 \u00e9tapes - Louis Dubois Glacier - P\u00e2tissier\" \/>\n<meta property=\"og:description\" content=\"Un coffret pens\u00e9 comme un voyage initiatique \u00e0 travers les terroirs les plus pr\u00e9cieux du monde.\u2028Chaque version explore une intensit\u00e9 diff\u00e9rente du voyage,\u2028Les mati\u00e8res premi\u00e8res sont nobles, les parfums d\u2019une clart\u00e9 aromatique exceptionnelle :  Chaque pot permet de pr\u00e9parer jusqu\u2019\u00e0 750 g de glace. Vanille de Tahiti, suave et florale Ingr\u00e9dients\u00a0 : Sucre, glucose atomis\u00e9, poudre de lait, jaune d&#039;oeuf d\u00e9shydrat\u00e9, Vanille de Tahiti Gousse 3% Noisette du Pi\u00e9mont, ronde et torr\u00e9fi\u00e9e Ingr\u00e9dients\u00a0 : Sucre, glucose atomis\u00e9, poudre de lait, P\u00e2te de noisette du Piemond, Dextrose Pistache d\u2019Iran, d\u00e9licate et naturellement parfum\u00e9e Ingr\u00e9dients : Sucre, glucose atomis\u00e9, poudre de lait, P\u00e2te de Pistache d&#039;Iran Green B Maison, Dextrose  Caf\u00e9 du Guatemala, rac\u00e9 et profond  Ingr\u00e9dients : Sucre, glucose atomis\u00e9, poudre de lait, Caf\u00e9 du Guatemala (Caf\u00e9 Indien Nice), Dextrose  Chocolat du P\u00e9rou, intense et \u00e9l\u00e9gant  Ingr\u00e9dients : Sucre, glucose atomis\u00e9, poudre de lait, cacao en poudre, chocolat du P\u00e9rou  &nbsp;  &nbsp;\" \/>\n<meta property=\"og:url\" content=\"https:\/\/louis-dubois.com\/?product=le-coffret-tour-du-monde-5-etapes\" \/>\n<meta property=\"og:site_name\" content=\"Louis Dubois Glacier - P\u00e2tissier\" \/>\n<meta property=\"article:modified_time\" content=\"2025-12-07T14:50:02+00:00\" \/>\n<meta property=\"og:image\" content=\"https:\/\/louis-dubois.com\/wp-content\/uploads\/2025\/12\/Coffret-Grands-Gourmands-pack-de-5.png\" \/>\n\t<meta property=\"og:image:width\" content=\"1200\" \/>\n\t<meta property=\"og:image:height\" content=\"896\" \/>\n\t<meta property=\"og:image:type\" content=\"image\/png\" \/>\n<meta name=\"twitter:card\" content=\"summary_large_image\" \/>\n<meta name=\"twitter:label1\" content=\"Dur\u00e9e de lecture estim\u00e9e\" \/>\n\t<meta name=\"twitter:data1\" content=\"1 minute\" \/>\n<script type=\"application\/ld+json\" class=\"yoast-schema-graph\">{\"@context\":\"https:\/\/schema.org\",\"@graph\":[{\"@type\":\"WebPage\",\"@id\":\"https:\/\/louis-dubois.com\/?product=le-coffret-tour-du-monde-5-etapes\",\"url\":\"https:\/\/louis-dubois.com\/?product=le-coffret-tour-du-monde-5-etapes\",\"name\":\"Coffret \\\"Tour du Monde\\\" 5 \u00e9tapes - Louis Dubois Glacier - P\u00e2tissier\",\"isPartOf\":{\"@id\":\"https:\/\/louis-dubois.com\/#website\"},\"primaryImageOfPage\":{\"@id\":\"https:\/\/louis-dubois.com\/?product=le-coffret-tour-du-monde-5-etapes#primaryimage\"},\"image\":{\"@id\":\"https:\/\/louis-dubois.com\/?product=le-coffret-tour-du-monde-5-etapes#primaryimage\"},\"thumbnailUrl\":\"https:\/\/louis-dubois.com\/wp-content\/uploads\/2025\/12\/Coffret-Grands-Gourmands-pack-de-5.png\",\"datePublished\":\"2025-12-06T19:02:40+00:00\",\"dateModified\":\"2025-12-07T14:50:02+00:00\",\"breadcrumb\":{\"@id\":\"https:\/\/louis-dubois.com\/?product=le-coffret-tour-du-monde-5-etapes#breadcrumb\"},\"inLanguage\":\"fr-FR\",\"potentialAction\":[{\"@type\":\"ReadAction\",\"target\":[\"https:\/\/louis-dubois.com\/?product=le-coffret-tour-du-monde-5-etapes\"]}]},{\"@type\":\"ImageObject\",\"inLanguage\":\"fr-FR\",\"@id\":\"https:\/\/louis-dubois.com\/?product=le-coffret-tour-du-monde-5-etapes#primaryimage\",\"url\":\"https:\/\/louis-dubois.com\/wp-content\/uploads\/2025\/12\/Coffret-Grands-Gourmands-pack-de-5.png\",\"contentUrl\":\"https:\/\/louis-dubois.com\/wp-content\/uploads\/2025\/12\/Coffret-Grands-Gourmands-pack-de-5.png\",\"width\":1200,\"height\":896},{\"@type\":\"BreadcrumbList\",\"@id\":\"https:\/\/louis-dubois.com\/?product=le-coffret-tour-du-monde-5-etapes#breadcrumb\",\"itemListElement\":[{\"@type\":\"ListItem\",\"position\":1,\"name\":\"Accueil\",\"item\":\"https:\/\/louis-dubois.com\/\"},{\"@type\":\"ListItem\",\"position\":2,\"name\":\"La boutique\",\"item\":\"https:\/\/louis-dubois.com\/?page_id=2932\"},{\"@type\":\"ListItem\",\"position\":3,\"name\":\"Coffret \u00ab\u00a0Tour du Monde\u00a0\u00bb 5 \u00e9tapes\"}]},{\"@type\":\"WebSite\",\"@id\":\"https:\/\/louis-dubois.com\/#website\",\"url\":\"https:\/\/louis-dubois.com\/\",\"name\":\"Louis Dubois Glacier - P\u00e2tissier\",\"description\":\"D\u00e9couvrez l\u2019excellence p\u00e2tissi\u00e8re et glac\u00e9e pour les professionnels sign\u00e9e Louis Dubois\",\"publisher\":{\"@id\":\"https:\/\/louis-dubois.com\/#\/schema\/person\/95357d5fcae5ab65b75e18ab948ced68\"},\"alternateName\":\"Louis Dubois Glacier - P\u00e2tissier\",\"potentialAction\":[{\"@type\":\"SearchAction\",\"target\":{\"@type\":\"EntryPoint\",\"urlTemplate\":\"https:\/\/louis-dubois.com\/?s={search_term_string}\"},\"query-input\":{\"@type\":\"PropertyValueSpecification\",\"valueRequired\":true,\"valueName\":\"search_term_string\"}}],\"inLanguage\":\"fr-FR\"},{\"@type\":[\"Person\",\"Organization\"],\"@id\":\"https:\/\/louis-dubois.com\/#\/schema\/person\/95357d5fcae5ab65b75e18ab948ced68\",\"name\":\"Ldubois\",\"image\":{\"@type\":\"ImageObject\",\"inLanguage\":\"fr-FR\",\"@id\":\"https:\/\/louis-dubois.com\/#\/schema\/person\/image\/\",\"url\":\"https:\/\/louis-dubois.com\/wp-content\/uploads\/2022\/08\/Logo-Or-titre.png\",\"contentUrl\":\"https:\/\/louis-dubois.com\/wp-content\/uploads\/2022\/08\/Logo-Or-titre.png\",\"width\":520,\"height\":669,\"caption\":\"Ldubois\"},\"logo\":{\"@id\":\"https:\/\/louis-dubois.com\/#\/schema\/person\/image\/\"},\"sameAs\":[\"https:\/\/louis-dubois.com\"]}]}<\/script>\n<!-- \/ Yoast SEO plugin. -->","yoast_head_json":{"title":"Coffret \"Tour du Monde\" 5 \u00e9tapes - Louis Dubois Glacier - P\u00e2tissier","robots":{"index":"index","follow":"follow","max-snippet":"max-snippet:-1","max-image-preview":"max-image-preview:large","max-video-preview":"max-video-preview:-1"},"canonical":"https:\/\/louis-dubois.com\/?product=le-coffret-tour-du-monde-5-etapes","og_locale":"fr_FR","og_type":"article","og_title":"Coffret \"Tour du Monde\" 5 \u00e9tapes - Louis Dubois Glacier - P\u00e2tissier","og_description":"Un coffret pens\u00e9 comme un voyage initiatique \u00e0 travers les terroirs les plus pr\u00e9cieux du monde.\u2028Chaque version explore une intensit\u00e9 diff\u00e9rente du voyage,\u2028Les mati\u00e8res premi\u00e8res sont nobles, les parfums d\u2019une clart\u00e9 aromatique exceptionnelle :  Chaque pot permet de pr\u00e9parer jusqu\u2019\u00e0 750 g de glace. Vanille de Tahiti, suave et florale Ingr\u00e9dients\u00a0 : Sucre, glucose atomis\u00e9, poudre de lait, jaune d'oeuf d\u00e9shydrat\u00e9, Vanille de Tahiti Gousse 3% Noisette du Pi\u00e9mont, ronde et torr\u00e9fi\u00e9e Ingr\u00e9dients\u00a0 : Sucre, glucose atomis\u00e9, poudre de lait, P\u00e2te de noisette du Piemond, Dextrose Pistache d\u2019Iran, d\u00e9licate et naturellement parfum\u00e9e Ingr\u00e9dients : Sucre, glucose atomis\u00e9, poudre de lait, P\u00e2te de Pistache d'Iran Green B Maison, Dextrose  Caf\u00e9 du Guatemala, rac\u00e9 et profond  Ingr\u00e9dients : Sucre, glucose atomis\u00e9, poudre de lait, Caf\u00e9 du Guatemala (Caf\u00e9 Indien Nice), Dextrose  Chocolat du P\u00e9rou, intense et \u00e9l\u00e9gant  Ingr\u00e9dients : Sucre, glucose atomis\u00e9, poudre de lait, cacao en poudre, chocolat du P\u00e9rou  &nbsp;  &nbsp;","og_url":"https:\/\/louis-dubois.com\/?product=le-coffret-tour-du-monde-5-etapes","og_site_name":"Louis Dubois Glacier - P\u00e2tissier","article_modified_time":"2025-12-07T14:50:02+00:00","og_image":[{"width":1200,"height":896,"url":"https:\/\/louis-dubois.com\/wp-content\/uploads\/2025\/12\/Coffret-Grands-Gourmands-pack-de-5.png","type":"image\/png"}],"twitter_card":"summary_large_image","twitter_misc":{"Dur\u00e9e de lecture estim\u00e9e":"1 minute"},"schema":{"@context":"https:\/\/schema.org","@graph":[{"@type":"WebPage","@id":"https:\/\/louis-dubois.com\/?product=le-coffret-tour-du-monde-5-etapes","url":"https:\/\/louis-dubois.com\/?product=le-coffret-tour-du-monde-5-etapes","name":"Coffret \"Tour du Monde\" 5 \u00e9tapes - Louis Dubois Glacier - P\u00e2tissier","isPartOf":{"@id":"https:\/\/louis-dubois.com\/#website"},"primaryImageOfPage":{"@id":"https:\/\/louis-dubois.com\/?product=le-coffret-tour-du-monde-5-etapes#primaryimage"},"image":{"@id":"https:\/\/louis-dubois.com\/?product=le-coffret-tour-du-monde-5-etapes#primaryimage"},"thumbnailUrl":"https:\/\/louis-dubois.com\/wp-content\/uploads\/2025\/12\/Coffret-Grands-Gourmands-pack-de-5.png","datePublished":"2025-12-06T19:02:40+00:00","dateModified":"2025-12-07T14:50:02+00:00","breadcrumb":{"@id":"https:\/\/louis-dubois.com\/?product=le-coffret-tour-du-monde-5-etapes#breadcrumb"},"inLanguage":"fr-FR","potentialAction":[{"@type":"ReadAction","target":["https:\/\/louis-dubois.com\/?product=le-coffret-tour-du-monde-5-etapes"]}]},{"@type":"ImageObject","inLanguage":"fr-FR","@id":"https:\/\/louis-dubois.com\/?product=le-coffret-tour-du-monde-5-etapes#primaryimage","url":"https:\/\/louis-dubois.com\/wp-content\/uploads\/2025\/12\/Coffret-Grands-Gourmands-pack-de-5.png","contentUrl":"https:\/\/louis-dubois.com\/wp-content\/uploads\/2025\/12\/Coffret-Grands-Gourmands-pack-de-5.png","width":1200,"height":896},{"@type":"BreadcrumbList","@id":"https:\/\/louis-dubois.com\/?product=le-coffret-tour-du-monde-5-etapes#breadcrumb","itemListElement":[{"@type":"ListItem","position":1,"name":"Accueil","item":"https:\/\/louis-dubois.com\/"},{"@type":"ListItem","position":2,"name":"La boutique","item":"https:\/\/louis-dubois.com\/?page_id=2932"},{"@type":"ListItem","position":3,"name":"Coffret \u00ab\u00a0Tour du Monde\u00a0\u00bb 5 \u00e9tapes"}]},{"@type":"WebSite","@id":"https:\/\/louis-dubois.com\/#website","url":"https:\/\/louis-dubois.com\/","name":"Louis Dubois Glacier - P\u00e2tissier","description":"D\u00e9couvrez l\u2019excellence p\u00e2tissi\u00e8re et glac\u00e9e pour les professionnels sign\u00e9e Louis Dubois","publisher":{"@id":"https:\/\/louis-dubois.com\/#\/schema\/person\/95357d5fcae5ab65b75e18ab948ced68"},"alternateName":"Louis Dubois Glacier - P\u00e2tissier","potentialAction":[{"@type":"SearchAction","target":{"@type":"EntryPoint","urlTemplate":"https:\/\/louis-dubois.com\/?s={search_term_string}"},"query-input":{"@type":"PropertyValueSpecification","valueRequired":true,"valueName":"search_term_string"}}],"inLanguage":"fr-FR"},{"@type":["Person","Organization"],"@id":"https:\/\/louis-dubois.com\/#\/schema\/person\/95357d5fcae5ab65b75e18ab948ced68","name":"Ldubois","image":{"@type":"ImageObject","inLanguage":"fr-FR","@id":"https:\/\/louis-dubois.com\/#\/schema\/person\/image\/","url":"https:\/\/louis-dubois.com\/wp-content\/uploads\/2022\/08\/Logo-Or-titre.png","contentUrl":"https:\/\/louis-dubois.com\/wp-content\/uploads\/2022\/08\/Logo-Or-titre.png","width":520,"height":669,"caption":"Ldubois"},"logo":{"@id":"https:\/\/louis-dubois.com\/#\/schema\/person\/image\/"},"sameAs":["https:\/\/louis-dubois.com"]}]}},"jetpack_sharing_enabled":true,"_links":{"self":[{"href":"https:\/\/louis-dubois.com\/index.php?rest_route=\/wp\/v2\/product\/4220","targetHints":{"allow":["GET"]}}],"collection":[{"href":"https:\/\/louis-dubois.com\/index.php?rest_route=\/wp\/v2\/product"}],"about":[{"href":"https:\/\/louis-dubois.com\/index.php?rest_route=\/wp\/v2\/types\/product"}],"replies":[{"embeddable":true,"href":"https:\/\/louis-dubois.com\/index.php?rest_route=%2Fwp%2Fv2%2Fcomments&post=4220"}],"version-history":[{"count":7,"href":"https:\/\/louis-dubois.com\/index.php?rest_route=\/wp\/v2\/product\/4220\/revisions"}],"predecessor-version":[{"id":4330,"href":"https:\/\/louis-dubois.com\/index.php?rest_route=\/wp\/v2\/product\/4220\/revisions\/4330"}],"wp:featuredmedia":[{"embeddable":true,"href":"https:\/\/louis-dubois.com\/index.php?rest_route=\/wp\/v2\/media\/4221"}],"wp:attachment":[{"href":"https:\/\/louis-dubois.com\/index.php?rest_route=%2Fwp%2Fv2%2Fmedia&parent=4220"}],"wp:term":[{"taxonomy":"product_brand","embeddable":true,"href":"https:\/\/louis-dubois.com\/index.php?rest_route=%2Fwp%2Fv2%2Fproduct_brand&post=4220"},{"taxonomy":"product_cat","embeddable":true,"href":"https:\/\/louis-dubois.com\/index.php?rest_route=%2Fwp%2Fv2%2Fproduct_cat&post=4220"},{"taxonomy":"product_tag","embeddable":true,"href":"https:\/\/louis-dubois.com\/index.php?rest_route=%2Fwp%2Fv2%2Fproduct_tag&post=4220"}],"curies":[{"name":"wp","href":"https:\/\/api.w.org\/{rel}","templated":true}]}}