{"id":4231,"date":"2025-12-06T20:25:35","date_gmt":"2025-12-06T19:25:35","guid":{"rendered":"https:\/\/louis-dubois.com\/?post_type=product&#038;p=4231"},"modified":"2025-12-07T15:53:40","modified_gmt":"2025-12-07T14:53:40","slug":"coffret-les-grands-gourmands-3-pots","status":"publish","type":"product","link":"https:\/\/louis-dubois.com\/?product=coffret-les-grands-gourmands-3-pots","title":{"rendered":"Coffret \u00ab\u00a0Les Grands Gourmands\u00a0\u00bb 3 Pots"},"content":{"rendered":"","protected":false},"excerpt":{"rendered":"<p>Un coffret chaleureux, familier, mais travaill\u00e9 avec une pr\u00e9cision d\u2019artisan d\u2019exception.<\/p>\n<p>Chaque pot permet de pr\u00e9parer jusqu\u2019\u00e0 750 g de glace.<\/p>\n<p>La <strong>version 3 pots <\/strong>r\u00e9unit les trois grands intemporels ;<\/p>\n<p><strong>Vanille<\/strong> <strong>de Tahiti<\/strong> riche et \u00e9quilibr\u00e9e<\/p>\n<p>Ingr\u00e9dients : Sucre, glucose atomis\u00e9, poudre de lait, jaune d&rsquo;oeuf d\u00e9shydrat\u00e9, Vanille de Tahiti Gousse 3%<\/p>\n<p><strong>Chocolatdu P\u00e9rou <\/strong>profond<\/p>\n<p>Ingr\u00e9dients : Sucre, glucose atomis\u00e9, poudre de lait, cacao en poudre, chocolat du P\u00e9rou<\/p>\n<p><strong>Noisette<\/strong> du Pi\u00e9mond : suave et l\u00e9g\u00e8rement grill\u00e9e<\/p>\n<p>Ingr\u00e9dients : Sucre, glucose atomis\u00e9, poudre de lait, P\u00e2te de noisette du Piemond, Dextrose<\/p>\n<p>&nbsp;<\/p>\n","protected":false},"featured_media":4232,"comment_status":"open","ping_status":"closed","template":"","meta":[],"product_brand":[],"product_cat":[130,128],"product_tag":[],"class_list":{"0":"post-4231","1":"product","2":"type-product","3":"status-publish","4":"has-post-thumbnail","6":"product_cat-coffret-les-grands-gourmands","7":"product_cat-les-coffrets","9":"first","10":"instock","11":"taxable","12":"shipping-taxable","13":"purchasable","14":"product-type-simple"},"yoast_head":"<!-- This site is optimized with the Yoast SEO plugin v26.5 - https:\/\/yoast.com\/wordpress\/plugins\/seo\/ -->\n<title>Coffret &quot;Les Grands Gourmands&quot; 3 Pots - Louis Dubois Glacier - P\u00e2tissier<\/title>\n<meta name=\"robots\" content=\"index, follow, max-snippet:-1, max-image-preview:large, max-video-preview:-1\" \/>\n<link rel=\"canonical\" href=\"https:\/\/louis-dubois.com\/?product=coffret-les-grands-gourmands-3-pots\" \/>\n<meta property=\"og:locale\" content=\"fr_FR\" \/>\n<meta property=\"og:type\" content=\"article\" \/>\n<meta property=\"og:title\" content=\"Coffret &quot;Les Grands Gourmands&quot; 3 Pots - Louis Dubois Glacier - P\u00e2tissier\" \/>\n<meta property=\"og:description\" content=\"Un coffret chaleureux, familier, mais travaill\u00e9 avec une pr\u00e9cision d\u2019artisan d\u2019exception.  Chaque pot permet de pr\u00e9parer jusqu\u2019\u00e0 750 g de glace.  La version 3 pots r\u00e9unit les trois grands intemporels ;  Vanille de Tahiti riche et \u00e9quilibr\u00e9e  Ingr\u00e9dients : Sucre, glucose atomis\u00e9, poudre de lait, jaune d&#039;oeuf d\u00e9shydrat\u00e9, Vanille de Tahiti Gousse 3%  Chocolatdu P\u00e9rou profond  Ingr\u00e9dients : Sucre, glucose atomis\u00e9, poudre de lait, cacao en poudre, chocolat du P\u00e9rou  Noisette du Pi\u00e9mond : suave et l\u00e9g\u00e8rement grill\u00e9e  Ingr\u00e9dients : Sucre, glucose atomis\u00e9, poudre de lait, P\u00e2te de noisette du Piemond, Dextrose  &nbsp;\" \/>\n<meta property=\"og:url\" content=\"https:\/\/louis-dubois.com\/?product=coffret-les-grands-gourmands-3-pots\" \/>\n<meta property=\"og:site_name\" content=\"Louis Dubois Glacier - P\u00e2tissier\" \/>\n<meta property=\"article:modified_time\" content=\"2025-12-07T14:53:40+00:00\" \/>\n<meta property=\"og:image\" content=\"https:\/\/louis-dubois.com\/wp-content\/uploads\/2025\/12\/Coffret-Grands-Gourmands-Pack-de.-3.png\" \/>\n\t<meta property=\"og:image:width\" content=\"1200\" \/>\n\t<meta property=\"og:image:height\" content=\"896\" \/>\n\t<meta property=\"og:image:type\" content=\"image\/png\" \/>\n<meta name=\"twitter:card\" content=\"summary_large_image\" \/>\n<meta name=\"twitter:label1\" content=\"Dur\u00e9e de lecture estim\u00e9e\" \/>\n\t<meta name=\"twitter:data1\" content=\"1 minute\" \/>\n<script type=\"application\/ld+json\" class=\"yoast-schema-graph\">{\"@context\":\"https:\/\/schema.org\",\"@graph\":[{\"@type\":\"WebPage\",\"@id\":\"https:\/\/louis-dubois.com\/?product=coffret-les-grands-gourmands-3-pots\",\"url\":\"https:\/\/louis-dubois.com\/?product=coffret-les-grands-gourmands-3-pots\",\"name\":\"Coffret \\\"Les Grands Gourmands\\\" 3 Pots - Louis Dubois Glacier - P\u00e2tissier\",\"isPartOf\":{\"@id\":\"https:\/\/louis-dubois.com\/#website\"},\"primaryImageOfPage\":{\"@id\":\"https:\/\/louis-dubois.com\/?product=coffret-les-grands-gourmands-3-pots#primaryimage\"},\"image\":{\"@id\":\"https:\/\/louis-dubois.com\/?product=coffret-les-grands-gourmands-3-pots#primaryimage\"},\"thumbnailUrl\":\"https:\/\/louis-dubois.com\/wp-content\/uploads\/2025\/12\/Coffret-Grands-Gourmands-Pack-de.-3.png\",\"datePublished\":\"2025-12-06T19:25:35+00:00\",\"dateModified\":\"2025-12-07T14:53:40+00:00\",\"breadcrumb\":{\"@id\":\"https:\/\/louis-dubois.com\/?product=coffret-les-grands-gourmands-3-pots#breadcrumb\"},\"inLanguage\":\"fr-FR\",\"potentialAction\":[{\"@type\":\"ReadAction\",\"target\":[\"https:\/\/louis-dubois.com\/?product=coffret-les-grands-gourmands-3-pots\"]}]},{\"@type\":\"ImageObject\",\"inLanguage\":\"fr-FR\",\"@id\":\"https:\/\/louis-dubois.com\/?product=coffret-les-grands-gourmands-3-pots#primaryimage\",\"url\":\"https:\/\/louis-dubois.com\/wp-content\/uploads\/2025\/12\/Coffret-Grands-Gourmands-Pack-de.-3.png\",\"contentUrl\":\"https:\/\/louis-dubois.com\/wp-content\/uploads\/2025\/12\/Coffret-Grands-Gourmands-Pack-de.-3.png\",\"width\":1200,\"height\":896},{\"@type\":\"BreadcrumbList\",\"@id\":\"https:\/\/louis-dubois.com\/?product=coffret-les-grands-gourmands-3-pots#breadcrumb\",\"itemListElement\":[{\"@type\":\"ListItem\",\"position\":1,\"name\":\"Accueil\",\"item\":\"https:\/\/louis-dubois.com\/\"},{\"@type\":\"ListItem\",\"position\":2,\"name\":\"La boutique\",\"item\":\"https:\/\/louis-dubois.com\/?page_id=2932\"},{\"@type\":\"ListItem\",\"position\":3,\"name\":\"Coffret \u00ab\u00a0Les Grands Gourmands\u00a0\u00bb 3 Pots\"}]},{\"@type\":\"WebSite\",\"@id\":\"https:\/\/louis-dubois.com\/#website\",\"url\":\"https:\/\/louis-dubois.com\/\",\"name\":\"Louis Dubois Glacier - P\u00e2tissier\",\"description\":\"D\u00e9couvrez l\u2019excellence p\u00e2tissi\u00e8re et glac\u00e9e pour les professionnels sign\u00e9e Louis Dubois\",\"publisher\":{\"@id\":\"https:\/\/louis-dubois.com\/#\/schema\/person\/95357d5fcae5ab65b75e18ab948ced68\"},\"alternateName\":\"Louis Dubois Glacier - P\u00e2tissier\",\"potentialAction\":[{\"@type\":\"SearchAction\",\"target\":{\"@type\":\"EntryPoint\",\"urlTemplate\":\"https:\/\/louis-dubois.com\/?s={search_term_string}\"},\"query-input\":{\"@type\":\"PropertyValueSpecification\",\"valueRequired\":true,\"valueName\":\"search_term_string\"}}],\"inLanguage\":\"fr-FR\"},{\"@type\":[\"Person\",\"Organization\"],\"@id\":\"https:\/\/louis-dubois.com\/#\/schema\/person\/95357d5fcae5ab65b75e18ab948ced68\",\"name\":\"Ldubois\",\"image\":{\"@type\":\"ImageObject\",\"inLanguage\":\"fr-FR\",\"@id\":\"https:\/\/louis-dubois.com\/#\/schema\/person\/image\/\",\"url\":\"https:\/\/louis-dubois.com\/wp-content\/uploads\/2022\/08\/Logo-Or-titre.png\",\"contentUrl\":\"https:\/\/louis-dubois.com\/wp-content\/uploads\/2022\/08\/Logo-Or-titre.png\",\"width\":520,\"height\":669,\"caption\":\"Ldubois\"},\"logo\":{\"@id\":\"https:\/\/louis-dubois.com\/#\/schema\/person\/image\/\"},\"sameAs\":[\"https:\/\/louis-dubois.com\"]}]}<\/script>\n<!-- \/ Yoast SEO plugin. -->","yoast_head_json":{"title":"Coffret \"Les Grands Gourmands\" 3 Pots - Louis Dubois Glacier - P\u00e2tissier","robots":{"index":"index","follow":"follow","max-snippet":"max-snippet:-1","max-image-preview":"max-image-preview:large","max-video-preview":"max-video-preview:-1"},"canonical":"https:\/\/louis-dubois.com\/?product=coffret-les-grands-gourmands-3-pots","og_locale":"fr_FR","og_type":"article","og_title":"Coffret \"Les Grands Gourmands\" 3 Pots - Louis Dubois Glacier - P\u00e2tissier","og_description":"Un coffret chaleureux, familier, mais travaill\u00e9 avec une pr\u00e9cision d\u2019artisan d\u2019exception.  Chaque pot permet de pr\u00e9parer jusqu\u2019\u00e0 750 g de glace.  La version 3 pots r\u00e9unit les trois grands intemporels ;  Vanille de Tahiti riche et \u00e9quilibr\u00e9e  Ingr\u00e9dients : Sucre, glucose atomis\u00e9, poudre de lait, jaune d'oeuf d\u00e9shydrat\u00e9, Vanille de Tahiti Gousse 3%  Chocolatdu P\u00e9rou profond  Ingr\u00e9dients : Sucre, glucose atomis\u00e9, poudre de lait, cacao en poudre, chocolat du P\u00e9rou  Noisette du Pi\u00e9mond : suave et l\u00e9g\u00e8rement grill\u00e9e  Ingr\u00e9dients : Sucre, glucose atomis\u00e9, poudre de lait, P\u00e2te de noisette du Piemond, Dextrose  &nbsp;","og_url":"https:\/\/louis-dubois.com\/?product=coffret-les-grands-gourmands-3-pots","og_site_name":"Louis Dubois Glacier - P\u00e2tissier","article_modified_time":"2025-12-07T14:53:40+00:00","og_image":[{"width":1200,"height":896,"url":"https:\/\/louis-dubois.com\/wp-content\/uploads\/2025\/12\/Coffret-Grands-Gourmands-Pack-de.-3.png","type":"image\/png"}],"twitter_card":"summary_large_image","twitter_misc":{"Dur\u00e9e de lecture estim\u00e9e":"1 minute"},"schema":{"@context":"https:\/\/schema.org","@graph":[{"@type":"WebPage","@id":"https:\/\/louis-dubois.com\/?product=coffret-les-grands-gourmands-3-pots","url":"https:\/\/louis-dubois.com\/?product=coffret-les-grands-gourmands-3-pots","name":"Coffret \"Les Grands Gourmands\" 3 Pots - Louis Dubois Glacier - P\u00e2tissier","isPartOf":{"@id":"https:\/\/louis-dubois.com\/#website"},"primaryImageOfPage":{"@id":"https:\/\/louis-dubois.com\/?product=coffret-les-grands-gourmands-3-pots#primaryimage"},"image":{"@id":"https:\/\/louis-dubois.com\/?product=coffret-les-grands-gourmands-3-pots#primaryimage"},"thumbnailUrl":"https:\/\/louis-dubois.com\/wp-content\/uploads\/2025\/12\/Coffret-Grands-Gourmands-Pack-de.-3.png","datePublished":"2025-12-06T19:25:35+00:00","dateModified":"2025-12-07T14:53:40+00:00","breadcrumb":{"@id":"https:\/\/louis-dubois.com\/?product=coffret-les-grands-gourmands-3-pots#breadcrumb"},"inLanguage":"fr-FR","potentialAction":[{"@type":"ReadAction","target":["https:\/\/louis-dubois.com\/?product=coffret-les-grands-gourmands-3-pots"]}]},{"@type":"ImageObject","inLanguage":"fr-FR","@id":"https:\/\/louis-dubois.com\/?product=coffret-les-grands-gourmands-3-pots#primaryimage","url":"https:\/\/louis-dubois.com\/wp-content\/uploads\/2025\/12\/Coffret-Grands-Gourmands-Pack-de.-3.png","contentUrl":"https:\/\/louis-dubois.com\/wp-content\/uploads\/2025\/12\/Coffret-Grands-Gourmands-Pack-de.-3.png","width":1200,"height":896},{"@type":"BreadcrumbList","@id":"https:\/\/louis-dubois.com\/?product=coffret-les-grands-gourmands-3-pots#breadcrumb","itemListElement":[{"@type":"ListItem","position":1,"name":"Accueil","item":"https:\/\/louis-dubois.com\/"},{"@type":"ListItem","position":2,"name":"La boutique","item":"https:\/\/louis-dubois.com\/?page_id=2932"},{"@type":"ListItem","position":3,"name":"Coffret \u00ab\u00a0Les Grands Gourmands\u00a0\u00bb 3 Pots"}]},{"@type":"WebSite","@id":"https:\/\/louis-dubois.com\/#website","url":"https:\/\/louis-dubois.com\/","name":"Louis Dubois Glacier - P\u00e2tissier","description":"D\u00e9couvrez l\u2019excellence p\u00e2tissi\u00e8re et glac\u00e9e pour les professionnels sign\u00e9e Louis Dubois","publisher":{"@id":"https:\/\/louis-dubois.com\/#\/schema\/person\/95357d5fcae5ab65b75e18ab948ced68"},"alternateName":"Louis Dubois Glacier - P\u00e2tissier","potentialAction":[{"@type":"SearchAction","target":{"@type":"EntryPoint","urlTemplate":"https:\/\/louis-dubois.com\/?s={search_term_string}"},"query-input":{"@type":"PropertyValueSpecification","valueRequired":true,"valueName":"search_term_string"}}],"inLanguage":"fr-FR"},{"@type":["Person","Organization"],"@id":"https:\/\/louis-dubois.com\/#\/schema\/person\/95357d5fcae5ab65b75e18ab948ced68","name":"Ldubois","image":{"@type":"ImageObject","inLanguage":"fr-FR","@id":"https:\/\/louis-dubois.com\/#\/schema\/person\/image\/","url":"https:\/\/louis-dubois.com\/wp-content\/uploads\/2022\/08\/Logo-Or-titre.png","contentUrl":"https:\/\/louis-dubois.com\/wp-content\/uploads\/2022\/08\/Logo-Or-titre.png","width":520,"height":669,"caption":"Ldubois"},"logo":{"@id":"https:\/\/louis-dubois.com\/#\/schema\/person\/image\/"},"sameAs":["https:\/\/louis-dubois.com"]}]}},"jetpack_sharing_enabled":true,"_links":{"self":[{"href":"https:\/\/louis-dubois.com\/index.php?rest_route=\/wp\/v2\/product\/4231","targetHints":{"allow":["GET"]}}],"collection":[{"href":"https:\/\/louis-dubois.com\/index.php?rest_route=\/wp\/v2\/product"}],"about":[{"href":"https:\/\/louis-dubois.com\/index.php?rest_route=\/wp\/v2\/types\/product"}],"replies":[{"embeddable":true,"href":"https:\/\/louis-dubois.com\/index.php?rest_route=%2Fwp%2Fv2%2Fcomments&post=4231"}],"version-history":[{"count":5,"href":"https:\/\/louis-dubois.com\/index.php?rest_route=\/wp\/v2\/product\/4231\/revisions"}],"predecessor-version":[{"id":4332,"href":"https:\/\/louis-dubois.com\/index.php?rest_route=\/wp\/v2\/product\/4231\/revisions\/4332"}],"wp:featuredmedia":[{"embeddable":true,"href":"https:\/\/louis-dubois.com\/index.php?rest_route=\/wp\/v2\/media\/4232"}],"wp:attachment":[{"href":"https:\/\/louis-dubois.com\/index.php?rest_route=%2Fwp%2Fv2%2Fmedia&parent=4231"}],"wp:term":[{"taxonomy":"product_brand","embeddable":true,"href":"https:\/\/louis-dubois.com\/index.php?rest_route=%2Fwp%2Fv2%2Fproduct_brand&post=4231"},{"taxonomy":"product_cat","embeddable":true,"href":"https:\/\/louis-dubois.com\/index.php?rest_route=%2Fwp%2Fv2%2Fproduct_cat&post=4231"},{"taxonomy":"product_tag","embeddable":true,"href":"https:\/\/louis-dubois.com\/index.php?rest_route=%2Fwp%2Fv2%2Fproduct_tag&post=4231"}],"curies":[{"name":"wp","href":"https:\/\/api.w.org\/{rel}","templated":true}]}}