{"id":4234,"date":"2025-12-06T20:28:28","date_gmt":"2025-12-06T19:28:28","guid":{"rendered":"https:\/\/louis-dubois.com\/?post_type=product&#038;p=4234"},"modified":"2025-12-07T15:54:41","modified_gmt":"2025-12-07T14:54:41","slug":"coffret-les-grands-gourmands-5-pots","status":"publish","type":"product","link":"https:\/\/louis-dubois.com\/?product=coffret-les-grands-gourmands-5-pots","title":{"rendered":"Coffret \u00ab\u00a0Les Grands Gourmands\u00a0\u00bb 5 Pots"},"content":{"rendered":"","protected":false},"excerpt":{"rendered":"<p>Un coffret chaleureux, familier, mais travaill\u00e9 avec une pr\u00e9cision d\u2019artisan d\u2019exception.<\/p>\n<p>Chaque pot permet de pr\u00e9parer jusqu\u2019\u00e0 750 g de glace.<\/p>\n<p>La <strong>version 5 pots apporte une touche de fantaisie biscuit\u00e9e et caram\u00e9lis\u00e9e ;<\/strong><\/p>\n<p><strong>Vanille<\/strong> <strong>de Tahiti<\/strong> riche et \u00e9quilibr\u00e9e<\/p>\n<p>Ingr\u00e9dients : Sucre, glucose atomis\u00e9, poudre de lait, jaune d&rsquo;oeuf d\u00e9shydrat\u00e9, Vanille de Tahiti Gousse 3%<\/p>\n<p><strong>Chocolatdu P\u00e9rou <\/strong>profond<\/p>\n<p>Ingr\u00e9dients : Sucre, glucose atomis\u00e9, poudre de lait, cacao en poudre, chocolat du P\u00e9rou<\/p>\n<p><strong>Noisette<\/strong> du Pi\u00e9mond : suave et l\u00e9g\u00e8rement grill\u00e9e<\/p>\n<p>Ingr\u00e9dients : Sucre, glucose atomis\u00e9, poudre de lait, P\u00e2te de noisette du Piemond, Dextrose<\/p>\n<p><strong><em>Cookies<\/em><\/strong>, r\u00e9gressif et croustillant<\/p>\n<p>Ingr\u00e9dients : Sucre, glucose atomis\u00e9, poudre de lait, Cookies maison : Farine, sucre roux, beurre, \u00e9clat chocolat, \u00e9clat caramel, Amande, Noisette, cacao en poudre chocolat au lait, caramel<\/p>\n<p><strong><em>Caramel fleur de sel de Camargue<\/em><\/strong>, chaleur min\u00e9rale de Camargue<\/p>\n<p>Ingr\u00e9dients : Sucre, glucose atomis\u00e9, poudre de lait,caramel, maison, dextrose, Fleur de Sel de Camargue<\/p>\n","protected":false},"featured_media":4235,"comment_status":"open","ping_status":"closed","template":"","meta":[],"product_brand":[],"product_cat":[15,130,128],"product_tag":[],"class_list":{"0":"post-4234","1":"product","2":"type-product","3":"status-publish","4":"has-post-thumbnail","6":"product_cat-non-classe","7":"product_cat-coffret-les-grands-gourmands","8":"product_cat-les-coffrets","10":"first","11":"instock","12":"taxable","13":"shipping-taxable","14":"purchasable","15":"product-type-simple"},"yoast_head":"<!-- This site is optimized with the Yoast SEO plugin v26.5 - https:\/\/yoast.com\/wordpress\/plugins\/seo\/ -->\n<title>Coffret &quot;Les Grands Gourmands&quot; 5 Pots - Louis Dubois Glacier - P\u00e2tissier<\/title>\n<meta name=\"robots\" content=\"index, follow, max-snippet:-1, max-image-preview:large, max-video-preview:-1\" \/>\n<link rel=\"canonical\" href=\"https:\/\/louis-dubois.com\/?product=coffret-les-grands-gourmands-5-pots\" \/>\n<meta property=\"og:locale\" content=\"fr_FR\" \/>\n<meta property=\"og:type\" content=\"article\" \/>\n<meta property=\"og:title\" content=\"Coffret &quot;Les Grands Gourmands&quot; 5 Pots - Louis Dubois Glacier - P\u00e2tissier\" \/>\n<meta property=\"og:description\" content=\"Un coffret chaleureux, familier, mais travaill\u00e9 avec une pr\u00e9cision d\u2019artisan d\u2019exception.  Chaque pot permet de pr\u00e9parer jusqu\u2019\u00e0 750 g de glace.  La version 5 pots apporte une touche de fantaisie biscuit\u00e9e et caram\u00e9lis\u00e9e ;  Vanille de Tahiti riche et \u00e9quilibr\u00e9e  Ingr\u00e9dients : Sucre, glucose atomis\u00e9, poudre de lait, jaune d&#039;oeuf d\u00e9shydrat\u00e9, Vanille de Tahiti Gousse 3%  Chocolatdu P\u00e9rou profond  Ingr\u00e9dients : Sucre, glucose atomis\u00e9, poudre de lait, cacao en poudre, chocolat du P\u00e9rou  Noisette du Pi\u00e9mond : suave et l\u00e9g\u00e8rement grill\u00e9e  Ingr\u00e9dients : Sucre, glucose atomis\u00e9, poudre de lait, P\u00e2te de noisette du Piemond, Dextrose  Cookies, r\u00e9gressif et croustillant  Ingr\u00e9dients : Sucre, glucose atomis\u00e9, poudre de lait, Cookies maison : Farine, sucre roux, beurre, \u00e9clat chocolat, \u00e9clat caramel, Amande, Noisette, cacao en poudre chocolat au lait, caramel  Caramel fleur de sel de Camargue, chaleur min\u00e9rale de Camargue  Ingr\u00e9dients : Sucre, glucose atomis\u00e9, poudre de lait,caramel, maison, dextrose, Fleur de Sel de Camargue\" \/>\n<meta property=\"og:url\" content=\"https:\/\/louis-dubois.com\/?product=coffret-les-grands-gourmands-5-pots\" \/>\n<meta property=\"og:site_name\" content=\"Louis Dubois Glacier - P\u00e2tissier\" \/>\n<meta property=\"article:modified_time\" content=\"2025-12-07T14:54:41+00:00\" \/>\n<meta property=\"og:image\" content=\"https:\/\/louis-dubois.com\/wp-content\/uploads\/2025\/12\/Coffret-Grands-Gourmands-pack-de-5-1.png\" \/>\n\t<meta property=\"og:image:width\" content=\"1200\" \/>\n\t<meta property=\"og:image:height\" content=\"896\" \/>\n\t<meta property=\"og:image:type\" content=\"image\/png\" \/>\n<meta name=\"twitter:card\" content=\"summary_large_image\" \/>\n<meta name=\"twitter:label1\" content=\"Dur\u00e9e de lecture estim\u00e9e\" \/>\n\t<meta name=\"twitter:data1\" content=\"1 minute\" \/>\n<script type=\"application\/ld+json\" class=\"yoast-schema-graph\">{\"@context\":\"https:\/\/schema.org\",\"@graph\":[{\"@type\":\"WebPage\",\"@id\":\"https:\/\/louis-dubois.com\/?product=coffret-les-grands-gourmands-5-pots\",\"url\":\"https:\/\/louis-dubois.com\/?product=coffret-les-grands-gourmands-5-pots\",\"name\":\"Coffret \\\"Les Grands Gourmands\\\" 5 Pots - Louis Dubois Glacier - P\u00e2tissier\",\"isPartOf\":{\"@id\":\"https:\/\/louis-dubois.com\/#website\"},\"primaryImageOfPage\":{\"@id\":\"https:\/\/louis-dubois.com\/?product=coffret-les-grands-gourmands-5-pots#primaryimage\"},\"image\":{\"@id\":\"https:\/\/louis-dubois.com\/?product=coffret-les-grands-gourmands-5-pots#primaryimage\"},\"thumbnailUrl\":\"https:\/\/louis-dubois.com\/wp-content\/uploads\/2025\/12\/Coffret-Grands-Gourmands-pack-de-5-1.png\",\"datePublished\":\"2025-12-06T19:28:28+00:00\",\"dateModified\":\"2025-12-07T14:54:41+00:00\",\"breadcrumb\":{\"@id\":\"https:\/\/louis-dubois.com\/?product=coffret-les-grands-gourmands-5-pots#breadcrumb\"},\"inLanguage\":\"fr-FR\",\"potentialAction\":[{\"@type\":\"ReadAction\",\"target\":[\"https:\/\/louis-dubois.com\/?product=coffret-les-grands-gourmands-5-pots\"]}]},{\"@type\":\"ImageObject\",\"inLanguage\":\"fr-FR\",\"@id\":\"https:\/\/louis-dubois.com\/?product=coffret-les-grands-gourmands-5-pots#primaryimage\",\"url\":\"https:\/\/louis-dubois.com\/wp-content\/uploads\/2025\/12\/Coffret-Grands-Gourmands-pack-de-5-1.png\",\"contentUrl\":\"https:\/\/louis-dubois.com\/wp-content\/uploads\/2025\/12\/Coffret-Grands-Gourmands-pack-de-5-1.png\",\"width\":1200,\"height\":896},{\"@type\":\"BreadcrumbList\",\"@id\":\"https:\/\/louis-dubois.com\/?product=coffret-les-grands-gourmands-5-pots#breadcrumb\",\"itemListElement\":[{\"@type\":\"ListItem\",\"position\":1,\"name\":\"Accueil\",\"item\":\"https:\/\/louis-dubois.com\/\"},{\"@type\":\"ListItem\",\"position\":2,\"name\":\"La boutique\",\"item\":\"https:\/\/louis-dubois.com\/?page_id=2932\"},{\"@type\":\"ListItem\",\"position\":3,\"name\":\"Coffret \u00ab\u00a0Les Grands Gourmands\u00a0\u00bb 5 Pots\"}]},{\"@type\":\"WebSite\",\"@id\":\"https:\/\/louis-dubois.com\/#website\",\"url\":\"https:\/\/louis-dubois.com\/\",\"name\":\"Louis Dubois Glacier - P\u00e2tissier\",\"description\":\"D\u00e9couvrez l\u2019excellence p\u00e2tissi\u00e8re et glac\u00e9e pour les professionnels sign\u00e9e Louis Dubois\",\"publisher\":{\"@id\":\"https:\/\/louis-dubois.com\/#\/schema\/person\/95357d5fcae5ab65b75e18ab948ced68\"},\"alternateName\":\"Louis Dubois Glacier - P\u00e2tissier\",\"potentialAction\":[{\"@type\":\"SearchAction\",\"target\":{\"@type\":\"EntryPoint\",\"urlTemplate\":\"https:\/\/louis-dubois.com\/?s={search_term_string}\"},\"query-input\":{\"@type\":\"PropertyValueSpecification\",\"valueRequired\":true,\"valueName\":\"search_term_string\"}}],\"inLanguage\":\"fr-FR\"},{\"@type\":[\"Person\",\"Organization\"],\"@id\":\"https:\/\/louis-dubois.com\/#\/schema\/person\/95357d5fcae5ab65b75e18ab948ced68\",\"name\":\"Ldubois\",\"image\":{\"@type\":\"ImageObject\",\"inLanguage\":\"fr-FR\",\"@id\":\"https:\/\/louis-dubois.com\/#\/schema\/person\/image\/\",\"url\":\"https:\/\/louis-dubois.com\/wp-content\/uploads\/2022\/08\/Logo-Or-titre.png\",\"contentUrl\":\"https:\/\/louis-dubois.com\/wp-content\/uploads\/2022\/08\/Logo-Or-titre.png\",\"width\":520,\"height\":669,\"caption\":\"Ldubois\"},\"logo\":{\"@id\":\"https:\/\/louis-dubois.com\/#\/schema\/person\/image\/\"},\"sameAs\":[\"https:\/\/louis-dubois.com\"]}]}<\/script>\n<!-- \/ Yoast SEO plugin. -->","yoast_head_json":{"title":"Coffret \"Les Grands Gourmands\" 5 Pots - Louis Dubois Glacier - P\u00e2tissier","robots":{"index":"index","follow":"follow","max-snippet":"max-snippet:-1","max-image-preview":"max-image-preview:large","max-video-preview":"max-video-preview:-1"},"canonical":"https:\/\/louis-dubois.com\/?product=coffret-les-grands-gourmands-5-pots","og_locale":"fr_FR","og_type":"article","og_title":"Coffret \"Les Grands Gourmands\" 5 Pots - Louis Dubois Glacier - P\u00e2tissier","og_description":"Un coffret chaleureux, familier, mais travaill\u00e9 avec une pr\u00e9cision d\u2019artisan d\u2019exception.  Chaque pot permet de pr\u00e9parer jusqu\u2019\u00e0 750 g de glace.  La version 5 pots apporte une touche de fantaisie biscuit\u00e9e et caram\u00e9lis\u00e9e ;  Vanille de Tahiti riche et \u00e9quilibr\u00e9e  Ingr\u00e9dients : Sucre, glucose atomis\u00e9, poudre de lait, jaune d'oeuf d\u00e9shydrat\u00e9, Vanille de Tahiti Gousse 3%  Chocolatdu P\u00e9rou profond  Ingr\u00e9dients : Sucre, glucose atomis\u00e9, poudre de lait, cacao en poudre, chocolat du P\u00e9rou  Noisette du Pi\u00e9mond : suave et l\u00e9g\u00e8rement grill\u00e9e  Ingr\u00e9dients : Sucre, glucose atomis\u00e9, poudre de lait, P\u00e2te de noisette du Piemond, Dextrose  Cookies, r\u00e9gressif et croustillant  Ingr\u00e9dients : Sucre, glucose atomis\u00e9, poudre de lait, Cookies maison : Farine, sucre roux, beurre, \u00e9clat chocolat, \u00e9clat caramel, Amande, Noisette, cacao en poudre chocolat au lait, caramel  Caramel fleur de sel de Camargue, chaleur min\u00e9rale de Camargue  Ingr\u00e9dients : Sucre, glucose atomis\u00e9, poudre de lait,caramel, maison, dextrose, Fleur de Sel de Camargue","og_url":"https:\/\/louis-dubois.com\/?product=coffret-les-grands-gourmands-5-pots","og_site_name":"Louis Dubois Glacier - P\u00e2tissier","article_modified_time":"2025-12-07T14:54:41+00:00","og_image":[{"width":1200,"height":896,"url":"https:\/\/louis-dubois.com\/wp-content\/uploads\/2025\/12\/Coffret-Grands-Gourmands-pack-de-5-1.png","type":"image\/png"}],"twitter_card":"summary_large_image","twitter_misc":{"Dur\u00e9e de lecture estim\u00e9e":"1 minute"},"schema":{"@context":"https:\/\/schema.org","@graph":[{"@type":"WebPage","@id":"https:\/\/louis-dubois.com\/?product=coffret-les-grands-gourmands-5-pots","url":"https:\/\/louis-dubois.com\/?product=coffret-les-grands-gourmands-5-pots","name":"Coffret \"Les Grands Gourmands\" 5 Pots - Louis Dubois Glacier - P\u00e2tissier","isPartOf":{"@id":"https:\/\/louis-dubois.com\/#website"},"primaryImageOfPage":{"@id":"https:\/\/louis-dubois.com\/?product=coffret-les-grands-gourmands-5-pots#primaryimage"},"image":{"@id":"https:\/\/louis-dubois.com\/?product=coffret-les-grands-gourmands-5-pots#primaryimage"},"thumbnailUrl":"https:\/\/louis-dubois.com\/wp-content\/uploads\/2025\/12\/Coffret-Grands-Gourmands-pack-de-5-1.png","datePublished":"2025-12-06T19:28:28+00:00","dateModified":"2025-12-07T14:54:41+00:00","breadcrumb":{"@id":"https:\/\/louis-dubois.com\/?product=coffret-les-grands-gourmands-5-pots#breadcrumb"},"inLanguage":"fr-FR","potentialAction":[{"@type":"ReadAction","target":["https:\/\/louis-dubois.com\/?product=coffret-les-grands-gourmands-5-pots"]}]},{"@type":"ImageObject","inLanguage":"fr-FR","@id":"https:\/\/louis-dubois.com\/?product=coffret-les-grands-gourmands-5-pots#primaryimage","url":"https:\/\/louis-dubois.com\/wp-content\/uploads\/2025\/12\/Coffret-Grands-Gourmands-pack-de-5-1.png","contentUrl":"https:\/\/louis-dubois.com\/wp-content\/uploads\/2025\/12\/Coffret-Grands-Gourmands-pack-de-5-1.png","width":1200,"height":896},{"@type":"BreadcrumbList","@id":"https:\/\/louis-dubois.com\/?product=coffret-les-grands-gourmands-5-pots#breadcrumb","itemListElement":[{"@type":"ListItem","position":1,"name":"Accueil","item":"https:\/\/louis-dubois.com\/"},{"@type":"ListItem","position":2,"name":"La boutique","item":"https:\/\/louis-dubois.com\/?page_id=2932"},{"@type":"ListItem","position":3,"name":"Coffret \u00ab\u00a0Les Grands Gourmands\u00a0\u00bb 5 Pots"}]},{"@type":"WebSite","@id":"https:\/\/louis-dubois.com\/#website","url":"https:\/\/louis-dubois.com\/","name":"Louis Dubois Glacier - P\u00e2tissier","description":"D\u00e9couvrez l\u2019excellence p\u00e2tissi\u00e8re et glac\u00e9e pour les professionnels sign\u00e9e Louis Dubois","publisher":{"@id":"https:\/\/louis-dubois.com\/#\/schema\/person\/95357d5fcae5ab65b75e18ab948ced68"},"alternateName":"Louis Dubois Glacier - P\u00e2tissier","potentialAction":[{"@type":"SearchAction","target":{"@type":"EntryPoint","urlTemplate":"https:\/\/louis-dubois.com\/?s={search_term_string}"},"query-input":{"@type":"PropertyValueSpecification","valueRequired":true,"valueName":"search_term_string"}}],"inLanguage":"fr-FR"},{"@type":["Person","Organization"],"@id":"https:\/\/louis-dubois.com\/#\/schema\/person\/95357d5fcae5ab65b75e18ab948ced68","name":"Ldubois","image":{"@type":"ImageObject","inLanguage":"fr-FR","@id":"https:\/\/louis-dubois.com\/#\/schema\/person\/image\/","url":"https:\/\/louis-dubois.com\/wp-content\/uploads\/2022\/08\/Logo-Or-titre.png","contentUrl":"https:\/\/louis-dubois.com\/wp-content\/uploads\/2022\/08\/Logo-Or-titre.png","width":520,"height":669,"caption":"Ldubois"},"logo":{"@id":"https:\/\/louis-dubois.com\/#\/schema\/person\/image\/"},"sameAs":["https:\/\/louis-dubois.com"]}]}},"jetpack_sharing_enabled":true,"_links":{"self":[{"href":"https:\/\/louis-dubois.com\/index.php?rest_route=\/wp\/v2\/product\/4234","targetHints":{"allow":["GET"]}}],"collection":[{"href":"https:\/\/louis-dubois.com\/index.php?rest_route=\/wp\/v2\/product"}],"about":[{"href":"https:\/\/louis-dubois.com\/index.php?rest_route=\/wp\/v2\/types\/product"}],"replies":[{"embeddable":true,"href":"https:\/\/louis-dubois.com\/index.php?rest_route=%2Fwp%2Fv2%2Fcomments&post=4234"}],"version-history":[{"count":4,"href":"https:\/\/louis-dubois.com\/index.php?rest_route=\/wp\/v2\/product\/4234\/revisions"}],"predecessor-version":[{"id":4333,"href":"https:\/\/louis-dubois.com\/index.php?rest_route=\/wp\/v2\/product\/4234\/revisions\/4333"}],"wp:featuredmedia":[{"embeddable":true,"href":"https:\/\/louis-dubois.com\/index.php?rest_route=\/wp\/v2\/media\/4235"}],"wp:attachment":[{"href":"https:\/\/louis-dubois.com\/index.php?rest_route=%2Fwp%2Fv2%2Fmedia&parent=4234"}],"wp:term":[{"taxonomy":"product_brand","embeddable":true,"href":"https:\/\/louis-dubois.com\/index.php?rest_route=%2Fwp%2Fv2%2Fproduct_brand&post=4234"},{"taxonomy":"product_cat","embeddable":true,"href":"https:\/\/louis-dubois.com\/index.php?rest_route=%2Fwp%2Fv2%2Fproduct_cat&post=4234"},{"taxonomy":"product_tag","embeddable":true,"href":"https:\/\/louis-dubois.com\/index.php?rest_route=%2Fwp%2Fv2%2Fproduct_tag&post=4234"}],"curies":[{"name":"wp","href":"https:\/\/api.w.org\/{rel}","templated":true}]}}