{"id":4525,"date":"2025-12-09T22:02:52","date_gmt":"2025-12-09T21:02:52","guid":{"rendered":"https:\/\/louis-dubois.com\/?post_type=product&#038;p=4525"},"modified":"2025-12-09T22:33:13","modified_gmt":"2025-12-09T21:33:13","slug":"desserts-et-glaces-a-la-sorbetiere","status":"publish","type":"product","link":"https:\/\/louis-dubois.com\/?product=desserts-et-glaces-a-la-sorbetiere","title":{"rendered":"Desserts et glaces \u00e0 la sorbeti\u00e8re"},"content":{"rendered":"","protected":false},"excerpt":{"rendered":"<p>Une sorbeti\u00e8re et hop ! Des dizaines de desserts et glaces sont soudain \u00e0 la port\u00e9e de tous !<\/p>\n<p>Faire soi-m\u00eame ses glaces, sorbets et autres desserts glac\u00e9s : la sorbeti\u00e8re vous ouvre une voie rafra\u00eechissante de possibilit\u00e9s. A travers 80 recettes onctueuses, classiques ou plus originales, et m\u00eame parfois sal\u00e9es et d\u00e9cal\u00e9es, cet ouvrage d\u00e9cline \u00e0 l&rsquo;envi les potentialit\u00e9s d&rsquo;un appareil au fonctionnement si simple. A base de fruits, chocolat, caramel et autres gourmanises&#8230; des d\u00e9clinaisons 100% naturelles, tellement meilleures que leurs \u00e9quivalents industriels ! Il n&rsquo;y a plus de temps \u00e0 perdre : il faut se lancer !<\/p>\n<p>Un livre \u00a0pr\u00e9fac\u00e9 Philippe Urraca, p\u00e2tissier, ancien pr\u00e9sident des Meilleurs Ouvriers de France et fondateur de <span class=\"a-text-italic\">Profiterole ch\u00e9rie.<\/span><\/p>\n","protected":false},"featured_media":4526,"comment_status":"open","ping_status":"closed","template":"","meta":[],"product_brand":[],"product_cat":[134],"product_tag":[],"class_list":{"0":"post-4525","1":"product","2":"type-product","3":"status-publish","4":"has-post-thumbnail","6":"product_cat-livre","8":"first","9":"instock","10":"taxable","11":"shipping-taxable","12":"purchasable","13":"product-type-simple"},"yoast_head":"<!-- This site is optimized with the Yoast SEO plugin v26.5 - https:\/\/yoast.com\/wordpress\/plugins\/seo\/ -->\n<title>Desserts et glaces \u00e0 la sorbeti\u00e8re - Louis Dubois Glacier - P\u00e2tissier<\/title>\n<meta name=\"robots\" content=\"index, follow, max-snippet:-1, max-image-preview:large, max-video-preview:-1\" \/>\n<link rel=\"canonical\" href=\"https:\/\/louis-dubois.com\/?product=desserts-et-glaces-a-la-sorbetiere\" \/>\n<meta property=\"og:locale\" content=\"fr_FR\" \/>\n<meta property=\"og:type\" content=\"article\" \/>\n<meta property=\"og:title\" content=\"Desserts et glaces \u00e0 la sorbeti\u00e8re - Louis Dubois Glacier - P\u00e2tissier\" \/>\n<meta property=\"og:description\" content=\"Une sorbeti\u00e8re et hop ! Des dizaines de desserts et glaces sont soudain \u00e0 la port\u00e9e de tous !  Faire soi-m\u00eame ses glaces, sorbets et autres desserts glac\u00e9s : la sorbeti\u00e8re vous ouvre une voie rafra\u00eechissante de possibilit\u00e9s. A travers 80 recettes onctueuses, classiques ou plus originales, et m\u00eame parfois sal\u00e9es et d\u00e9cal\u00e9es, cet ouvrage d\u00e9cline \u00e0 l&#039;envi les potentialit\u00e9s d&#039;un appareil au fonctionnement si simple. A base de fruits, chocolat, caramel et autres gourmanises... des d\u00e9clinaisons 100% naturelles, tellement meilleures que leurs \u00e9quivalents industriels ! Il n&#039;y a plus de temps \u00e0 perdre : il faut se lancer !  Un livre \u00a0pr\u00e9fac\u00e9 Philippe Urraca, p\u00e2tissier, ancien pr\u00e9sident des Meilleurs Ouvriers de France et fondateur de Profiterole ch\u00e9rie.\" \/>\n<meta property=\"og:url\" content=\"https:\/\/louis-dubois.com\/?product=desserts-et-glaces-a-la-sorbetiere\" \/>\n<meta property=\"og:site_name\" content=\"Louis Dubois Glacier - P\u00e2tissier\" \/>\n<meta property=\"article:modified_time\" content=\"2025-12-09T21:33:13+00:00\" \/>\n<meta property=\"og:image\" content=\"https:\/\/louis-dubois.com\/wp-content\/uploads\/2025\/12\/Couverture-livre.jpg\" \/>\n\t<meta property=\"og:image:width\" content=\"800\" \/>\n\t<meta property=\"og:image:height\" content=\"959\" \/>\n\t<meta property=\"og:image:type\" content=\"image\/jpeg\" \/>\n<meta name=\"twitter:card\" content=\"summary_large_image\" \/>\n<meta name=\"twitter:label1\" content=\"Dur\u00e9e de lecture estim\u00e9e\" \/>\n\t<meta name=\"twitter:data1\" content=\"1 minute\" \/>\n<script type=\"application\/ld+json\" class=\"yoast-schema-graph\">{\"@context\":\"https:\/\/schema.org\",\"@graph\":[{\"@type\":\"WebPage\",\"@id\":\"https:\/\/louis-dubois.com\/?product=desserts-et-glaces-a-la-sorbetiere\",\"url\":\"https:\/\/louis-dubois.com\/?product=desserts-et-glaces-a-la-sorbetiere\",\"name\":\"Desserts et glaces \u00e0 la sorbeti\u00e8re - Louis Dubois Glacier - P\u00e2tissier\",\"isPartOf\":{\"@id\":\"https:\/\/louis-dubois.com\/#website\"},\"primaryImageOfPage\":{\"@id\":\"https:\/\/louis-dubois.com\/?product=desserts-et-glaces-a-la-sorbetiere#primaryimage\"},\"image\":{\"@id\":\"https:\/\/louis-dubois.com\/?product=desserts-et-glaces-a-la-sorbetiere#primaryimage\"},\"thumbnailUrl\":\"https:\/\/louis-dubois.com\/wp-content\/uploads\/2025\/12\/Couverture-livre.jpg\",\"datePublished\":\"2025-12-09T21:02:52+00:00\",\"dateModified\":\"2025-12-09T21:33:13+00:00\",\"breadcrumb\":{\"@id\":\"https:\/\/louis-dubois.com\/?product=desserts-et-glaces-a-la-sorbetiere#breadcrumb\"},\"inLanguage\":\"fr-FR\",\"potentialAction\":[{\"@type\":\"ReadAction\",\"target\":[\"https:\/\/louis-dubois.com\/?product=desserts-et-glaces-a-la-sorbetiere\"]}]},{\"@type\":\"ImageObject\",\"inLanguage\":\"fr-FR\",\"@id\":\"https:\/\/louis-dubois.com\/?product=desserts-et-glaces-a-la-sorbetiere#primaryimage\",\"url\":\"https:\/\/louis-dubois.com\/wp-content\/uploads\/2025\/12\/Couverture-livre.jpg\",\"contentUrl\":\"https:\/\/louis-dubois.com\/wp-content\/uploads\/2025\/12\/Couverture-livre.jpg\",\"width\":800,\"height\":959},{\"@type\":\"BreadcrumbList\",\"@id\":\"https:\/\/louis-dubois.com\/?product=desserts-et-glaces-a-la-sorbetiere#breadcrumb\",\"itemListElement\":[{\"@type\":\"ListItem\",\"position\":1,\"name\":\"Accueil\",\"item\":\"https:\/\/louis-dubois.com\/\"},{\"@type\":\"ListItem\",\"position\":2,\"name\":\"La boutique\",\"item\":\"https:\/\/louis-dubois.com\/?page_id=2932\"},{\"@type\":\"ListItem\",\"position\":3,\"name\":\"Desserts et glaces \u00e0 la sorbeti\u00e8re\"}]},{\"@type\":\"WebSite\",\"@id\":\"https:\/\/louis-dubois.com\/#website\",\"url\":\"https:\/\/louis-dubois.com\/\",\"name\":\"Louis Dubois Glacier - P\u00e2tissier\",\"description\":\"D\u00e9couvrez l\u2019excellence p\u00e2tissi\u00e8re et glac\u00e9e pour les professionnels sign\u00e9e Louis Dubois\",\"publisher\":{\"@id\":\"https:\/\/louis-dubois.com\/#\/schema\/person\/95357d5fcae5ab65b75e18ab948ced68\"},\"alternateName\":\"Louis Dubois Glacier - P\u00e2tissier\",\"potentialAction\":[{\"@type\":\"SearchAction\",\"target\":{\"@type\":\"EntryPoint\",\"urlTemplate\":\"https:\/\/louis-dubois.com\/?s={search_term_string}\"},\"query-input\":{\"@type\":\"PropertyValueSpecification\",\"valueRequired\":true,\"valueName\":\"search_term_string\"}}],\"inLanguage\":\"fr-FR\"},{\"@type\":[\"Person\",\"Organization\"],\"@id\":\"https:\/\/louis-dubois.com\/#\/schema\/person\/95357d5fcae5ab65b75e18ab948ced68\",\"name\":\"Ldubois\",\"image\":{\"@type\":\"ImageObject\",\"inLanguage\":\"fr-FR\",\"@id\":\"https:\/\/louis-dubois.com\/#\/schema\/person\/image\/\",\"url\":\"https:\/\/louis-dubois.com\/wp-content\/uploads\/2022\/08\/Logo-Or-titre.png\",\"contentUrl\":\"https:\/\/louis-dubois.com\/wp-content\/uploads\/2022\/08\/Logo-Or-titre.png\",\"width\":520,\"height\":669,\"caption\":\"Ldubois\"},\"logo\":{\"@id\":\"https:\/\/louis-dubois.com\/#\/schema\/person\/image\/\"},\"sameAs\":[\"https:\/\/louis-dubois.com\"]}]}<\/script>\n<!-- \/ Yoast SEO plugin. -->","yoast_head_json":{"title":"Desserts et glaces \u00e0 la sorbeti\u00e8re - Louis Dubois Glacier - P\u00e2tissier","robots":{"index":"index","follow":"follow","max-snippet":"max-snippet:-1","max-image-preview":"max-image-preview:large","max-video-preview":"max-video-preview:-1"},"canonical":"https:\/\/louis-dubois.com\/?product=desserts-et-glaces-a-la-sorbetiere","og_locale":"fr_FR","og_type":"article","og_title":"Desserts et glaces \u00e0 la sorbeti\u00e8re - Louis Dubois Glacier - P\u00e2tissier","og_description":"Une sorbeti\u00e8re et hop ! Des dizaines de desserts et glaces sont soudain \u00e0 la port\u00e9e de tous !  Faire soi-m\u00eame ses glaces, sorbets et autres desserts glac\u00e9s : la sorbeti\u00e8re vous ouvre une voie rafra\u00eechissante de possibilit\u00e9s. A travers 80 recettes onctueuses, classiques ou plus originales, et m\u00eame parfois sal\u00e9es et d\u00e9cal\u00e9es, cet ouvrage d\u00e9cline \u00e0 l'envi les potentialit\u00e9s d'un appareil au fonctionnement si simple. A base de fruits, chocolat, caramel et autres gourmanises... des d\u00e9clinaisons 100% naturelles, tellement meilleures que leurs \u00e9quivalents industriels ! Il n'y a plus de temps \u00e0 perdre : il faut se lancer !  Un livre \u00a0pr\u00e9fac\u00e9 Philippe Urraca, p\u00e2tissier, ancien pr\u00e9sident des Meilleurs Ouvriers de France et fondateur de Profiterole ch\u00e9rie.","og_url":"https:\/\/louis-dubois.com\/?product=desserts-et-glaces-a-la-sorbetiere","og_site_name":"Louis Dubois Glacier - P\u00e2tissier","article_modified_time":"2025-12-09T21:33:13+00:00","og_image":[{"width":800,"height":959,"url":"https:\/\/louis-dubois.com\/wp-content\/uploads\/2025\/12\/Couverture-livre.jpg","type":"image\/jpeg"}],"twitter_card":"summary_large_image","twitter_misc":{"Dur\u00e9e de lecture estim\u00e9e":"1 minute"},"schema":{"@context":"https:\/\/schema.org","@graph":[{"@type":"WebPage","@id":"https:\/\/louis-dubois.com\/?product=desserts-et-glaces-a-la-sorbetiere","url":"https:\/\/louis-dubois.com\/?product=desserts-et-glaces-a-la-sorbetiere","name":"Desserts et glaces \u00e0 la sorbeti\u00e8re - Louis Dubois Glacier - P\u00e2tissier","isPartOf":{"@id":"https:\/\/louis-dubois.com\/#website"},"primaryImageOfPage":{"@id":"https:\/\/louis-dubois.com\/?product=desserts-et-glaces-a-la-sorbetiere#primaryimage"},"image":{"@id":"https:\/\/louis-dubois.com\/?product=desserts-et-glaces-a-la-sorbetiere#primaryimage"},"thumbnailUrl":"https:\/\/louis-dubois.com\/wp-content\/uploads\/2025\/12\/Couverture-livre.jpg","datePublished":"2025-12-09T21:02:52+00:00","dateModified":"2025-12-09T21:33:13+00:00","breadcrumb":{"@id":"https:\/\/louis-dubois.com\/?product=desserts-et-glaces-a-la-sorbetiere#breadcrumb"},"inLanguage":"fr-FR","potentialAction":[{"@type":"ReadAction","target":["https:\/\/louis-dubois.com\/?product=desserts-et-glaces-a-la-sorbetiere"]}]},{"@type":"ImageObject","inLanguage":"fr-FR","@id":"https:\/\/louis-dubois.com\/?product=desserts-et-glaces-a-la-sorbetiere#primaryimage","url":"https:\/\/louis-dubois.com\/wp-content\/uploads\/2025\/12\/Couverture-livre.jpg","contentUrl":"https:\/\/louis-dubois.com\/wp-content\/uploads\/2025\/12\/Couverture-livre.jpg","width":800,"height":959},{"@type":"BreadcrumbList","@id":"https:\/\/louis-dubois.com\/?product=desserts-et-glaces-a-la-sorbetiere#breadcrumb","itemListElement":[{"@type":"ListItem","position":1,"name":"Accueil","item":"https:\/\/louis-dubois.com\/"},{"@type":"ListItem","position":2,"name":"La boutique","item":"https:\/\/louis-dubois.com\/?page_id=2932"},{"@type":"ListItem","position":3,"name":"Desserts et glaces \u00e0 la sorbeti\u00e8re"}]},{"@type":"WebSite","@id":"https:\/\/louis-dubois.com\/#website","url":"https:\/\/louis-dubois.com\/","name":"Louis Dubois Glacier - P\u00e2tissier","description":"D\u00e9couvrez l\u2019excellence p\u00e2tissi\u00e8re et glac\u00e9e pour les professionnels sign\u00e9e Louis Dubois","publisher":{"@id":"https:\/\/louis-dubois.com\/#\/schema\/person\/95357d5fcae5ab65b75e18ab948ced68"},"alternateName":"Louis Dubois Glacier - P\u00e2tissier","potentialAction":[{"@type":"SearchAction","target":{"@type":"EntryPoint","urlTemplate":"https:\/\/louis-dubois.com\/?s={search_term_string}"},"query-input":{"@type":"PropertyValueSpecification","valueRequired":true,"valueName":"search_term_string"}}],"inLanguage":"fr-FR"},{"@type":["Person","Organization"],"@id":"https:\/\/louis-dubois.com\/#\/schema\/person\/95357d5fcae5ab65b75e18ab948ced68","name":"Ldubois","image":{"@type":"ImageObject","inLanguage":"fr-FR","@id":"https:\/\/louis-dubois.com\/#\/schema\/person\/image\/","url":"https:\/\/louis-dubois.com\/wp-content\/uploads\/2022\/08\/Logo-Or-titre.png","contentUrl":"https:\/\/louis-dubois.com\/wp-content\/uploads\/2022\/08\/Logo-Or-titre.png","width":520,"height":669,"caption":"Ldubois"},"logo":{"@id":"https:\/\/louis-dubois.com\/#\/schema\/person\/image\/"},"sameAs":["https:\/\/louis-dubois.com"]}]}},"jetpack_sharing_enabled":true,"_links":{"self":[{"href":"https:\/\/louis-dubois.com\/index.php?rest_route=\/wp\/v2\/product\/4525","targetHints":{"allow":["GET"]}}],"collection":[{"href":"https:\/\/louis-dubois.com\/index.php?rest_route=\/wp\/v2\/product"}],"about":[{"href":"https:\/\/louis-dubois.com\/index.php?rest_route=\/wp\/v2\/types\/product"}],"replies":[{"embeddable":true,"href":"https:\/\/louis-dubois.com\/index.php?rest_route=%2Fwp%2Fv2%2Fcomments&post=4525"}],"version-history":[{"count":1,"href":"https:\/\/louis-dubois.com\/index.php?rest_route=\/wp\/v2\/product\/4525\/revisions"}],"predecessor-version":[{"id":4527,"href":"https:\/\/louis-dubois.com\/index.php?rest_route=\/wp\/v2\/product\/4525\/revisions\/4527"}],"wp:featuredmedia":[{"embeddable":true,"href":"https:\/\/louis-dubois.com\/index.php?rest_route=\/wp\/v2\/media\/4526"}],"wp:attachment":[{"href":"https:\/\/louis-dubois.com\/index.php?rest_route=%2Fwp%2Fv2%2Fmedia&parent=4525"}],"wp:term":[{"taxonomy":"product_brand","embeddable":true,"href":"https:\/\/louis-dubois.com\/index.php?rest_route=%2Fwp%2Fv2%2Fproduct_brand&post=4525"},{"taxonomy":"product_cat","embeddable":true,"href":"https:\/\/louis-dubois.com\/index.php?rest_route=%2Fwp%2Fv2%2Fproduct_cat&post=4525"},{"taxonomy":"product_tag","embeddable":true,"href":"https:\/\/louis-dubois.com\/index.php?rest_route=%2Fwp%2Fv2%2Fproduct_tag&post=4525"}],"curies":[{"name":"wp","href":"https:\/\/api.w.org\/{rel}","templated":true}]}}