{"id":4565,"date":"2025-12-10T09:52:10","date_gmt":"2025-12-10T08:52:10","guid":{"rendered":"https:\/\/louis-dubois.com\/?post_type=product&#038;p=4565"},"modified":"2025-12-10T20:33:15","modified_gmt":"2025-12-10T19:33:15","slug":"glace-the-matcha-bio-place-des-epices-drap","status":"publish","type":"product","link":"https:\/\/louis-dubois.com\/?product=glace-the-matcha-bio-place-des-epices-drap","title":{"rendered":"Glace Th\u00e9 Matcha Bio (Place des \u00e9pices &#8211; Drap)"},"content":{"rendered":"","protected":false},"excerpt":{"rendered":"<p class=\"p1\">Plongez dans une exp\u00e9rience glac\u00e9e d&rsquo;une rare finesse avec notre <b>glace au th\u00e9 matcha<\/b>, \u00e9labor\u00e9e \u00e0 partir d\u2019un th\u00e9 rigoureusement s\u00e9lectionn\u00e9 par \u00ab\u00a0<i>Place des \u00c9pices\u00a0\u00bb) \u00e0 Drap<\/i>.<\/p>\n<p class=\"p1\">Ce matcha d\u2019exception r\u00e9v\u00e8le une <b>intensit\u00e9 v\u00e9g\u00e9tale pure<\/b>, sans amertume excessive, sublim\u00e9e par une texture cr\u00e9meuse qui enrobe le palais.<\/p>\n<p class=\"p1\">D\u00e8s la premi\u00e8re cuiller\u00e9e, les notes typiques de matcha fra\u00eeches, l\u00e9g\u00e8rement herbac\u00e9es, d\u2019une \u00e9l\u00e9gante profondeur s\u2019accordent avec la douceur de la glace pour offrir une d\u00e9gustation <b>\u00e9quilibr\u00e9e, raffin\u00e9e et authentique<\/b>.<\/p>\n<p class=\"p1\">Chaque lot de th\u00e9 est choisi pour sa couleur \u00e9clatante, sa finesse aromatique et sa capacit\u00e9 \u00e0 conserver son temp\u00e9rament en pr\u00e9paration glac\u00e9e.<\/p>\n<p class=\"p1\">R\u00e9sultat : une glace <b>haute couture<\/b>, pens\u00e9e pour les amateurs de matcha exigeants autant que pour les curieux en qu\u00eate d\u2019\u00e9motions nouvelles.<br \/>\nUn moment de pure d\u00e9licatesse, o\u00f9 la pr\u00e9cision du th\u00e9 rencontre l\u2019art du froid.<\/p>\n","protected":false},"featured_media":4585,"comment_status":"open","ping_status":"closed","template":"","meta":[],"product_brand":[],"product_cat":[92,22],"product_tag":[137,135],"class_list":{"0":"post-4565","1":"product","2":"type-product","3":"status-publish","4":"has-post-thumbnail","6":"product_cat-creations-signature","7":"product_cat-glace","8":"product_tag-matcha","9":"product_tag-the","11":"first","12":"instock","13":"taxable","14":"shipping-taxable","15":"product-type-simple"},"yoast_head":"<!-- This site is optimized with the Yoast SEO plugin v26.5 - https:\/\/yoast.com\/wordpress\/plugins\/seo\/ -->\n<title>Glace Th\u00e9 Matcha Bio (Place des \u00e9pices - Drap) - Louis Dubois Glacier - P\u00e2tissier<\/title>\n<meta name=\"robots\" content=\"index, follow, max-snippet:-1, max-image-preview:large, max-video-preview:-1\" \/>\n<link rel=\"canonical\" href=\"https:\/\/louis-dubois.com\/?product=glace-the-matcha-bio-place-des-epices-drap\" \/>\n<meta property=\"og:locale\" content=\"fr_FR\" \/>\n<meta property=\"og:type\" content=\"article\" \/>\n<meta property=\"og:title\" content=\"Glace Th\u00e9 Matcha Bio (Place des \u00e9pices - Drap) - Louis Dubois Glacier - P\u00e2tissier\" \/>\n<meta property=\"og:description\" content=\"Plongez dans une exp\u00e9rience glac\u00e9e d&#039;une rare finesse avec notre glace au th\u00e9 matcha, \u00e9labor\u00e9e \u00e0 partir d\u2019un th\u00e9 rigoureusement s\u00e9lectionn\u00e9 par \u00ab\u00a0Place des \u00c9pices\u00a0\u00bb) \u00e0 Drap. Ce matcha d\u2019exception r\u00e9v\u00e8le une intensit\u00e9 v\u00e9g\u00e9tale pure, sans amertume excessive, sublim\u00e9e par une texture cr\u00e9meuse qui enrobe le palais. D\u00e8s la premi\u00e8re cuiller\u00e9e, les notes typiques de matcha fra\u00eeches, l\u00e9g\u00e8rement herbac\u00e9es, d\u2019une \u00e9l\u00e9gante profondeur s\u2019accordent avec la douceur de la glace pour offrir une d\u00e9gustation \u00e9quilibr\u00e9e, raffin\u00e9e et authentique. Chaque lot de th\u00e9 est choisi pour sa couleur \u00e9clatante, sa finesse aromatique et sa capacit\u00e9 \u00e0 conserver son temp\u00e9rament en pr\u00e9paration glac\u00e9e. R\u00e9sultat : une glace haute couture, pens\u00e9e pour les amateurs de matcha exigeants autant que pour les curieux en qu\u00eate d\u2019\u00e9motions nouvelles. Un moment de pure d\u00e9licatesse, o\u00f9 la pr\u00e9cision du th\u00e9 rencontre l\u2019art du froid.\" \/>\n<meta property=\"og:url\" content=\"https:\/\/louis-dubois.com\/?product=glace-the-matcha-bio-place-des-epices-drap\" \/>\n<meta property=\"og:site_name\" content=\"Louis Dubois Glacier - P\u00e2tissier\" \/>\n<meta property=\"article:modified_time\" content=\"2025-12-10T19:33:15+00:00\" \/>\n<meta property=\"og:image\" content=\"https:\/\/louis-dubois.com\/wp-content\/uploads\/2025\/12\/Glace-The-Matcha-1.png\" \/>\n\t<meta property=\"og:image:width\" content=\"1200\" \/>\n\t<meta property=\"og:image:height\" content=\"896\" \/>\n\t<meta property=\"og:image:type\" content=\"image\/png\" \/>\n<meta name=\"twitter:card\" content=\"summary_large_image\" \/>\n<meta name=\"twitter:label1\" content=\"Dur\u00e9e de lecture estim\u00e9e\" \/>\n\t<meta name=\"twitter:data1\" content=\"1 minute\" \/>\n<script type=\"application\/ld+json\" class=\"yoast-schema-graph\">{\"@context\":\"https:\/\/schema.org\",\"@graph\":[{\"@type\":\"WebPage\",\"@id\":\"https:\/\/louis-dubois.com\/?product=glace-the-matcha-bio-place-des-epices-drap\",\"url\":\"https:\/\/louis-dubois.com\/?product=glace-the-matcha-bio-place-des-epices-drap\",\"name\":\"Glace Th\u00e9 Matcha Bio (Place des \u00e9pices - Drap) - Louis Dubois Glacier - P\u00e2tissier\",\"isPartOf\":{\"@id\":\"https:\/\/louis-dubois.com\/#website\"},\"primaryImageOfPage\":{\"@id\":\"https:\/\/louis-dubois.com\/?product=glace-the-matcha-bio-place-des-epices-drap#primaryimage\"},\"image\":{\"@id\":\"https:\/\/louis-dubois.com\/?product=glace-the-matcha-bio-place-des-epices-drap#primaryimage\"},\"thumbnailUrl\":\"https:\/\/louis-dubois.com\/wp-content\/uploads\/2025\/12\/Glace-The-Matcha-1.png\",\"datePublished\":\"2025-12-10T08:52:10+00:00\",\"dateModified\":\"2025-12-10T19:33:15+00:00\",\"breadcrumb\":{\"@id\":\"https:\/\/louis-dubois.com\/?product=glace-the-matcha-bio-place-des-epices-drap#breadcrumb\"},\"inLanguage\":\"fr-FR\",\"potentialAction\":[{\"@type\":\"ReadAction\",\"target\":[\"https:\/\/louis-dubois.com\/?product=glace-the-matcha-bio-place-des-epices-drap\"]}]},{\"@type\":\"ImageObject\",\"inLanguage\":\"fr-FR\",\"@id\":\"https:\/\/louis-dubois.com\/?product=glace-the-matcha-bio-place-des-epices-drap#primaryimage\",\"url\":\"https:\/\/louis-dubois.com\/wp-content\/uploads\/2025\/12\/Glace-The-Matcha-1.png\",\"contentUrl\":\"https:\/\/louis-dubois.com\/wp-content\/uploads\/2025\/12\/Glace-The-Matcha-1.png\",\"width\":1200,\"height\":896},{\"@type\":\"BreadcrumbList\",\"@id\":\"https:\/\/louis-dubois.com\/?product=glace-the-matcha-bio-place-des-epices-drap#breadcrumb\",\"itemListElement\":[{\"@type\":\"ListItem\",\"position\":1,\"name\":\"Accueil\",\"item\":\"https:\/\/louis-dubois.com\/\"},{\"@type\":\"ListItem\",\"position\":2,\"name\":\"La boutique\",\"item\":\"https:\/\/louis-dubois.com\/?page_id=2932\"},{\"@type\":\"ListItem\",\"position\":3,\"name\":\"Glace Th\u00e9 Matcha Bio (Place des \u00e9pices &#8211; Drap)\"}]},{\"@type\":\"WebSite\",\"@id\":\"https:\/\/louis-dubois.com\/#website\",\"url\":\"https:\/\/louis-dubois.com\/\",\"name\":\"Louis Dubois Glacier - P\u00e2tissier\",\"description\":\"D\u00e9couvrez l\u2019excellence p\u00e2tissi\u00e8re et glac\u00e9e pour les professionnels sign\u00e9e Louis Dubois\",\"publisher\":{\"@id\":\"https:\/\/louis-dubois.com\/#\/schema\/person\/95357d5fcae5ab65b75e18ab948ced68\"},\"alternateName\":\"Louis Dubois Glacier - P\u00e2tissier\",\"potentialAction\":[{\"@type\":\"SearchAction\",\"target\":{\"@type\":\"EntryPoint\",\"urlTemplate\":\"https:\/\/louis-dubois.com\/?s={search_term_string}\"},\"query-input\":{\"@type\":\"PropertyValueSpecification\",\"valueRequired\":true,\"valueName\":\"search_term_string\"}}],\"inLanguage\":\"fr-FR\"},{\"@type\":[\"Person\",\"Organization\"],\"@id\":\"https:\/\/louis-dubois.com\/#\/schema\/person\/95357d5fcae5ab65b75e18ab948ced68\",\"name\":\"Ldubois\",\"image\":{\"@type\":\"ImageObject\",\"inLanguage\":\"fr-FR\",\"@id\":\"https:\/\/louis-dubois.com\/#\/schema\/person\/image\/\",\"url\":\"https:\/\/louis-dubois.com\/wp-content\/uploads\/2022\/08\/Logo-Or-titre.png\",\"contentUrl\":\"https:\/\/louis-dubois.com\/wp-content\/uploads\/2022\/08\/Logo-Or-titre.png\",\"width\":520,\"height\":669,\"caption\":\"Ldubois\"},\"logo\":{\"@id\":\"https:\/\/louis-dubois.com\/#\/schema\/person\/image\/\"},\"sameAs\":[\"https:\/\/louis-dubois.com\"]}]}<\/script>\n<!-- \/ Yoast SEO plugin. -->","yoast_head_json":{"title":"Glace Th\u00e9 Matcha Bio (Place des \u00e9pices - Drap) - Louis Dubois Glacier - P\u00e2tissier","robots":{"index":"index","follow":"follow","max-snippet":"max-snippet:-1","max-image-preview":"max-image-preview:large","max-video-preview":"max-video-preview:-1"},"canonical":"https:\/\/louis-dubois.com\/?product=glace-the-matcha-bio-place-des-epices-drap","og_locale":"fr_FR","og_type":"article","og_title":"Glace Th\u00e9 Matcha Bio (Place des \u00e9pices - Drap) - Louis Dubois Glacier - P\u00e2tissier","og_description":"Plongez dans une exp\u00e9rience glac\u00e9e d'une rare finesse avec notre glace au th\u00e9 matcha, \u00e9labor\u00e9e \u00e0 partir d\u2019un th\u00e9 rigoureusement s\u00e9lectionn\u00e9 par \u00ab\u00a0Place des \u00c9pices\u00a0\u00bb) \u00e0 Drap. Ce matcha d\u2019exception r\u00e9v\u00e8le une intensit\u00e9 v\u00e9g\u00e9tale pure, sans amertume excessive, sublim\u00e9e par une texture cr\u00e9meuse qui enrobe le palais. D\u00e8s la premi\u00e8re cuiller\u00e9e, les notes typiques de matcha fra\u00eeches, l\u00e9g\u00e8rement herbac\u00e9es, d\u2019une \u00e9l\u00e9gante profondeur s\u2019accordent avec la douceur de la glace pour offrir une d\u00e9gustation \u00e9quilibr\u00e9e, raffin\u00e9e et authentique. Chaque lot de th\u00e9 est choisi pour sa couleur \u00e9clatante, sa finesse aromatique et sa capacit\u00e9 \u00e0 conserver son temp\u00e9rament en pr\u00e9paration glac\u00e9e. R\u00e9sultat : une glace haute couture, pens\u00e9e pour les amateurs de matcha exigeants autant que pour les curieux en qu\u00eate d\u2019\u00e9motions nouvelles. Un moment de pure d\u00e9licatesse, o\u00f9 la pr\u00e9cision du th\u00e9 rencontre l\u2019art du froid.","og_url":"https:\/\/louis-dubois.com\/?product=glace-the-matcha-bio-place-des-epices-drap","og_site_name":"Louis Dubois Glacier - P\u00e2tissier","article_modified_time":"2025-12-10T19:33:15+00:00","og_image":[{"width":1200,"height":896,"url":"https:\/\/louis-dubois.com\/wp-content\/uploads\/2025\/12\/Glace-The-Matcha-1.png","type":"image\/png"}],"twitter_card":"summary_large_image","twitter_misc":{"Dur\u00e9e de lecture estim\u00e9e":"1 minute"},"schema":{"@context":"https:\/\/schema.org","@graph":[{"@type":"WebPage","@id":"https:\/\/louis-dubois.com\/?product=glace-the-matcha-bio-place-des-epices-drap","url":"https:\/\/louis-dubois.com\/?product=glace-the-matcha-bio-place-des-epices-drap","name":"Glace Th\u00e9 Matcha Bio (Place des \u00e9pices - Drap) - Louis Dubois Glacier - P\u00e2tissier","isPartOf":{"@id":"https:\/\/louis-dubois.com\/#website"},"primaryImageOfPage":{"@id":"https:\/\/louis-dubois.com\/?product=glace-the-matcha-bio-place-des-epices-drap#primaryimage"},"image":{"@id":"https:\/\/louis-dubois.com\/?product=glace-the-matcha-bio-place-des-epices-drap#primaryimage"},"thumbnailUrl":"https:\/\/louis-dubois.com\/wp-content\/uploads\/2025\/12\/Glace-The-Matcha-1.png","datePublished":"2025-12-10T08:52:10+00:00","dateModified":"2025-12-10T19:33:15+00:00","breadcrumb":{"@id":"https:\/\/louis-dubois.com\/?product=glace-the-matcha-bio-place-des-epices-drap#breadcrumb"},"inLanguage":"fr-FR","potentialAction":[{"@type":"ReadAction","target":["https:\/\/louis-dubois.com\/?product=glace-the-matcha-bio-place-des-epices-drap"]}]},{"@type":"ImageObject","inLanguage":"fr-FR","@id":"https:\/\/louis-dubois.com\/?product=glace-the-matcha-bio-place-des-epices-drap#primaryimage","url":"https:\/\/louis-dubois.com\/wp-content\/uploads\/2025\/12\/Glace-The-Matcha-1.png","contentUrl":"https:\/\/louis-dubois.com\/wp-content\/uploads\/2025\/12\/Glace-The-Matcha-1.png","width":1200,"height":896},{"@type":"BreadcrumbList","@id":"https:\/\/louis-dubois.com\/?product=glace-the-matcha-bio-place-des-epices-drap#breadcrumb","itemListElement":[{"@type":"ListItem","position":1,"name":"Accueil","item":"https:\/\/louis-dubois.com\/"},{"@type":"ListItem","position":2,"name":"La boutique","item":"https:\/\/louis-dubois.com\/?page_id=2932"},{"@type":"ListItem","position":3,"name":"Glace Th\u00e9 Matcha Bio (Place des \u00e9pices &#8211; Drap)"}]},{"@type":"WebSite","@id":"https:\/\/louis-dubois.com\/#website","url":"https:\/\/louis-dubois.com\/","name":"Louis Dubois Glacier - P\u00e2tissier","description":"D\u00e9couvrez l\u2019excellence p\u00e2tissi\u00e8re et glac\u00e9e pour les professionnels sign\u00e9e Louis Dubois","publisher":{"@id":"https:\/\/louis-dubois.com\/#\/schema\/person\/95357d5fcae5ab65b75e18ab948ced68"},"alternateName":"Louis Dubois Glacier - P\u00e2tissier","potentialAction":[{"@type":"SearchAction","target":{"@type":"EntryPoint","urlTemplate":"https:\/\/louis-dubois.com\/?s={search_term_string}"},"query-input":{"@type":"PropertyValueSpecification","valueRequired":true,"valueName":"search_term_string"}}],"inLanguage":"fr-FR"},{"@type":["Person","Organization"],"@id":"https:\/\/louis-dubois.com\/#\/schema\/person\/95357d5fcae5ab65b75e18ab948ced68","name":"Ldubois","image":{"@type":"ImageObject","inLanguage":"fr-FR","@id":"https:\/\/louis-dubois.com\/#\/schema\/person\/image\/","url":"https:\/\/louis-dubois.com\/wp-content\/uploads\/2022\/08\/Logo-Or-titre.png","contentUrl":"https:\/\/louis-dubois.com\/wp-content\/uploads\/2022\/08\/Logo-Or-titre.png","width":520,"height":669,"caption":"Ldubois"},"logo":{"@id":"https:\/\/louis-dubois.com\/#\/schema\/person\/image\/"},"sameAs":["https:\/\/louis-dubois.com"]}]}},"jetpack_sharing_enabled":true,"_links":{"self":[{"href":"https:\/\/louis-dubois.com\/index.php?rest_route=\/wp\/v2\/product\/4565","targetHints":{"allow":["GET"]}}],"collection":[{"href":"https:\/\/louis-dubois.com\/index.php?rest_route=\/wp\/v2\/product"}],"about":[{"href":"https:\/\/louis-dubois.com\/index.php?rest_route=\/wp\/v2\/types\/product"}],"replies":[{"embeddable":true,"href":"https:\/\/louis-dubois.com\/index.php?rest_route=%2Fwp%2Fv2%2Fcomments&post=4565"}],"version-history":[{"count":2,"href":"https:\/\/louis-dubois.com\/index.php?rest_route=\/wp\/v2\/product\/4565\/revisions"}],"predecessor-version":[{"id":4568,"href":"https:\/\/louis-dubois.com\/index.php?rest_route=\/wp\/v2\/product\/4565\/revisions\/4568"}],"wp:featuredmedia":[{"embeddable":true,"href":"https:\/\/louis-dubois.com\/index.php?rest_route=\/wp\/v2\/media\/4585"}],"wp:attachment":[{"href":"https:\/\/louis-dubois.com\/index.php?rest_route=%2Fwp%2Fv2%2Fmedia&parent=4565"}],"wp:term":[{"taxonomy":"product_brand","embeddable":true,"href":"https:\/\/louis-dubois.com\/index.php?rest_route=%2Fwp%2Fv2%2Fproduct_brand&post=4565"},{"taxonomy":"product_cat","embeddable":true,"href":"https:\/\/louis-dubois.com\/index.php?rest_route=%2Fwp%2Fv2%2Fproduct_cat&post=4565"},{"taxonomy":"product_tag","embeddable":true,"href":"https:\/\/louis-dubois.com\/index.php?rest_route=%2Fwp%2Fv2%2Fproduct_tag&post=4565"}],"curies":[{"name":"wp","href":"https:\/\/api.w.org\/{rel}","templated":true}]}}