{"id":4573,"date":"2025-12-10T11:54:56","date_gmt":"2025-12-10T10:54:56","guid":{"rendered":"https:\/\/louis-dubois.com\/?post_type=product&#038;p=4573"},"modified":"2025-12-10T12:24:05","modified_gmt":"2025-12-10T11:24:05","slug":"glace-the-earl-gray-jing-londre","status":"publish","type":"product","link":"https:\/\/louis-dubois.com\/?product=glace-the-earl-gray-jing-londre","title":{"rendered":"Glace Th\u00e9 Earl Gray (Jing Londres)"},"content":{"rendered":"","protected":false},"excerpt":{"rendered":"<p data-start=\"288\" data-end=\"522\">D\u00e9couvrez une cr\u00e9ation glac\u00e9e d\u2019une grande distinction : notre <strong data-start=\"351\" data-end=\"377\">glace au th\u00e9 Earl Grey<\/strong>, \u00e9labor\u00e9e \u00e0 partir d\u2019un th\u00e9 soigneusement s\u00e9lectionn\u00e9 par <strong data-start=\"436\" data-end=\"444\">Jing<\/strong>, la maison londonienne reconnue pour la puret\u00e9 et la finesse de ses feuilles.<\/p>\n<p data-start=\"524\" data-end=\"900\">Infus\u00e9 avec pr\u00e9cision, ce Earl Grey r\u00e9v\u00e8le toute la signature aromatique de la bergamote :<br data-start=\"614\" data-end=\"617\" \/>des notes <strong data-start=\"627\" data-end=\"676\">citr\u00e9es, lumineuses et d\u00e9licatement parfum\u00e9es<\/strong>, parfaitement \u00e9quilibr\u00e9es par la douceur de la cr\u00e8me glac\u00e9e.<br data-start=\"737\" data-end=\"740\" \/>Chaque cuiller\u00e9e offre une \u00e9l\u00e9gance subtile \u2014 la profondeur du th\u00e9 noir, la fra\u00eecheur de la bergamote et une texture velout\u00e9e qui prolonge les ar\u00f4mes en bouche.<\/p>\n<p data-start=\"902\" data-end=\"1100\">Cette glace premium incarne l\u2019alliance du savoir-faire artisanal et de l\u2019excellence du th\u00e9 :<br data-start=\"994\" data-end=\"997\" \/>une exp\u00e9rience raffin\u00e9e, moderne, pens\u00e9e pour les palais exigeants et les amateurs de th\u00e9s d\u2019exception.<\/p>\n<p data-start=\"1102\" data-end=\"1168\">Un v\u00e9ritable moment de gr\u00e2ce, o\u00f9 Londres rencontre l\u2019art du froid.<\/p>\n","protected":false},"featured_media":4574,"comment_status":"open","ping_status":"closed","template":"","meta":[],"product_brand":[],"product_cat":[92,22],"product_tag":[136,135],"class_list":{"0":"post-4573","1":"product","2":"type-product","3":"status-publish","4":"has-post-thumbnail","6":"product_cat-creations-signature","7":"product_cat-glace","8":"product_tag-earl-gray","9":"product_tag-the","11":"first","12":"instock","13":"taxable","14":"shipping-taxable","15":"product-type-simple"},"yoast_head":"<!-- This site is optimized with the Yoast SEO plugin v26.5 - https:\/\/yoast.com\/wordpress\/plugins\/seo\/ -->\n<title>Glace Th\u00e9 Earl Gray (Jing Londres) - Louis Dubois Glacier - P\u00e2tissier<\/title>\n<meta name=\"robots\" content=\"index, follow, max-snippet:-1, max-image-preview:large, max-video-preview:-1\" \/>\n<link rel=\"canonical\" href=\"https:\/\/louis-dubois.com\/?product=glace-the-earl-gray-jing-londre\" \/>\n<meta property=\"og:locale\" content=\"fr_FR\" \/>\n<meta property=\"og:type\" content=\"article\" \/>\n<meta property=\"og:title\" content=\"Glace Th\u00e9 Earl Gray (Jing Londres) - Louis Dubois Glacier - P\u00e2tissier\" \/>\n<meta property=\"og:description\" content=\"D\u00e9couvrez une cr\u00e9ation glac\u00e9e d\u2019une grande distinction : notre glace au th\u00e9 Earl Grey, \u00e9labor\u00e9e \u00e0 partir d\u2019un th\u00e9 soigneusement s\u00e9lectionn\u00e9 par Jing, la maison londonienne reconnue pour la puret\u00e9 et la finesse de ses feuilles. Infus\u00e9 avec pr\u00e9cision, ce Earl Grey r\u00e9v\u00e8le toute la signature aromatique de la bergamote :des notes citr\u00e9es, lumineuses et d\u00e9licatement parfum\u00e9es, parfaitement \u00e9quilibr\u00e9es par la douceur de la cr\u00e8me glac\u00e9e.Chaque cuiller\u00e9e offre une \u00e9l\u00e9gance subtile \u2014 la profondeur du th\u00e9 noir, la fra\u00eecheur de la bergamote et une texture velout\u00e9e qui prolonge les ar\u00f4mes en bouche. Cette glace premium incarne l\u2019alliance du savoir-faire artisanal et de l\u2019excellence du th\u00e9 :une exp\u00e9rience raffin\u00e9e, moderne, pens\u00e9e pour les palais exigeants et les amateurs de th\u00e9s d\u2019exception. Un v\u00e9ritable moment de gr\u00e2ce, o\u00f9 Londres rencontre l\u2019art du froid.\" \/>\n<meta property=\"og:url\" content=\"https:\/\/louis-dubois.com\/?product=glace-the-earl-gray-jing-londre\" \/>\n<meta property=\"og:site_name\" content=\"Louis Dubois Glacier - P\u00e2tissier\" \/>\n<meta property=\"article:modified_time\" content=\"2025-12-10T11:24:05+00:00\" \/>\n<meta property=\"og:image\" content=\"https:\/\/louis-dubois.com\/wp-content\/uploads\/2025\/12\/Glace-The-Earl-Gray.png\" \/>\n\t<meta property=\"og:image:width\" content=\"1200\" \/>\n\t<meta property=\"og:image:height\" content=\"896\" \/>\n\t<meta property=\"og:image:type\" content=\"image\/png\" \/>\n<meta name=\"twitter:card\" content=\"summary_large_image\" \/>\n<meta name=\"twitter:label1\" content=\"Dur\u00e9e de lecture estim\u00e9e\" \/>\n\t<meta name=\"twitter:data1\" content=\"1 minute\" \/>\n<script type=\"application\/ld+json\" class=\"yoast-schema-graph\">{\"@context\":\"https:\/\/schema.org\",\"@graph\":[{\"@type\":\"WebPage\",\"@id\":\"https:\/\/louis-dubois.com\/?product=glace-the-earl-gray-jing-londre\",\"url\":\"https:\/\/louis-dubois.com\/?product=glace-the-earl-gray-jing-londre\",\"name\":\"Glace Th\u00e9 Earl Gray (Jing Londres) - Louis Dubois Glacier - P\u00e2tissier\",\"isPartOf\":{\"@id\":\"https:\/\/louis-dubois.com\/#website\"},\"primaryImageOfPage\":{\"@id\":\"https:\/\/louis-dubois.com\/?product=glace-the-earl-gray-jing-londre#primaryimage\"},\"image\":{\"@id\":\"https:\/\/louis-dubois.com\/?product=glace-the-earl-gray-jing-londre#primaryimage\"},\"thumbnailUrl\":\"https:\/\/louis-dubois.com\/wp-content\/uploads\/2025\/12\/Glace-The-Earl-Gray.png\",\"datePublished\":\"2025-12-10T10:54:56+00:00\",\"dateModified\":\"2025-12-10T11:24:05+00:00\",\"breadcrumb\":{\"@id\":\"https:\/\/louis-dubois.com\/?product=glace-the-earl-gray-jing-londre#breadcrumb\"},\"inLanguage\":\"fr-FR\",\"potentialAction\":[{\"@type\":\"ReadAction\",\"target\":[\"https:\/\/louis-dubois.com\/?product=glace-the-earl-gray-jing-londre\"]}]},{\"@type\":\"ImageObject\",\"inLanguage\":\"fr-FR\",\"@id\":\"https:\/\/louis-dubois.com\/?product=glace-the-earl-gray-jing-londre#primaryimage\",\"url\":\"https:\/\/louis-dubois.com\/wp-content\/uploads\/2025\/12\/Glace-The-Earl-Gray.png\",\"contentUrl\":\"https:\/\/louis-dubois.com\/wp-content\/uploads\/2025\/12\/Glace-The-Earl-Gray.png\",\"width\":1200,\"height\":896},{\"@type\":\"BreadcrumbList\",\"@id\":\"https:\/\/louis-dubois.com\/?product=glace-the-earl-gray-jing-londre#breadcrumb\",\"itemListElement\":[{\"@type\":\"ListItem\",\"position\":1,\"name\":\"Accueil\",\"item\":\"https:\/\/louis-dubois.com\/\"},{\"@type\":\"ListItem\",\"position\":2,\"name\":\"La boutique\",\"item\":\"https:\/\/louis-dubois.com\/?page_id=2932\"},{\"@type\":\"ListItem\",\"position\":3,\"name\":\"Glace Th\u00e9 Earl Gray (Jing Londres)\"}]},{\"@type\":\"WebSite\",\"@id\":\"https:\/\/louis-dubois.com\/#website\",\"url\":\"https:\/\/louis-dubois.com\/\",\"name\":\"Louis Dubois Glacier - P\u00e2tissier\",\"description\":\"D\u00e9couvrez l\u2019excellence p\u00e2tissi\u00e8re et glac\u00e9e pour les professionnels sign\u00e9e Louis Dubois\",\"publisher\":{\"@id\":\"https:\/\/louis-dubois.com\/#\/schema\/person\/95357d5fcae5ab65b75e18ab948ced68\"},\"alternateName\":\"Louis Dubois Glacier - P\u00e2tissier\",\"potentialAction\":[{\"@type\":\"SearchAction\",\"target\":{\"@type\":\"EntryPoint\",\"urlTemplate\":\"https:\/\/louis-dubois.com\/?s={search_term_string}\"},\"query-input\":{\"@type\":\"PropertyValueSpecification\",\"valueRequired\":true,\"valueName\":\"search_term_string\"}}],\"inLanguage\":\"fr-FR\"},{\"@type\":[\"Person\",\"Organization\"],\"@id\":\"https:\/\/louis-dubois.com\/#\/schema\/person\/95357d5fcae5ab65b75e18ab948ced68\",\"name\":\"Ldubois\",\"image\":{\"@type\":\"ImageObject\",\"inLanguage\":\"fr-FR\",\"@id\":\"https:\/\/louis-dubois.com\/#\/schema\/person\/image\/\",\"url\":\"https:\/\/louis-dubois.com\/wp-content\/uploads\/2022\/08\/Logo-Or-titre.png\",\"contentUrl\":\"https:\/\/louis-dubois.com\/wp-content\/uploads\/2022\/08\/Logo-Or-titre.png\",\"width\":520,\"height\":669,\"caption\":\"Ldubois\"},\"logo\":{\"@id\":\"https:\/\/louis-dubois.com\/#\/schema\/person\/image\/\"},\"sameAs\":[\"https:\/\/louis-dubois.com\"]}]}<\/script>\n<!-- \/ Yoast SEO plugin. -->","yoast_head_json":{"title":"Glace Th\u00e9 Earl Gray (Jing Londres) - Louis Dubois Glacier - P\u00e2tissier","robots":{"index":"index","follow":"follow","max-snippet":"max-snippet:-1","max-image-preview":"max-image-preview:large","max-video-preview":"max-video-preview:-1"},"canonical":"https:\/\/louis-dubois.com\/?product=glace-the-earl-gray-jing-londre","og_locale":"fr_FR","og_type":"article","og_title":"Glace Th\u00e9 Earl Gray (Jing Londres) - Louis Dubois Glacier - P\u00e2tissier","og_description":"D\u00e9couvrez une cr\u00e9ation glac\u00e9e d\u2019une grande distinction : notre glace au th\u00e9 Earl Grey, \u00e9labor\u00e9e \u00e0 partir d\u2019un th\u00e9 soigneusement s\u00e9lectionn\u00e9 par Jing, la maison londonienne reconnue pour la puret\u00e9 et la finesse de ses feuilles. Infus\u00e9 avec pr\u00e9cision, ce Earl Grey r\u00e9v\u00e8le toute la signature aromatique de la bergamote :des notes citr\u00e9es, lumineuses et d\u00e9licatement parfum\u00e9es, parfaitement \u00e9quilibr\u00e9es par la douceur de la cr\u00e8me glac\u00e9e.Chaque cuiller\u00e9e offre une \u00e9l\u00e9gance subtile \u2014 la profondeur du th\u00e9 noir, la fra\u00eecheur de la bergamote et une texture velout\u00e9e qui prolonge les ar\u00f4mes en bouche. Cette glace premium incarne l\u2019alliance du savoir-faire artisanal et de l\u2019excellence du th\u00e9 :une exp\u00e9rience raffin\u00e9e, moderne, pens\u00e9e pour les palais exigeants et les amateurs de th\u00e9s d\u2019exception. Un v\u00e9ritable moment de gr\u00e2ce, o\u00f9 Londres rencontre l\u2019art du froid.","og_url":"https:\/\/louis-dubois.com\/?product=glace-the-earl-gray-jing-londre","og_site_name":"Louis Dubois Glacier - P\u00e2tissier","article_modified_time":"2025-12-10T11:24:05+00:00","og_image":[{"width":1200,"height":896,"url":"https:\/\/louis-dubois.com\/wp-content\/uploads\/2025\/12\/Glace-The-Earl-Gray.png","type":"image\/png"}],"twitter_card":"summary_large_image","twitter_misc":{"Dur\u00e9e de lecture estim\u00e9e":"1 minute"},"schema":{"@context":"https:\/\/schema.org","@graph":[{"@type":"WebPage","@id":"https:\/\/louis-dubois.com\/?product=glace-the-earl-gray-jing-londre","url":"https:\/\/louis-dubois.com\/?product=glace-the-earl-gray-jing-londre","name":"Glace Th\u00e9 Earl Gray (Jing Londres) - Louis Dubois Glacier - P\u00e2tissier","isPartOf":{"@id":"https:\/\/louis-dubois.com\/#website"},"primaryImageOfPage":{"@id":"https:\/\/louis-dubois.com\/?product=glace-the-earl-gray-jing-londre#primaryimage"},"image":{"@id":"https:\/\/louis-dubois.com\/?product=glace-the-earl-gray-jing-londre#primaryimage"},"thumbnailUrl":"https:\/\/louis-dubois.com\/wp-content\/uploads\/2025\/12\/Glace-The-Earl-Gray.png","datePublished":"2025-12-10T10:54:56+00:00","dateModified":"2025-12-10T11:24:05+00:00","breadcrumb":{"@id":"https:\/\/louis-dubois.com\/?product=glace-the-earl-gray-jing-londre#breadcrumb"},"inLanguage":"fr-FR","potentialAction":[{"@type":"ReadAction","target":["https:\/\/louis-dubois.com\/?product=glace-the-earl-gray-jing-londre"]}]},{"@type":"ImageObject","inLanguage":"fr-FR","@id":"https:\/\/louis-dubois.com\/?product=glace-the-earl-gray-jing-londre#primaryimage","url":"https:\/\/louis-dubois.com\/wp-content\/uploads\/2025\/12\/Glace-The-Earl-Gray.png","contentUrl":"https:\/\/louis-dubois.com\/wp-content\/uploads\/2025\/12\/Glace-The-Earl-Gray.png","width":1200,"height":896},{"@type":"BreadcrumbList","@id":"https:\/\/louis-dubois.com\/?product=glace-the-earl-gray-jing-londre#breadcrumb","itemListElement":[{"@type":"ListItem","position":1,"name":"Accueil","item":"https:\/\/louis-dubois.com\/"},{"@type":"ListItem","position":2,"name":"La boutique","item":"https:\/\/louis-dubois.com\/?page_id=2932"},{"@type":"ListItem","position":3,"name":"Glace Th\u00e9 Earl Gray (Jing Londres)"}]},{"@type":"WebSite","@id":"https:\/\/louis-dubois.com\/#website","url":"https:\/\/louis-dubois.com\/","name":"Louis Dubois Glacier - P\u00e2tissier","description":"D\u00e9couvrez l\u2019excellence p\u00e2tissi\u00e8re et glac\u00e9e pour les professionnels sign\u00e9e Louis Dubois","publisher":{"@id":"https:\/\/louis-dubois.com\/#\/schema\/person\/95357d5fcae5ab65b75e18ab948ced68"},"alternateName":"Louis Dubois Glacier - P\u00e2tissier","potentialAction":[{"@type":"SearchAction","target":{"@type":"EntryPoint","urlTemplate":"https:\/\/louis-dubois.com\/?s={search_term_string}"},"query-input":{"@type":"PropertyValueSpecification","valueRequired":true,"valueName":"search_term_string"}}],"inLanguage":"fr-FR"},{"@type":["Person","Organization"],"@id":"https:\/\/louis-dubois.com\/#\/schema\/person\/95357d5fcae5ab65b75e18ab948ced68","name":"Ldubois","image":{"@type":"ImageObject","inLanguage":"fr-FR","@id":"https:\/\/louis-dubois.com\/#\/schema\/person\/image\/","url":"https:\/\/louis-dubois.com\/wp-content\/uploads\/2022\/08\/Logo-Or-titre.png","contentUrl":"https:\/\/louis-dubois.com\/wp-content\/uploads\/2022\/08\/Logo-Or-titre.png","width":520,"height":669,"caption":"Ldubois"},"logo":{"@id":"https:\/\/louis-dubois.com\/#\/schema\/person\/image\/"},"sameAs":["https:\/\/louis-dubois.com"]}]}},"jetpack_sharing_enabled":true,"_links":{"self":[{"href":"https:\/\/louis-dubois.com\/index.php?rest_route=\/wp\/v2\/product\/4573","targetHints":{"allow":["GET"]}}],"collection":[{"href":"https:\/\/louis-dubois.com\/index.php?rest_route=\/wp\/v2\/product"}],"about":[{"href":"https:\/\/louis-dubois.com\/index.php?rest_route=\/wp\/v2\/types\/product"}],"replies":[{"embeddable":true,"href":"https:\/\/louis-dubois.com\/index.php?rest_route=%2Fwp%2Fv2%2Fcomments&post=4573"}],"version-history":[{"count":3,"href":"https:\/\/louis-dubois.com\/index.php?rest_route=\/wp\/v2\/product\/4573\/revisions"}],"predecessor-version":[{"id":4583,"href":"https:\/\/louis-dubois.com\/index.php?rest_route=\/wp\/v2\/product\/4573\/revisions\/4583"}],"wp:featuredmedia":[{"embeddable":true,"href":"https:\/\/louis-dubois.com\/index.php?rest_route=\/wp\/v2\/media\/4574"}],"wp:attachment":[{"href":"https:\/\/louis-dubois.com\/index.php?rest_route=%2Fwp%2Fv2%2Fmedia&parent=4573"}],"wp:term":[{"taxonomy":"product_brand","embeddable":true,"href":"https:\/\/louis-dubois.com\/index.php?rest_route=%2Fwp%2Fv2%2Fproduct_brand&post=4573"},{"taxonomy":"product_cat","embeddable":true,"href":"https:\/\/louis-dubois.com\/index.php?rest_route=%2Fwp%2Fv2%2Fproduct_cat&post=4573"},{"taxonomy":"product_tag","embeddable":true,"href":"https:\/\/louis-dubois.com\/index.php?rest_route=%2Fwp%2Fv2%2Fproduct_tag&post=4573"}],"curies":[{"name":"wp","href":"https:\/\/api.w.org\/{rel}","templated":true}]}}